{"id":1086,"date":"2018-09-25T10:50:57","date_gmt":"2018-09-25T10:50:57","guid":{"rendered":"https:\/\/gamblers-united.com\/ee\/?post_type=product&#038;p=1086"},"modified":"2019-01-28T13:21:37","modified_gmt":"2019-01-28T13:21:37","slug":"chanz","status":"publish","type":"product","link":"https:\/\/gamblers-united.com\/ee\/chanz\/","title":{"rendered":"Chanz"},"content":{"rendered":"<p>[vc_row][vc_column]<div class=\"rehub_bordered_block rh_listitem \"><div class=\"rh-flex-center-align rh-flex-justify-center mobileblockdisplay\"><div class=\"rh_listcolumn rh_listcolumn_image text-center\"><a href=\"https:\/\/gamblers-united.com\/ee\/go\/chanz\/\" target=\"_blank\" rel=\"nofollow\"><img src=\"https:\/\/gamblers-united.com\/ee\/wp-content\/uploads\/sites\/2\/2018\/09\/chanz.ee-kasiino.jpg\" alt=\"Chanz \u2013 saa 100 tasuta spinni ja 1000\u20ac boonust\" \/><\/a><\/div><div class=\"rh_listcolumn rh-flex-grow1 rh_listcolumn_text\"><div class=\"font120 fontbold rehub-main-font lineheight20\">Chanz \u2013 saa 100 tasuta spinni ja 1000\u20ac boonust<\/div><div class=\"mt10 greycolor font90 lineheight20\">Chanz kasiino pakub huvitavat tervitusboonust: Kuni 100 tasuta keerutust 1000\u20ac boonust<\/div><\/div><div class=\"rh_listcolumn rh_listcolumn_price text-center\"><\/div><div class=\"text-right-align rh_listcolumn_btn\"><div class=\"priced_block clearfix\"><div><a href=\"https:\/\/gamblers-united.com\/ee\/go\/chanz\/\" class=\"re_track_btn btn_offer_block\" target=\"_blank\" rel=\"nofollow\">M\u00e4ngi Kohe<\/a><\/div><\/div><\/div><\/div><\/div><div class=\"clearfix\"><\/div>[\/vc_column][\/vc_row][vc_row][vc_column][vc_column_text]<\/p>\n<h2><strong>CHANZ BOONUS ja tasuta spinnid<\/strong><\/h2>\n<p>Uutele m\u00e4ngijatele on Chanz loonud teretulemast paketi. Esimesele neljale sissemaksele on v\u00f5imalik lisaks teenida\u00a0kuni 100 \u20ac boonusraha ja kuni 300 tasuta spinni m\u00e4nguautomaatidel.<img loading=\"lazy\" class=\"size-medium wp-image-1097 alignleft\" src=\"https:\/\/gamblers-united.com\/ee\/wp-content\/uploads\/sites\/2\/2018\/09\/chanz-boonus-ja-tasuta-spinnid-300x230.jpg\" alt=\"\" width=\"300\" height=\"230\" srcset=\"https:\/\/gamblers-united.com\/ee\/wp-content\/uploads\/sites\/2\/2018\/09\/chanz-boonus-ja-tasuta-spinnid-300x230.jpg 300w, https:\/\/gamblers-united.com\/ee\/wp-content\/uploads\/sites\/2\/2018\/09\/chanz-boonus-ja-tasuta-spinnid-767x589.jpg 767w, https:\/\/gamblers-united.com\/ee\/wp-content\/uploads\/sites\/2\/2018\/09\/chanz-boonus-ja-tasuta-spinnid-1024x786.jpg 1024w, https:\/\/gamblers-united.com\/ee\/wp-content\/uploads\/sites\/2\/2018\/09\/chanz-boonus-ja-tasuta-spinnid-788x604.jpg 788w, https:\/\/gamblers-united.com\/ee\/wp-content\/uploads\/sites\/2\/2018\/09\/chanz-boonus-ja-tasuta-spinnid-599x460.jpg 599w, https:\/\/gamblers-united.com\/ee\/wp-content\/uploads\/sites\/2\/2018\/09\/chanz-boonus-ja-tasuta-spinnid.jpg 1041w\" sizes=\"(max-width: 300px) 100vw, 300px\" \/><\/p>\n<p>Esimesel sissemaksel on boonuskoodiga v\u00f5imalik kuni 100 \u20ac suurust sissemakset\u00a0 kahekordistada. Lisaks teenib kasutaja ka 50 tasuta spinni m\u00e4ngule\u00a0Aloha. Boonuse saamiseks tuleb esimese sissemakse tegemisel sisestada kood\u00a0<strong>CHANZ1<\/strong>. Kasutades teisel sissemaksel koodi <strong>CHANZ2<\/strong>,\u00a0 saab m\u00e4ngija juurde 50 tasuta spinni m\u00e4ngule Esqueleto Explosivo. Kolmandal sissemaksel on koodiga <strong>CHANZ3<\/strong>\u00a0v\u00f5imalik saada 50 tasuta spinni m\u00e4ngus\u00a0The Rift. Koodiga <strong>CHANZ4 <\/strong>saab neljandale sissemaksele\u00a0lisaks 150 tasuta spinni m\u00e4ngus\u00a0Starburst.<\/p>\n<p>Tervitusboonus ei ole aga ainus, mida kasiino pakub. Iga kuu toimub erinevaid kampaaniad ning v\u00f5imalik on saada ka s\u00f5prade pealt boonust. Kui s\u00f5ber liitub kutsuja spetsiaalse koodiga ning teeb 25-eurose sissemakse, saavad nii s\u00f5ber kui ka kutsuja 25 eurot boonusraha.<\/p>\n<h2><strong>Chanz internetikasiino mobiilis<\/strong><\/h2>\n<p>Oleks vast kummaline, kui t\u00e4nap\u00e4eval saaks netikasiinot kasutada vaid oma arvutis. Kuigi Chanzil pole enda mobiilirakendust, on veebileht mobiilis v\u00f5i tahvelarvutis sama funktsionaalne kui laua- v\u00f5i s\u00fclearvutis. Sellest omadusest annab m\u00e4rku ka veebilehe allserval olev m\u00e4rgike. Lisaks sellele on k\u00f5ik v\u00f5imalused ja kogu m\u00e4ngude valik mobiilseadmetes k\u00e4ttesaadavad. Chanz kasiino veebileht \u00fchildub tuntud operatsioonis\u00fcsteemidega: iOS, Android ja Windows Phone.<img loading=\"lazy\" class=\"size-thumbnail wp-image-1098 alignright\" src=\"https:\/\/gamblers-united.com\/ee\/wp-content\/uploads\/sites\/2\/2018\/09\/chanz-mobiilis-150x150.png\" alt=\"chanz mobiilis\" width=\"150\" height=\"150\" srcset=\"https:\/\/gamblers-united.com\/ee\/wp-content\/uploads\/sites\/2\/2018\/09\/chanz-mobiilis-150x150.png 150w, https:\/\/gamblers-united.com\/ee\/wp-content\/uploads\/sites\/2\/2018\/09\/chanz-mobiilis-300x300.png 300w, https:\/\/gamblers-united.com\/ee\/wp-content\/uploads\/sites\/2\/2018\/09\/chanz-mobiilis-768x768.png 768w, https:\/\/gamblers-united.com\/ee\/wp-content\/uploads\/sites\/2\/2018\/09\/chanz-mobiilis-1024x1024.png 1024w, https:\/\/gamblers-united.com\/ee\/wp-content\/uploads\/sites\/2\/2018\/09\/chanz-mobiilis-788x788.png 788w, https:\/\/gamblers-united.com\/ee\/wp-content\/uploads\/sites\/2\/2018\/09\/chanz-mobiilis-600x600.png 600w, https:\/\/gamblers-united.com\/ee\/wp-content\/uploads\/sites\/2\/2018\/09\/chanz-mobiilis-100x100.png 100w, https:\/\/gamblers-united.com\/ee\/wp-content\/uploads\/sites\/2\/2018\/09\/chanz-mobiilis.png 256w\" sizes=\"(max-width: 150px) 100vw, 150px\" \/><\/p>\n<p>Nii on v\u00f5imalik\u00a0<em>online<\/em>-kasiino valikut nautida igal ajal ning igal pool!<\/p>\n<h2><strong>CHANZ.ee M\u00c4NGUD<\/strong><\/h2>\n<p>Chanzi \u00a0m\u00e4nguvalikus leidub \u00fcle 200 erineva m\u00e4ngu. Saadaval on hulgaliselt maailmakuulsate m\u00e4ngutootjate Netent, Microgaming, Thunderkick ja Allwilds m\u00e4nge. Samas on ka v\u00f5imalik proovida \u00f5nne m\u00f5nes Chanzi enda loodud m\u00e4ngus, mida mujal proovida ei saa. <img loading=\"lazy\" class=\"size-medium wp-image-1099 alignleft\" src=\"https:\/\/gamblers-united.com\/ee\/wp-content\/uploads\/sites\/2\/2018\/09\/chanz.ee-m\u00e4ngud-300x148.jpg\" alt=\"chanz.ee m\u00e4ngud\" width=\"300\" height=\"148\" srcset=\"https:\/\/gamblers-united.com\/ee\/wp-content\/uploads\/sites\/2\/2018\/09\/chanz.ee-m\u00e4ngud-300x148.jpg 300w, https:\/\/gamblers-united.com\/ee\/wp-content\/uploads\/sites\/2\/2018\/09\/chanz.ee-m\u00e4ngud-767x378.jpg 767w, https:\/\/gamblers-united.com\/ee\/wp-content\/uploads\/sites\/2\/2018\/09\/chanz.ee-m\u00e4ngud-1024x505.jpg 1024w, https:\/\/gamblers-united.com\/ee\/wp-content\/uploads\/sites\/2\/2018\/09\/chanz.ee-m\u00e4ngud-788x388.jpg 788w, https:\/\/gamblers-united.com\/ee\/wp-content\/uploads\/sites\/2\/2018\/09\/chanz.ee-m\u00e4ngud-598x295.jpg 598w, https:\/\/gamblers-united.com\/ee\/wp-content\/uploads\/sites\/2\/2018\/09\/chanz.ee-m\u00e4ngud.jpg 1077w\" sizes=\"(max-width: 300px) 100vw, 300px\" \/><\/p>\n<h3><span style=\"color: #263813;\">Slotid<\/span><\/h3>\n<p>Enamiku pakutavatest m\u00e4ngudest moodustavad slotim\u00e4ngud. Nende seas on k\u00f5ik tuttavad nimed, nagu n\u00e4iteks Aloha, Mega Moolah, Gonzo\u2019s Quest ja teised. Slotikate k\u00f5rval leidub ka <em>live<\/em>-kasiino m\u00e4nge. Neid on kokku 5: rulett, automaatne rulett, Blackjack, VIP Blackjack ja Common Draw Blackjack.<\/p>\n<h3><span style=\"color: #263813;\"><strong>Chanzpool<\/strong><\/span><\/h3>\n<p>Chanz pakub m\u00e4ngijatele enda loodud interaktiivset spordiennustust Chanzpool. See on sotsiaalne spordiennustus, kus saab teiste m\u00e4ngijatega koos teha spordis\u00fcndmustele ennustusi. Iga m\u00e4ngija investeerib \u00fchisesse auhinnafondi 5\u201310 \u20ac ning kogunenud auhinnafondi v\u00f5idab m\u00e4ngija, kes tegi k\u00f5ige t\u00e4psemad ennustused.<\/p>\n<h2><strong>Chanz kontakt ja klienditugi<\/strong><\/h2>\n<p>Chanzi kodulehel puudub ulatuslik korduma kippuvate k\u00fcsimuste lehek\u00fclg, esilehel on v\u00e4lja toodud vaid m\u00f5ned k\u00fcsimused. See-eest on abi v\u00f5imalik saada kiiresti, kuna Chanz.ee pakub v\u00f5imalust vestelda klienditoega reaalajas. Klienditugi t\u00f6\u00f6tab \u00f6\u00f6p\u00e4ev ringi ning klienditoespetsialistid suhtlevad eesti, inglise, norra, rootsi v\u00f5i soome keeles. Samuti v\u00f5ib k\u00fcsimused saata meilile. Erinevalt m\u00f5nest teisest veebikasiinost aga ei paku nad kasutajatuge telefoni teel.<img loading=\"lazy\" class=\"size-medium wp-image-1100 alignright\" src=\"https:\/\/gamblers-united.com\/ee\/wp-content\/uploads\/sites\/2\/2018\/09\/chanz-kontakt-ja-klienditugi-300x247.jpg\" alt=\"\" width=\"300\" height=\"247\" srcset=\"https:\/\/gamblers-united.com\/ee\/wp-content\/uploads\/sites\/2\/2018\/09\/chanz-kontakt-ja-klienditugi-300x247.jpg 300w, https:\/\/gamblers-united.com\/ee\/wp-content\/uploads\/sites\/2\/2018\/09\/chanz-kontakt-ja-klienditugi-767x631.jpg 767w, https:\/\/gamblers-united.com\/ee\/wp-content\/uploads\/sites\/2\/2018\/09\/chanz-kontakt-ja-klienditugi-1024x842.jpg 1024w, https:\/\/gamblers-united.com\/ee\/wp-content\/uploads\/sites\/2\/2018\/09\/chanz-kontakt-ja-klienditugi-788x647.jpg 788w, https:\/\/gamblers-united.com\/ee\/wp-content\/uploads\/sites\/2\/2018\/09\/chanz-kontakt-ja-klienditugi-600x493.jpg 600w, https:\/\/gamblers-united.com\/ee\/wp-content\/uploads\/sites\/2\/2018\/09\/chanz-kontakt-ja-klienditugi.jpg 821w\" sizes=\"(max-width: 300px) 100vw, 300px\" \/><\/p>\n<h3><strong><span style=\"color: #263813;\">Kontakt<\/span>:<\/strong><\/h3>\n<p>Telefon: puudub<\/p>\n<p>Meiliaadress: support@chanz.com<\/p>\n<p>Reaalajas klienditugi: veebilehe paremal alumises nurgas<\/p>\n<h2><strong>Chanz VIP-Programm<\/strong><\/h2>\n<p>K\u00f5ik Chanz kasiino m\u00e4ngijad liidetakse automaatselt VIP-programmi ehk lojaalsusprogrammiga. Iga kord, kui kasutaja logib Chanzi sisse, m\u00e4ngib kasiinos, teeb sissemakseid v\u00f5i kutsub oma s\u00f5pru liituma, teenib ta lojaalsuspunkte.<img loading=\"lazy\" class=\"size-thumbnail wp-image-1101 alignleft\" src=\"https:\/\/gamblers-united.com\/ee\/wp-content\/uploads\/sites\/2\/2018\/09\/chanz-vip-150x150.png\" alt=\"chanz vip\" width=\"150\" height=\"150\" srcset=\"https:\/\/gamblers-united.com\/ee\/wp-content\/uploads\/sites\/2\/2018\/09\/chanz-vip-150x150.png 150w, https:\/\/gamblers-united.com\/ee\/wp-content\/uploads\/sites\/2\/2018\/09\/chanz-vip-300x300.png 300w, https:\/\/gamblers-united.com\/ee\/wp-content\/uploads\/sites\/2\/2018\/09\/chanz-vip-768x768.png 768w, https:\/\/gamblers-united.com\/ee\/wp-content\/uploads\/sites\/2\/2018\/09\/chanz-vip-1024x1024.png 1024w, https:\/\/gamblers-united.com\/ee\/wp-content\/uploads\/sites\/2\/2018\/09\/chanz-vip-788x788.png 788w, https:\/\/gamblers-united.com\/ee\/wp-content\/uploads\/sites\/2\/2018\/09\/chanz-vip-600x600.png 600w, https:\/\/gamblers-united.com\/ee\/wp-content\/uploads\/sites\/2\/2018\/09\/chanz-vip-100x100.png 100w, https:\/\/gamblers-united.com\/ee\/wp-content\/uploads\/sites\/2\/2018\/09\/chanz-vip.png 256w\" sizes=\"(max-width: 150px) 100vw, 150px\" \/> T\u00f5ustes VIP-tasemel k\u00f5rgemale, saab m\u00e4ngija vahvaid boonuseid: tasuta spinne, boonuraha ja palju muud.<\/p>\n<h3><span style=\"color: #263813;\"><strong>KORDUMA KIPPUVAD K\u00dcSIMUSED<\/strong><\/span><\/h3>\n<p>[\/vc_column_text][\/vc_column][\/vc_row][vc_row][vc_column][vc_toggle title=&#8221;Kui vana pean olema Chanzi internetikasiinos konto avamiseks?&#8221; open=&#8221;true&#8221;]Eesti elanikud peavad olema v\u00e4hemalt 18 aastat vanad Chanzpooli m\u00e4ngimiseks ning v\u00e4hemalt 21 aastat vanad \u00f5nnem\u00e4ngude m\u00e4ngimiseks. Teiste riikide elanikud peavad olema v\u00e4hemalt 18 aastat vana nii pooli kui \u00f5nnem\u00e4ngude m\u00e4ngimiseks. Eri riikide seadustest olenevalt v\u00f5ib olla erandeid.[\/vc_toggle][vc_toggle title=&#8221;Millised on sisse- ja v\u00e4ljamakse v\u00f5imalused?&#8221; open=&#8221;true&#8221;]Kasiino pakub sisse- ja v\u00e4ljamakseteks k\u00f5iki Eestis enimlevinud maksemeetodeid: Swedbank, SEB ja LHV internetipanga \u00fclekanded, VISA krediitkaardid ja Skrill e-rahakoti maksed. V\u00e4ljamaksed pangakontodele tehakse \u00fcldjuhul vaid paari tunni jooksul, mis on v\u00e4ga kiire.[\/vc_toggle][vc_toggle title=&#8221;Asun Eestist v\u00e4ljaspool, kas saan ikkagi Chanzi kasutada?&#8221; open=&#8221;true&#8221;]Chanzi teenuseid ei ole lubatud kasutada f\u00fc\u00fcsilistel isikutel, kes asuvad j\u00e4rgmistes riikides:<br \/>\nAfganistan, Al\u017eeeria, Ameerika Samoa, Ameerika \u00dchendriigid (sh \u00fclemereterritooriumid), Angoola, Araabia \u00dchendemiraadid, Bahrein, Belgia, Kuuba, T\u0161ehhi Vabariik, Taani, Eritrea, Etioopia, Prantsusmaa, Saksamaa, Guam, Hong Kong, Indoneesia, Iraak, Iraan, Itaalia, Jeemen, Jordaania, Katar, Kuveit, Liib\u00fca, L\u00f5una- Sudaan, Malaisia, Maroko, Marshalli saared, Mauritaania, Mauritius, Neitsisaared (US), Norfolki saared, Omaan, P\u00f5hja-Korea, P\u00f5hja-Mariaani saared, Pakistan, Puertoriiko, Ruanda, Saudi Araabia, Somaalia, Sudaan, S\u00fc\u00fcria, Hispaania, Tuneesia, T\u00fcrgi, \u00dchendkuningriik.[\/vc_toggle][vc_toggle title=&#8221;Kas saan enne registreerimist m\u00e4nge tasuta proovida?&#8221; open=&#8221;true&#8221;]Jah. Kodulehel on v\u00f5imalik esialgu m\u00e4nge tasuta proovida.[\/vc_toggle][vc_toggle title=&#8221;Mis juhtub, kui ei soovi enam Chanzi teenuseid kasutada?&#8221; open=&#8221;true&#8221;]Teenuste kasutamise v\u00f5ib igal ajal l\u00f5petada, kuid t\u00e4htis on teada, et see v\u00f5ib endaga kaasa tuua mitteaktiivse konto haldustasu. Kui kasutaja ei soovi kindlasti enam kontot kasutada, tuleks see l\u00f5plikult sulgeda. Selleks tuleb v\u00f5tta \u00fchendust klienditoega.[\/vc_toggle]<div class=\"rehub_bordered_block rh_listitem \"><div class=\"rh-flex-center-align rh-flex-justify-center mobileblockdisplay\"><div class=\"rh_listcolumn rh_listcolumn_image text-center\"><a href=\"https:\/\/gamblers-united.com\/ee\/go\/chanz\/\" target=\"_blank\" rel=\"nofollow\"><img src=\"https:\/\/gamblers-united.com\/ee\/wp-content\/uploads\/sites\/2\/2018\/09\/chanz.ee-kasiino.jpg\" alt=\"Chanz \u2013 saa 100 tasuta spinni ja 1000\u20ac boonust\" \/><\/a><\/div><div class=\"rh_listcolumn rh-flex-grow1 rh_listcolumn_text\"><div class=\"font120 fontbold rehub-main-font lineheight20\">Chanz \u2013 saa 100 tasuta spinni ja 1000\u20ac boonust<\/div><div class=\"mt10 greycolor font90 lineheight20\">Chanz kasiino pakub huvitavat tervitusboonust: Kuni 100 tasuta keerutust 1000\u20ac boonusraha<\/div><\/div><div class=\"rh_listcolumn rh_listcolumn_price text-center\"><\/div><div class=\"text-right-align rh_listcolumn_btn\"><div class=\"priced_block clearfix\"><div><a href=\"https:\/\/gamblers-united.com\/ee\/go\/chanz\/\" class=\"re_track_btn btn_offer_block\" target=\"_blank\" rel=\"nofollow\">M\u00e4ngi Kohe<\/a><\/div><\/div><\/div><\/div><\/div><div class=\"clearfix\"><\/div>[\/vc_column][\/vc_row]<\/p>\n","protected":false},"excerpt":{"rendered":"<h1><strong>CHANZ CASINO \u2013 EESTI ESIMENE SOTSIAALNE INTERNETIKASIINO<\/strong><\/h1>\n<p>Chanz on Eesti esimene sotsiaalne <a href=\"https:\/\/gamblers-united.com\/ee\/\">internetikasiino<\/a>. Kasutajad saavad lisada teisi m\u00e4ngijaid s\u00f5bralisti, vahetada s\u00f5numeid ning kutsuda neid duellile. Kasutajal on v\u00f5imalik valida, kas soovib m\u00e4ngida \u00fcksi v\u00f5i luua oma s\u00f5prade klubi, kellega koos aega veeta, suhelda ning m\u00e4nge nautida.<\/p>\n<p>Omanikuks on Dreambox Games O\u00dc, mille peakontor asub siinsamas Eesti peallinnas Tallinnas! Chanz tegutseb Eesti Maksu- ja Tolliameti litsentsi alusel.<\/p>\n<p>Casinosenpai annab selles artiklis \u00fclevaate Chanzi internetikasiino olemusest: milliseid m\u00e4nge seal leidub, kas kasiinot saab ka mobiilis kasutada, millised boonused on saadaval ja palju muud. Teiste seas arvustame ka n\u00e4iteks kasiinosid nagu <a href=\"https:\/\/gamblers-united.com\/ee\/betsafe\/\">Betsafe kasiino<\/a>, <a href=\"https:\/\/gamblers-united.com\/ee\/coolbet\/\">Coolbet<\/a> ja <a href=\"https:\/\/gamblers-united.com\/ee\/kingswin\/\">Kingswin<\/a>.<\/p>\n","protected":false},"featured_media":1661,"comment_status":"open","ping_status":"closed","template":"","meta":[],"yoast_head":"<!-- This site is optimized with the Yoast SEO plugin v15.1.1 - https:\/\/yoast.com\/wordpress\/plugins\/seo\/ -->\n<title>Chanz Eesti Kasiino \u00bb 300 Tasuta Spinni \u00bb 100 Eurot Siit!<\/title>\n<meta name=\"description\" content=\"Chanz sotsiaalne kasiino, esimene taoline kasiino. Loe arvustust ja liitu Casinosenpai kaudu ning saa 300 tasuta spinni ja 100 eurot!\" \/>\n<meta name=\"robots\" content=\"index, follow, max-snippet:-1, max-image-preview:large, max-video-preview:-1\" \/>\n<link rel=\"canonical\" href=\"https:\/\/gamblers-united.com\/ee\/chanz\/\" \/>\n<meta property=\"og:locale\" content=\"et_EE\" \/>\n<meta property=\"og:type\" content=\"article\" \/>\n<meta property=\"og:title\" content=\"Chanz Eesti Kasiino \u00bb 300 Tasuta Spinni \u00bb 100 Eurot Siit!\" \/>\n<meta property=\"og:description\" content=\"Chanz sotsiaalne kasiino, esimene taoline kasiino. Loe arvustust ja liitu Casinosenpai kaudu ning saa 300 tasuta spinni ja 100 eurot!\" \/>\n<meta property=\"og:url\" content=\"https:\/\/gamblers-united.com\/ee\/chanz\/\" \/>\n<meta property=\"og:site_name\" content=\"Estonia\" \/>\n<meta property=\"article:modified_time\" content=\"2019-01-28T13:21:37+00:00\" \/>\n<meta property=\"og:image\" content=\"https:\/\/gamblers-united.com\/ee\/wp-content\/uploads\/sites\/2\/2018\/09\/chanz-1.jpg\" \/>\n\t<meta property=\"og:image:width\" content=\"1600\" \/>\n\t<meta property=\"og:image:height\" content=\"900\" \/>\n<meta name=\"twitter:card\" content=\"summary_large_image\" \/>\n<script type=\"application\/ld+json\" class=\"yoast-schema-graph\">{\"@context\":\"https:\/\/schema.org\",\"@graph\":[{\"@type\":\"WebSite\",\"@id\":\"https:\/\/gamblers-united.com\/ee\/#website\",\"url\":\"https:\/\/gamblers-united.com\/ee\/\",\"name\":\"Estonia\",\"description\":\"Just another Markets site\",\"potentialAction\":[{\"@type\":\"SearchAction\",\"target\":\"https:\/\/gamblers-united.com\/ee\/?s={search_term_string}\",\"query-input\":\"required name=search_term_string\"}],\"inLanguage\":\"et\"},{\"@type\":\"ImageObject\",\"@id\":\"https:\/\/gamblers-united.com\/ee\/chanz\/#primaryimage\",\"inLanguage\":\"et\",\"url\":\"https:\/\/gamblers-united.com\/ee\/wp-content\/uploads\/sites\/2\/2018\/09\/chanz-1.jpg\",\"width\":1600,\"height\":900,\"caption\":\"chanz\"},{\"@type\":\"WebPage\",\"@id\":\"https:\/\/gamblers-united.com\/ee\/chanz\/#webpage\",\"url\":\"https:\/\/gamblers-united.com\/ee\/chanz\/\",\"name\":\"Chanz Eesti Kasiino \\u00bb 300 Tasuta Spinni \\u00bb 100 Eurot Siit!\",\"isPartOf\":{\"@id\":\"https:\/\/gamblers-united.com\/ee\/#website\"},\"primaryImageOfPage\":{\"@id\":\"https:\/\/gamblers-united.com\/ee\/chanz\/#primaryimage\"},\"datePublished\":\"2018-09-25T10:50:57+00:00\",\"dateModified\":\"2019-01-28T13:21:37+00:00\",\"description\":\"Chanz sotsiaalne kasiino, esimene taoline kasiino. Loe arvustust ja liitu Casinosenpai kaudu ning saa 300 tasuta spinni ja 100 eurot!\",\"breadcrumb\":{\"@id\":\"https:\/\/gamblers-united.com\/ee\/chanz\/#breadcrumb\"},\"inLanguage\":\"et\",\"potentialAction\":[{\"@type\":\"ReadAction\",\"target\":[\"https:\/\/gamblers-united.com\/ee\/chanz\/\"]}]},{\"@type\":\"BreadcrumbList\",\"@id\":\"https:\/\/gamblers-united.com\/ee\/chanz\/#breadcrumb\",\"itemListElement\":[{\"@type\":\"ListItem\",\"position\":1,\"item\":{\"@type\":\"WebPage\",\"@id\":\"https:\/\/gamblers-united.com\/ee\/\",\"url\":\"https:\/\/gamblers-united.com\/ee\/\",\"name\":\"Kasiinod\"}},{\"@type\":\"ListItem\",\"position\":2,\"item\":{\"@type\":\"WebPage\",\"@id\":\"https:\/\/gamblers-united.com\/ee\/shop\/\",\"url\":\"https:\/\/gamblers-united.com\/ee\/shop\/\",\"name\":\"Tooted\"}},{\"@type\":\"ListItem\",\"position\":3,\"item\":{\"@type\":\"WebPage\",\"@id\":\"https:\/\/gamblers-united.com\/ee\/chanz\/\",\"url\":\"https:\/\/gamblers-united.com\/ee\/chanz\/\",\"name\":\"Chanz\"}}]}]}<\/script>\n<!-- \/ Yoast SEO plugin. -->","_links":{"self":[{"href":"https:\/\/gamblers-united.com\/ee\/wp-json\/wp\/v2\/product\/1086"}],"collection":[{"href":"https:\/\/gamblers-united.com\/ee\/wp-json\/wp\/v2\/product"}],"about":[{"href":"https:\/\/gamblers-united.com\/ee\/wp-json\/wp\/v2\/types\/product"}],"replies":[{"embeddable":true,"href":"https:\/\/gamblers-united.com\/ee\/wp-json\/wp\/v2\/comments?post=1086"}],"wp:featuredmedia":[{"embeddable":true,"href":"https:\/\/gamblers-united.com\/ee\/wp-json\/wp\/v2\/media\/1661"}],"wp:attachment":[{"href":"https:\/\/gamblers-united.com\/ee\/wp-json\/wp\/v2\/media?parent=1086"}],"curies":[{"name":"wp","href":"https:\/\/api.w.org\/{rel}","templated":true}]}}