{"id":1087,"date":"2018-09-25T10:50:58","date_gmt":"2018-09-25T10:50:58","guid":{"rendered":"https:\/\/gamblers-united.com\/ee\/?post_type=product&#038;p=1087"},"modified":"2020-02-07T00:08:00","modified_gmt":"2020-02-07T00:08:00","slug":"coolbet","status":"publish","type":"product","link":"https:\/\/gamblers-united.com\/ee\/coolbet\/","title":{"rendered":"Coolbet"},"content":{"rendered":"<p>[vc_row][vc_column]<div class=\"rehub_bordered_block rh_listitem \"><div class=\"rh-flex-center-align rh-flex-justify-center mobileblockdisplay\"><div class=\"rh_listcolumn rh_listcolumn_image text-center\"><a href=\"https:\/\/gamblers-united.com\/ee\/go\/coolbet\/\" target=\"_blank\" rel=\"nofollow\"><img src=\"https:\/\/gamblers-united.com\/ee\/wp-content\/uploads\/sites\/2\/2018\/09\/coolbet.ee-kasiino.jpg\" alt=\"Coolbet \u2013100% ine boonus 150 euro ulatuses ning 200 tasuta spinni\" \/><\/a><\/div><div class=\"rh_listcolumn rh-flex-grow1 rh_listcolumn_text\"><div class=\"font120 fontbold rehub-main-font lineheight20\">Coolbet \u2013100% ine boonus 150 euro ulatuses ning 200 tasuta spinni<\/div><div class=\"mt10 greycolor font90 lineheight20\">Coolbet kasiino annab igale uuele tulijale vinge boonuse: 200 tasuta spinni kuulub tervitusboonusesse.<\/div><\/div><div class=\"rh_listcolumn rh_listcolumn_price text-center\"><\/div><div class=\"text-right-align rh_listcolumn_btn\"><div class=\"priced_block clearfix\"><div><a href=\"https:\/\/gamblers-united.com\/ee\/go\/coolbet\/\" class=\"re_track_btn btn_offer_block\" target=\"_blank\" rel=\"nofollow\">M\u00e4ngi Kohe<\/a><\/div><\/div><\/div><\/div><\/div><div class=\"clearfix\"><\/div>[\/vc_column][\/vc_row][vc_row][vc_column][vc_column_text]<\/p>\n<p>Coolbeti juhtkond m\u00f5istab, et just m\u00e4ngijad on need, kes maksavad neile palka ning seet\u00f5ttu v\u00e4\u00e4rivad kliendid \u00f5iglast ja ausat suhet. Kui netikasiino \u00e4ris on keskmine kasumimarginaal 8-9%, mida <a href=\"https:\/\/gamblers-united.com\/ee\/\">internetikasiinod<\/a> teenivad, siis nemad peavad seda liiga k\u00f5rgeks. Nad otsustasid viia enda marginaali 3-4% vahele ehk m\u00e4ngijad saavad v\u00f5ita rohkem raha. See t\u00e4hendab, et panustatud 100 \u20ac pealt v\u00f5taksid teised firmad endale 8-9 \u20ac, Coolbet aga vaid 3-4 \u20ac.<\/p>\n<p>Coolbet tahab turul olla teistest erinev. Nad usuvad, et hetkel on turul liiga palju v\u00f5imalusi, mille peale panustada. Kasiino on v\u00e4hendanud ennustusv\u00f5imaluste arvu ning tahavad selle asemel olla valdkonna parimad.<\/p>\n<p>Tundub, et nende p\u00f5him\u00f5tted on kandnud vilja, kuna 2018. aastal valis Norra panustamisajakiri TIPS Coolbeti maailma parimaks kihlveokontoriks. Coolbet on esimene kihlveokontor viimase 10-12 aasta jooksul, kus on peamine r\u00f5hk just spordiennustusele.<\/p>\n<p>Meie artikkel aitab otsustada, kas nende kasiino v\u00f5ib olla \u00f5ige internetikasiino just Teile. Anname \u00fclevaate omaduste kohta, pakutavatest m\u00e4ngudest, boonustest ja paljust muust. M\u00f5ned teised, keda arvustanud oleme on n\u00e4iteks <a href=\"https:\/\/gamblers-united.com\/ee\/paf\/\">Paf kasiino<\/a>, <a href=\"https:\/\/gamblers-united.com\/ee\/tonybet\/\">tonybet<\/a> ja <a href=\"https:\/\/gamblers-united.com\/ee\/chanz\/\">chanz<\/a><\/p>\n<h2><strong>Coolbet boonuskood ja tasuta spinnid<\/strong><\/h2>\n<p>Coolbet pakub oma m\u00e4ngijatele mitmeid erinevaid boonused ja kampaaniaid. Need on v\u00f5imalik leida netikasiino avalehel klikkides nupule &#8220;Kampaaniad&#8221;. Artikli kirjutamise ajal pakkus Coolbet kasutajatele lausa 18 kampaaniat.<img loading=\"lazy\" class=\"alignleft wp-image-1090 size-medium\" src=\"https:\/\/gamblers-united.com\/ee\/wp-content\/uploads\/sites\/2\/2018\/09\/coolbet-boonuskood-ja-tasuta-spinnid-300x189.jpg\" alt=\"\" width=\"300\" height=\"189\" srcset=\"https:\/\/gamblers-united.com\/ee\/wp-content\/uploads\/sites\/2\/2018\/09\/coolbet-boonuskood-ja-tasuta-spinnid-300x189.jpg 300w, https:\/\/gamblers-united.com\/ee\/wp-content\/uploads\/sites\/2\/2018\/09\/coolbet-boonuskood-ja-tasuta-spinnid-768x484.jpg 768w, https:\/\/gamblers-united.com\/ee\/wp-content\/uploads\/sites\/2\/2018\/09\/coolbet-boonuskood-ja-tasuta-spinnid-1024x645.jpg 1024w, https:\/\/gamblers-united.com\/ee\/wp-content\/uploads\/sites\/2\/2018\/09\/coolbet-boonuskood-ja-tasuta-spinnid-788x496.jpg 788w, https:\/\/gamblers-united.com\/ee\/wp-content\/uploads\/sites\/2\/2018\/09\/coolbet-boonuskood-ja-tasuta-spinnid-600x378.jpg 600w, https:\/\/gamblers-united.com\/ee\/wp-content\/uploads\/sites\/2\/2018\/09\/coolbet-boonuskood-ja-tasuta-spinnid.jpg 1531w\" sizes=\"(max-width: 300px) 100vw, 300px\" \/><\/p>\n<p>K\u00f5igile uutele liitujatele kingib kasiino 10 tasuta spinni slotikale Starbust, mille saab m\u00e4ngija k\u00e4tte kohe peale konto avamist. Tuleks muidugi silmas pidada, et kui enne spinnide kasutamist ei ole sissemakset tehtud, saab v\u00f5itudest v\u00e4lja v\u00f5tta kuni 500 \u20ac, \u00fclej\u00e4\u00e4nu loovutatakse. See-eest puuduvad tasuta spinnidega saadud v\u00f5itudele t\u00e4iendavad l\u00e4bim\u00e4ngimistingimused!<\/p>\n<p>Lisaks on uutel m\u00e4ngijatel v\u00f5imalus saada kasiino ja spordiennustuse tervitusboonuseid.<\/p>\n<p>Spordi tervitusboonuseid on kaks. Kasutades sissemaksel koodi SPORT150, duubeldatakse kuni 150 \u20ac suurune sissemakse. V\u00f5imalik on saada ka tasuta panuseid aasta l\u00f5puni. Selleks tuleb 50 \u20ac suurusel sissemaksel kasutada koodi 5FREEBET, mis annab iga n\u00e4dal 5 \u20ac ehk kokku 75 \u20ac tasuta panuseid. Makstes sisse 100 \u20ac, saab koodiga 10FREEBET iga n\u00e4dal 10 \u20ac ehk kokku 150 \u20ac tasuta panuseid.<\/p>\n<p>Ka kasiino tervitusboonuseid on kaks. Koodiga CME duubeldatakse kuni 150 \u20ac suurune sissemakse ning lisaks saab 50 tasuta spinni m\u00e4ngus Super Flip. Miinimumsissemakse ehk 10 \u20ac suuruse sissemakse tegemisel koodi CME2 kasutades saab m\u00e4ngija lausa 60 \u20ac.<\/p>\n<h2><strong>Coolbet mobiilis ja telefonis<\/strong><\/h2>\n<p>Coolbeti veebileht on kohandatud ka mobiiliseadmetele. Kelle jaoks netikasiino kasutamine l\u00e4bi mobiili netibrauseri tundub liiga tagurlik, saab alla laadida ka Coolbeti rakenduse. \u00c4pp on saadaval nii Androidi kui ka iOSi platvormile.<img loading=\"lazy\" class=\"size-thumbnail wp-image-1091 alignright\" src=\"https:\/\/gamblers-united.com\/ee\/wp-content\/uploads\/sites\/2\/2018\/09\/coolbet-mobiilis-150x150.png\" alt=\"coolbet mobiilis\" width=\"150\" height=\"150\" srcset=\"https:\/\/gamblers-united.com\/ee\/wp-content\/uploads\/sites\/2\/2018\/09\/coolbet-mobiilis-150x150.png 150w, https:\/\/gamblers-united.com\/ee\/wp-content\/uploads\/sites\/2\/2018\/09\/coolbet-mobiilis-300x300.png 300w, https:\/\/gamblers-united.com\/ee\/wp-content\/uploads\/sites\/2\/2018\/09\/coolbet-mobiilis-768x768.png 768w, https:\/\/gamblers-united.com\/ee\/wp-content\/uploads\/sites\/2\/2018\/09\/coolbet-mobiilis-1024x1024.png 1024w, https:\/\/gamblers-united.com\/ee\/wp-content\/uploads\/sites\/2\/2018\/09\/coolbet-mobiilis-788x788.png 788w, https:\/\/gamblers-united.com\/ee\/wp-content\/uploads\/sites\/2\/2018\/09\/coolbet-mobiilis-600x600.png 600w, https:\/\/gamblers-united.com\/ee\/wp-content\/uploads\/sites\/2\/2018\/09\/coolbet-mobiilis-100x100.png 100w, https:\/\/gamblers-united.com\/ee\/wp-content\/uploads\/sites\/2\/2018\/09\/coolbet-mobiilis.png 256w\" sizes=\"(max-width: 150px) 100vw, 150px\" \/><\/p>\n<p>Rakenduse eesm\u00e4rk on nutiseadmes pakkuda sama head m\u00e4ngukogemust nagu arvutis. K\u00f5ik, mis on v\u00f5imalik arvutis, on ka v\u00f5imalik n\u00e4iteks telefonis. Kasutaja saab leida parimad koefitsiendid, superpakkumised ja muud vaid paari s\u00f5rmeliigutusega. Sama kerge on teha panuseid, m\u00e4ngida slotikaid v\u00f5i <em>live<\/em>-kasiinos ning ka oma v\u00f5idud v\u00e4lja v\u00f5tta.<\/p>\n<h2><strong>Coolbet.ee m\u00e4ngud<\/strong><\/h2>\n<p>Coolbet on k\u00e4ed l\u00f6\u00f6nud tunnustatud m\u00e4ngutootjatega: Play N Go, NetEnt, Yggdrasil ja Microgaming.<img loading=\"lazy\" class=\"wp-image-1092 size-medium alignleft\" src=\"https:\/\/gamblers-united.com\/ee\/wp-content\/uploads\/sites\/2\/2018\/09\/coolbet-m\u00e4ngud-300x147.jpg\" alt=\"coolbet m\u00e4ngud\" width=\"300\" height=\"147\" srcset=\"https:\/\/gamblers-united.com\/ee\/wp-content\/uploads\/sites\/2\/2018\/09\/coolbet-m\u00e4ngud-300x147.jpg 300w, https:\/\/gamblers-united.com\/ee\/wp-content\/uploads\/sites\/2\/2018\/09\/coolbet-m\u00e4ngud-767x375.jpg 767w, https:\/\/gamblers-united.com\/ee\/wp-content\/uploads\/sites\/2\/2018\/09\/coolbet-m\u00e4ngud-1024x501.jpg 1024w, https:\/\/gamblers-united.com\/ee\/wp-content\/uploads\/sites\/2\/2018\/09\/coolbet-m\u00e4ngud-788x385.jpg 788w, https:\/\/gamblers-united.com\/ee\/wp-content\/uploads\/sites\/2\/2018\/09\/coolbet-m\u00e4ngud-599x293.jpg 599w, https:\/\/gamblers-united.com\/ee\/wp-content\/uploads\/sites\/2\/2018\/09\/coolbet-m\u00e4ngud.jpg 1569w\" sizes=\"(max-width: 300px) 100vw, 300px\" \/><\/p>\n<h3><span style=\"color: #263813;\">Spordiennustus<\/span><\/h3>\n<p>Peamist r\u00f5hku paneb Coolbeti keskkond spordiennustustele. Lisaks k\u00f5igi lemmikutele jalgpallile ja korvpallile saab panuseid teha ka n\u00e4iteks meelelahutus\u00fcritustele, nooleviskele, pesapallile, eSpordile ja paljule muule. Lisaks k\u00f5igele eelnevale pakub kasiino ka live-spordiennustust.<\/p>\n<h3><span style=\"color: #263813;\">Kasiinom\u00e4ngud<\/span><\/h3>\n<p>Esindatud on siiski ka kasiinom\u00e4ngud, mida on umbes 500. Nende hulgas on populaarsemad n\u00e4iteks Street Magic, Berryburst ja Hanzo&#8217;s Dojo. Ei puudu ka progressiivsed slotikad nagu Arabian Nights, Mega Moolah ja Major Millions.<\/p>\n<h3><span style=\"color: #263813;\">Live Kasiino<\/span><\/h3>\n<p>Autentsema kasiinokogemuse saamiseks tuleks k\u00fclastada <em>live<\/em>-kasiinot, kus on v\u00f5imalik p\u00e4risdiileritega m\u00e4ngida k\u00f5iki populaarseid kasiino lauam\u00e4nge. Hetkel on valikus 7 m\u00e4ngu: Roulette, Blackjack, Blackjack VIP, Common Draw Blackjack, French Roulette, Automatic Roulette ja Automatic Roulette French.<\/p>\n<h2><strong>Coolbet kontakt ja klienditugi<\/strong><\/h2>\n<p>Coolbet on s\u00f5nastanud \u00fche oma eesm\u00e4rgina pakkuda parimat kliendituge, mis on s\u00f5bralik ning isiklik. Klienditugi \u00fcritab alati vastata k\u00f5ikidele k\u00fcsimustele v\u00f5imalikult kiiresti. Lisaks on veebilehel olemas ka ulatuslik korduma kippuvate k\u00fcsimuste (KKK) sektsioon, mis leidub lehek\u00fclje alumises osas rubriigi &#8220;Klienditugi&#8221; alt. Eraldi on KKK jaotatud 6 osaks: maksed, sport, kasiino, pokker, boonus ja konto kinnitus. Kui sealt oma k\u00fcsimustele vastuseid ei leia, julgustab Coolbet.ee alati probleemi v\u00f5i vea ilmnemisel klienditoega \u00fchendust v\u00f5tma.<img loading=\"lazy\" class=\"size-medium wp-image-1093 alignright\" src=\"https:\/\/gamblers-united.com\/ee\/wp-content\/uploads\/sites\/2\/2018\/09\/coolbet-klienditugi-ja-kontakt-300x137.jpg\" alt=\"coolbet klienditugi ja kontakt\" width=\"300\" height=\"137\" srcset=\"https:\/\/gamblers-united.com\/ee\/wp-content\/uploads\/sites\/2\/2018\/09\/coolbet-klienditugi-ja-kontakt-300x137.jpg 300w, https:\/\/gamblers-united.com\/ee\/wp-content\/uploads\/sites\/2\/2018\/09\/coolbet-klienditugi-ja-kontakt-767x351.jpg 767w, https:\/\/gamblers-united.com\/ee\/wp-content\/uploads\/sites\/2\/2018\/09\/coolbet-klienditugi-ja-kontakt-1024x468.jpg 1024w, https:\/\/gamblers-united.com\/ee\/wp-content\/uploads\/sites\/2\/2018\/09\/coolbet-klienditugi-ja-kontakt-788x360.jpg 788w, https:\/\/gamblers-united.com\/ee\/wp-content\/uploads\/sites\/2\/2018\/09\/coolbet-klienditugi-ja-kontakt-599x274.jpg 599w, https:\/\/gamblers-united.com\/ee\/wp-content\/uploads\/sites\/2\/2018\/09\/coolbet-klienditugi-ja-kontakt.jpg 1563w\" sizes=\"(max-width: 300px) 100vw, 300px\" \/><\/p>\n<p>Samas ei t\u00f6\u00f6ta klienditugi \u00f6\u00f6p\u00e4ev ringi. Eestikeelne klienditugi on saadaval\u00a0 E\u2013R 09.00\u201317.00 ning ingliskeelne klienditugi\u00a0 E\u2013 P 09.00\u2013 02.00. \u00dchendust saab v\u00f5tta telefoni teel, meilitsi ja olemas on ka reaalajas klienditoe funktsioon. Statistiliselt on keskmine <em>live<\/em>-chati j\u00e4rjekord 15 sekundit ning meilile saab vastuse kahe tunniga.<\/p>\n<h3><span style=\"color: #263813;\"><strong>Kontakt<\/strong><\/span><\/h3>\n<p>Telefon: +372 675 1562<\/p>\n<p>Meiliaadress: klienditugi@coolbet.com<\/p>\n<p>Reaalajas klienditugi: veebilehe paremal alumises nurgas<\/p>\n<h2><strong>Coolbet VIP-programm<\/strong><\/h2>\n<p>Coolbetil on VIP-programm, mis pakub m\u00e4ngijale lisav\u00e4\u00e4rtusi ja boonuseid, n\u00e4iteks \u00fcllatuskingid. \u00dcheks boonuseks on raha-tagasi-esmasp\u00e4evad. Igal esmasp\u00e4eval vaatavad nad \u00fcle VIP-liikme m\u00f6\u00f6dunud n\u00e4dala v\u00f5idud ja kaotused ning annab tagasi\u00a010%\u00a0potentsiaalsest netokahjumist.<img loading=\"lazy\" class=\"size-thumbnail wp-image-1094 alignleft\" src=\"https:\/\/gamblers-united.com\/ee\/wp-content\/uploads\/sites\/2\/2018\/09\/coolbet-vip-150x150.png\" alt=\"coolbet vip\" width=\"150\" height=\"150\" srcset=\"https:\/\/gamblers-united.com\/ee\/wp-content\/uploads\/sites\/2\/2018\/09\/coolbet-vip-150x150.png 150w, https:\/\/gamblers-united.com\/ee\/wp-content\/uploads\/sites\/2\/2018\/09\/coolbet-vip-300x300.png 300w, https:\/\/gamblers-united.com\/ee\/wp-content\/uploads\/sites\/2\/2018\/09\/coolbet-vip-768x768.png 768w, https:\/\/gamblers-united.com\/ee\/wp-content\/uploads\/sites\/2\/2018\/09\/coolbet-vip-1024x1024.png 1024w, https:\/\/gamblers-united.com\/ee\/wp-content\/uploads\/sites\/2\/2018\/09\/coolbet-vip-788x788.png 788w, https:\/\/gamblers-united.com\/ee\/wp-content\/uploads\/sites\/2\/2018\/09\/coolbet-vip-600x600.png 600w, https:\/\/gamblers-united.com\/ee\/wp-content\/uploads\/sites\/2\/2018\/09\/coolbet-vip-100x100.png 100w, https:\/\/gamblers-united.com\/ee\/wp-content\/uploads\/sites\/2\/2018\/09\/coolbet-vip.png 256w\" sizes=\"(max-width: 150px) 100vw, 150px\" \/><\/p>\n<p>Coolbet selgitab s\u00fcsteemi nii:<\/p>\n<p>&#8221; N\u00e4iteks eelmine n\u00e4dal ei l\u00e4inud ootusp\u00e4raselt ning Sa kaotasid 1000\u20ac. Me andsime Sulle ka 200\u20ac boonust, mis t\u00e4hendab, et netokahjum oli 800\u20ac. Netokahjumist tulenevalt kanname esmasp\u00e4eva hommikul Sinu m\u00e4ngu kontole tagasi 80\u20ac Kasiino boonust, millel on 10x l\u00e4bim\u00e4ngun\u00f5ue.&#8221; (https:\/\/www.coolbet.com\/et\/kasiino-vip-programm)<\/p>\n<p>Kasiino VIP-programm on ainult neile, kes on saanud vastava kutsega meili ehk Coolbet pakub seda v\u00f5imalust vaid lojaalsetele klientidele.<\/p>\n<h3><span style=\"color: #263813;\"><strong>Korduma kippuvad k\u00fcsimused<\/strong><\/span><\/h3>\n<p>[\/vc_column_text][\/vc_column][\/vc_row][vc_row][vc_column][vc_toggle title=&#8221;Millised on sisse- ja v\u00e4ljamakse v\u00f5imalused?&#8221; open=&#8221;true&#8221;]Coolbeti makseviisid on mitmekesised, turvalised ning tasuta. Lisaks Swedbank, SEB ja LHV pangalinkidele ja Skrill ning Neteller e-rahakotile saab kasutada maksete tegemiseks ka Trustlyt. Lisaks muidugi ka VISA ja Mastercard kaardimakseid.[\/vc_toggle][vc_toggle title=&#8221;Milline on spordikategoorias miinimumpanus?&#8221; open=&#8221;true&#8221;]V\u00e4ikseim v\u00f5imalik panus on 0,10 eurot.[\/vc_toggle][vc_toggle title=&#8221;Kas panustamisel on kehtestatud suurim v\u00f5idusumma?&#8221; open=&#8221;true&#8221;]Jah, Coolbeti suurim v\u00f5idusumma kliendi kohta on 100 000 \u20ac iga kihlveo eest. P\u00e4eva suurim v\u00f5idusumma kliendi kohta on 200 000 \u20ac ning n\u00e4dala suurim v\u00f5idusumma \u00fche kliendi kohta on 500 000 \u20ac.[\/vc_toggle][vc_toggle title=&#8221;Kas Coolbeti kontot saab j\u00e4\u00e4davalt sulgeda?&#8221; open=&#8221;true&#8221;]Kontot ei saa kustutada, kuid Coolbeti klienditoega \u00fchendust v\u00f5ttes saab selle j\u00e4\u00e4davalt sulgeda. Sel juhul tuleb t\u00e4hele panna, et uut kontot ei saa avada isegi p\u00e4rast olemasoleva konto sulgemist.[\/vc_toggle][vc_toggle title=&#8221;Kas mul tohib olla mitu kontot?&#8221; open=&#8221;true&#8221;]Ei. Igal inimesel tohib olla vaid \u00fcks konto. M\u00e4ngija teine konto suletakse.[\/vc_toggle][vc_toggle title=&#8221;Kas ma saan piirata kui palju raha ma v\u00f5in kaotada?&#8221; open=&#8221;true&#8221;]Jah, v\u00f5imalik on seadistada kaotuse piirang, mis m\u00e4\u00e4rab \u00e4ra, kui palju raha m\u00e4ngija kindla perioodi jooksul v\u00f5ib kaotada. Seda saab teha valides nupu &#8220;Minu Konto&#8221; alt &#8220;Vastutustundlik m\u00e4ngimine&#8221;.[\/vc_toggle]<div class=\"rehub_bordered_block rh_listitem \"><div class=\"rh-flex-center-align rh-flex-justify-center mobileblockdisplay\"><div class=\"rh_listcolumn rh_listcolumn_image text-center\"><a href=\"https:\/\/gamblers-united.com\/ee\/go\/coolbet\/\" target=\"_blank\" rel=\"nofollow\"><img src=\"https:\/\/gamblers-united.com\/ee\/wp-content\/uploads\/sites\/2\/2018\/09\/coolbet.ee-kasiino.jpg\" alt=\"Coolbet \u2013100% ine boonus 150 euro ulatuses ning 200 tasuta spinni\" \/><\/a><\/div><div class=\"rh_listcolumn rh-flex-grow1 rh_listcolumn_text\"><div class=\"font120 fontbold rehub-main-font lineheight20\">Coolbet \u2013100% ine boonus 150 euro ulatuses ning 200 tasuta spinni<\/div><div class=\"mt10 greycolor font90 lineheight20\">Coolbet kasiino annab igale uuele tulijale vinge boonuse: 200 tasuta spinni kuulub tervitusboonusesse.<\/div><\/div><div class=\"rh_listcolumn rh_listcolumn_price text-center\"><\/div><div class=\"text-right-align rh_listcolumn_btn\"><div class=\"priced_block clearfix\"><div><a href=\"https:\/\/gamblers-united.com\/ee\/go\/coolbet\/\" class=\"re_track_btn btn_offer_block\" target=\"_blank\" rel=\"nofollow\">M\u00e4ngi Kohe<\/a><\/div><\/div><\/div><\/div><\/div><div class=\"clearfix\"><\/div>[\/vc_column][\/vc_row]<\/p>\n","protected":false},"excerpt":{"rendered":"<h1><strong>Coolbet \u2013\u00a0maailma parim kihlveokontor<\/strong><\/h1>\n<p>Coolbet on uudse kontseptsiooniga kasiino ja spordiennustuse keskkond. Nende peamine eesm\u00e4rk on olla aus, isiklik ning avatud infoga teenusepakkuja. N\u00e4iteks on v\u00f5imalik n\u00e4ha, kuidas kasiino kliendid grupina panustavad ning isegi kui palju. Coolbeti br\u00e4nd kuulub Eesti firmale StayCool O\u00dc, mille peakontor asub Tallinnas.<\/p>\n","protected":false},"featured_media":1660,"comment_status":"open","ping_status":"closed","template":"","meta":[],"yoast_head":"<!-- This site is optimized with the Yoast SEO plugin v15.1.1 - https:\/\/yoast.com\/wordpress\/plugins\/seo\/ -->\n<title>Coolbet Eesti Kasiino \u00bb Saa 150 Boonus \u00bb 200 Tasuta Spinni!<\/title>\n<meta name=\"description\" content=\"Kas Coolbet pakub parimaid boonuseid ning mis on selle kasiino plussid ja miinused? Loe meie arvustust siit ja saa teada!\" \/>\n<meta name=\"robots\" content=\"index, follow, max-snippet:-1, max-image-preview:large, max-video-preview:-1\" \/>\n<link rel=\"canonical\" href=\"https:\/\/gamblers-united.com\/ee\/coolbet\/\" \/>\n<meta property=\"og:locale\" content=\"et_EE\" \/>\n<meta property=\"og:type\" content=\"article\" \/>\n<meta property=\"og:title\" content=\"Coolbet Eesti Kasiino \u00bb Saa 150 Boonus \u00bb 200 Tasuta Spinni!\" \/>\n<meta property=\"og:description\" content=\"Kas Coolbet pakub parimaid boonuseid ning mis on selle kasiino plussid ja miinused? Loe meie arvustust siit ja saa teada!\" \/>\n<meta property=\"og:url\" content=\"https:\/\/gamblers-united.com\/ee\/coolbet\/\" \/>\n<meta property=\"og:site_name\" content=\"Estonia\" \/>\n<meta property=\"article:modified_time\" content=\"2020-02-07T00:08:00+00:00\" \/>\n<meta property=\"og:image\" content=\"https:\/\/gamblers-united.com\/ee\/wp-content\/uploads\/sites\/2\/2018\/09\/coolbet-1.jpg\" \/>\n\t<meta property=\"og:image:width\" content=\"1600\" \/>\n\t<meta property=\"og:image:height\" content=\"900\" \/>\n<meta name=\"twitter:card\" content=\"summary_large_image\" \/>\n<script type=\"application\/ld+json\" class=\"yoast-schema-graph\">{\"@context\":\"https:\/\/schema.org\",\"@graph\":[{\"@type\":\"WebSite\",\"@id\":\"https:\/\/gamblers-united.com\/ee\/#website\",\"url\":\"https:\/\/gamblers-united.com\/ee\/\",\"name\":\"Estonia\",\"description\":\"Just another Markets site\",\"potentialAction\":[{\"@type\":\"SearchAction\",\"target\":\"https:\/\/gamblers-united.com\/ee\/?s={search_term_string}\",\"query-input\":\"required name=search_term_string\"}],\"inLanguage\":\"et\"},{\"@type\":\"ImageObject\",\"@id\":\"https:\/\/gamblers-united.com\/ee\/coolbet\/#primaryimage\",\"inLanguage\":\"et\",\"url\":\"https:\/\/gamblers-united.com\/ee\/wp-content\/uploads\/sites\/2\/2018\/09\/coolbet-1.jpg\",\"width\":1600,\"height\":900,\"caption\":\"coolbet\"},{\"@type\":\"WebPage\",\"@id\":\"https:\/\/gamblers-united.com\/ee\/coolbet\/#webpage\",\"url\":\"https:\/\/gamblers-united.com\/ee\/coolbet\/\",\"name\":\"Coolbet Eesti Kasiino \\u00bb Saa 150 Boonus \\u00bb 200 Tasuta Spinni!\",\"isPartOf\":{\"@id\":\"https:\/\/gamblers-united.com\/ee\/#website\"},\"primaryImageOfPage\":{\"@id\":\"https:\/\/gamblers-united.com\/ee\/coolbet\/#primaryimage\"},\"datePublished\":\"2018-09-25T10:50:58+00:00\",\"dateModified\":\"2020-02-07T00:08:00+00:00\",\"description\":\"Kas Coolbet pakub parimaid boonuseid ning mis on selle kasiino plussid ja miinused? Loe meie arvustust siit ja saa teada!\",\"breadcrumb\":{\"@id\":\"https:\/\/gamblers-united.com\/ee\/coolbet\/#breadcrumb\"},\"inLanguage\":\"et\",\"potentialAction\":[{\"@type\":\"ReadAction\",\"target\":[\"https:\/\/gamblers-united.com\/ee\/coolbet\/\"]}]},{\"@type\":\"BreadcrumbList\",\"@id\":\"https:\/\/gamblers-united.com\/ee\/coolbet\/#breadcrumb\",\"itemListElement\":[{\"@type\":\"ListItem\",\"position\":1,\"item\":{\"@type\":\"WebPage\",\"@id\":\"https:\/\/gamblers-united.com\/ee\/\",\"url\":\"https:\/\/gamblers-united.com\/ee\/\",\"name\":\"Kasiinod\"}},{\"@type\":\"ListItem\",\"position\":2,\"item\":{\"@type\":\"WebPage\",\"@id\":\"https:\/\/gamblers-united.com\/ee\/shop\/\",\"url\":\"https:\/\/gamblers-united.com\/ee\/shop\/\",\"name\":\"Tooted\"}},{\"@type\":\"ListItem\",\"position\":3,\"item\":{\"@type\":\"WebPage\",\"@id\":\"https:\/\/gamblers-united.com\/ee\/coolbet\/\",\"url\":\"https:\/\/gamblers-united.com\/ee\/coolbet\/\",\"name\":\"Coolbet\"}}]}]}<\/script>\n<!-- \/ Yoast SEO plugin. -->","_links":{"self":[{"href":"https:\/\/gamblers-united.com\/ee\/wp-json\/wp\/v2\/product\/1087"}],"collection":[{"href":"https:\/\/gamblers-united.com\/ee\/wp-json\/wp\/v2\/product"}],"about":[{"href":"https:\/\/gamblers-united.com\/ee\/wp-json\/wp\/v2\/types\/product"}],"replies":[{"embeddable":true,"href":"https:\/\/gamblers-united.com\/ee\/wp-json\/wp\/v2\/comments?post=1087"}],"wp:featuredmedia":[{"embeddable":true,"href":"https:\/\/gamblers-united.com\/ee\/wp-json\/wp\/v2\/media\/1660"}],"wp:attachment":[{"href":"https:\/\/gamblers-united.com\/ee\/wp-json\/wp\/v2\/media?parent=1087"}],"curies":[{"name":"wp","href":"https:\/\/api.w.org\/{rel}","templated":true}]}}