{"id":1102,"date":"2018-09-25T12:16:00","date_gmt":"2018-09-25T12:16:00","guid":{"rendered":"https:\/\/gamblers-united.com\/ee\/?post_type=product&#038;p=1102"},"modified":"2020-10-08T20:35:45","modified_gmt":"2020-10-08T20:35:45","slug":"tonybet","status":"publish","type":"product","link":"https:\/\/gamblers-united.com\/ee\/tonybet\/","title":{"rendered":"Tonybet"},"content":{"rendered":"<p>[vc_row][vc_column]<div class=\"rehub_bordered_block rh_listitem \"><div class=\"rh-flex-center-align rh-flex-justify-center mobileblockdisplay\"><div class=\"rh_listcolumn rh_listcolumn_image text-center\"><a href=\"https:\/\/gamblers-united.com\/ee\/go\/tonybet\/\" target=\"_blank\" rel=\"nofollow\"><img src=\"https:\/\/gamblers-united.com\/ee\/wp-content\/uploads\/sites\/2\/2018\/09\/tonybet.ee-kasiino.jpg\" alt=\"Tonybet \u2013100% ine boonus 200 euro ulatuses ning 50 tasuta spinni\" \/><\/a><\/div><div class=\"rh_listcolumn rh-flex-grow1 rh_listcolumn_text\"><div class=\"font120 fontbold rehub-main-font lineheight20\">Tonybet \u2013100% ine boonus 200 euro ulatuses ning 50 tasuta spinni<\/div><div class=\"mt10 greycolor font90 lineheight20\">Tonybet kasiino pakub uuele tulijale \u00e4gedat boonust: 50 tasuta keerutust kuulub tervitusboonusesse<\/div><\/div><div class=\"rh_listcolumn rh_listcolumn_price text-center\"><\/div><div class=\"text-right-align rh_listcolumn_btn\"><div class=\"priced_block clearfix\"><div><a href=\"https:\/\/gamblers-united.com\/ee\/go\/tonybet\/\" class=\"re_track_btn btn_offer_block\" target=\"_blank\" rel=\"nofollow\">M\u00e4ngi Kohe<\/a><\/div><\/div><\/div><\/div><\/div><div class=\"clearfix\"><\/div>[\/vc_column][\/vc_row][vc_row][vc_column][vc_column_text]<\/p>\n<p>TonyBet on litsentseeritud ning selle tegevus reguleeritud Eesti Maksu- ja Tolliameti poolt.\u00a0Firma usub ausasse m\u00e4ngu ning lubab j\u00e4rgida t\u00e4pselt k\u00f5iki ettekirjutisi ning \u00f5igusakte, mis on asukohariigi v\u00f5imude poolt kehtivaks tunnistatud. See t\u00e4hendab, et Tonybetis m\u00e4ngimine on kliendile turvaline.<\/p>\n<p>Casinosenpai annab Teile \u00fclevaate Tonybeti pakutavatest m\u00e4ngudest, boonustest, v\u00f5imalustest, kasutajatoest ja paljust muust. Artikkel annab piisavalt infot otsustamaks, kas see kasiino v\u00f5ib olla k\u00f5ige \u00f5igem spordiennustuste ja internetikasiino ettev\u00f5tte just Teile.<\/p>\n<h2><strong>Tonybet boonuskood ja tasuta spinnid<\/strong><\/h2>\n<p>Tonybeti kodulehte sirvides ilmneb, et eripakkumisi on m\u00e4ngijatele v\u00e4ga v\u00e4hesel hulgal. V\u00f5rreldes teiste internetikasiinodega j\u00e4\u00e4b valik nigelaks. Artikli kirjutamise hetkel oli pakkumisi vaid 3 ning k\u00f5ik seotud spordiennustusega.<img loading=\"lazy\" class=\"size-medium wp-image-1105 alignleft\" src=\"https:\/\/gamblers-united.com\/ee\/wp-content\/uploads\/sites\/2\/2018\/09\/tonybet-boonus-ja-tasuta-spinnid-300x159.jpg\" alt=\"tonybet boonus ja tasuta spinnid\" width=\"300\" height=\"159\" srcset=\"https:\/\/gamblers-united.com\/ee\/wp-content\/uploads\/sites\/2\/2018\/09\/tonybet-boonus-ja-tasuta-spinnid-300x159.jpg 300w, https:\/\/gamblers-united.com\/ee\/wp-content\/uploads\/sites\/2\/2018\/09\/tonybet-boonus-ja-tasuta-spinnid-767x406.jpg 767w, https:\/\/gamblers-united.com\/ee\/wp-content\/uploads\/sites\/2\/2018\/09\/tonybet-boonus-ja-tasuta-spinnid-1024x542.jpg 1024w, https:\/\/gamblers-united.com\/ee\/wp-content\/uploads\/sites\/2\/2018\/09\/tonybet-boonus-ja-tasuta-spinnid-788x417.jpg 788w, https:\/\/gamblers-united.com\/ee\/wp-content\/uploads\/sites\/2\/2018\/09\/tonybet-boonus-ja-tasuta-spinnid-599x317.jpg 599w, https:\/\/gamblers-united.com\/ee\/wp-content\/uploads\/sites\/2\/2018\/09\/tonybet-boonus-ja-tasuta-spinnid.jpg 1347w\" sizes=\"(max-width: 300px) 100vw, 300px\" \/><\/p>\n<p>Ka uutele m\u00e4ngijatele suunatud tervituspakkumine on m\u00f5eldud panustajatele. Tehes oma esimest sissemakset, saab koodiga LIVEBET kuni 200 \u20ac suurust makset 100% v\u00f5rra suurendada. Makstes sisse n\u00e4iteks 100 \u20ac duubeldab Tonybet selle 200ni. Seda boonust saab m\u00e4ngija kasutada vaid spordiennustustes.<\/p>\n<h2><strong>Tonybet mobiilis ja telefonis<\/strong><\/h2>\n<p>Tonybet toetab t\u00e4ielikult lisaks arvutile ka mobiilseid seadmeid ning on erinevates nutiseadmetes t\u00e4isfunktsionaalselt kasutatav. Siiski pakub ettev\u00f5te nutikamatele kasutajatele veelgi mugavamaks kasutamiseks spetsiaalselt loodud TonyBet.ee mobiili\u00e4ppi.<img loading=\"lazy\" class=\"size-thumbnail wp-image-1106 alignright\" src=\"https:\/\/gamblers-united.com\/ee\/wp-content\/uploads\/sites\/2\/2018\/09\/tonybet.ee-mobiilis-150x150.png\" alt=\"tonybet.ee mobiilis\" width=\"150\" height=\"150\" srcset=\"https:\/\/gamblers-united.com\/ee\/wp-content\/uploads\/sites\/2\/2018\/09\/tonybet.ee-mobiilis-150x150.png 150w, https:\/\/gamblers-united.com\/ee\/wp-content\/uploads\/sites\/2\/2018\/09\/tonybet.ee-mobiilis-300x300.png 300w, https:\/\/gamblers-united.com\/ee\/wp-content\/uploads\/sites\/2\/2018\/09\/tonybet.ee-mobiilis-768x768.png 768w, https:\/\/gamblers-united.com\/ee\/wp-content\/uploads\/sites\/2\/2018\/09\/tonybet.ee-mobiilis-1024x1024.png 1024w, https:\/\/gamblers-united.com\/ee\/wp-content\/uploads\/sites\/2\/2018\/09\/tonybet.ee-mobiilis-788x788.png 788w, https:\/\/gamblers-united.com\/ee\/wp-content\/uploads\/sites\/2\/2018\/09\/tonybet.ee-mobiilis-600x600.png 600w, https:\/\/gamblers-united.com\/ee\/wp-content\/uploads\/sites\/2\/2018\/09\/tonybet.ee-mobiilis-100x100.png 100w, https:\/\/gamblers-united.com\/ee\/wp-content\/uploads\/sites\/2\/2018\/09\/tonybet.ee-mobiilis.png 256w\" sizes=\"(max-width: 150px) 100vw, 150px\" \/> Ka selles saab kasutada k\u00f5iki internetikasiino funktsioone: teha spordiennustusi, m\u00e4ngida erinevaid kasiinom\u00e4nge jne. Rakendus on saadaval nii Androidi kui ka iOSi platvormile. Androidi kasutajad leiavad selle Play poest ning Apple&#8217;i kasutajad App Store&#8217;ist.<\/p>\n<p>Tihti pakutakse mobiili\u00e4pi kasutajale erinevaid boonuseid, milleks v\u00f5ivad olla tasuta spinnid, tasuta boonusraha v\u00f5i midagi veel p\u00f5nevamat.<\/p>\n<h2><strong>Tonybet.ee m\u00e4ngud<\/strong><\/h2>\n<p>Tonybetil on v\u00f5rdlemisi lai m\u00e4nguvalik, hetkel kuulub sinna \u00fcle 400 m\u00e4ngu. Nende seas leidub tuntud m\u00e4ngutootjate Netent, Microgaming, Thunderkick, Quickspin, Evolution Gaming ja NYX slotim\u00e4nge ja <em>live-<\/em>kasiino m\u00e4nge. \u00a0Avastamist on palju ning m\u00e4nguvalik juba \u00fcksluiseks ei j\u00e4\u00e4.<img loading=\"lazy\" class=\"size-medium wp-image-1107 alignleft\" src=\"https:\/\/gamblers-united.com\/ee\/wp-content\/uploads\/sites\/2\/2018\/09\/tonybet-m\u00e4ngud-300x197.jpg\" alt=\"\" width=\"300\" height=\"197\" srcset=\"https:\/\/gamblers-united.com\/ee\/wp-content\/uploads\/sites\/2\/2018\/09\/tonybet-m\u00e4ngud-300x197.jpg 300w, https:\/\/gamblers-united.com\/ee\/wp-content\/uploads\/sites\/2\/2018\/09\/tonybet-m\u00e4ngud-767x503.jpg 767w, https:\/\/gamblers-united.com\/ee\/wp-content\/uploads\/sites\/2\/2018\/09\/tonybet-m\u00e4ngud-1024x672.jpg 1024w, https:\/\/gamblers-united.com\/ee\/wp-content\/uploads\/sites\/2\/2018\/09\/tonybet-m\u00e4ngud-788x516.jpg 788w, https:\/\/gamblers-united.com\/ee\/wp-content\/uploads\/sites\/2\/2018\/09\/tonybet-m\u00e4ngud-599x393.jpg 599w, https:\/\/gamblers-united.com\/ee\/wp-content\/uploads\/sites\/2\/2018\/09\/tonybet-m\u00e4ngud.jpg 1355w\" sizes=\"(max-width: 300px) 100vw, 300px\" \/><\/p>\n<h3><span style=\"color: #263813;\">Slotid<\/span><\/h3>\n<p>Kasiinom\u00e4ngude hulgas domineerivad slotim\u00e4ngud, mida on hetkeseisuga \u00fcle 300! Nende hulgas ka progressiivsed slotikad nagu Arabian Nights ja Divine Fortune. Eraldi kategooriana leiduvad ka k\u00f5ige klassikalisemad slotim\u00e4ngud. Lauam\u00e4nge on lehel \u00fcle viiek\u00fcmne, enamike m\u00e4ngude puhul saab valida, kas soovitakse m\u00e4ngida <em>low limit <\/em>lauas v\u00f5i<em> high limit.<\/em> Ehedama kasiinokogemuse saamiseks on lehel populaarsed <em>live<\/em>-kasiino m\u00e4ngud, kus m\u00e4nge viivad l\u00e4bi t\u00f5elised Balti ja slaavi iludused. Reaalajas toimuvaid kasiinom\u00e4nge on hetkel \u00fcle 60. Lisaks kasiinom\u00e4ngudele pakutakse klientidele \u00f6\u00f6p\u00e4ev ringi toimuvaid \u00f5nnem\u00e4nge, nt \u00f5nneratas, lotod, t\u00e4ringud ning panustamine pokkerile.<\/p>\n<h3><span style=\"color: #263813;\">Spordiennustus<\/span><\/h3>\n<p>Kuna TonyBet portaal on peamiselt orienteeritud panustamisele ja ennustamisele, saab panustada peaaegu k\u00f5igile spordis\u00fcndmustele, nt jalgpall, korvpall, tennis, pesapall, F1, j\u00e4\u00e4hoki jpm. Enamikele spordis\u00fcndmustele on v\u00f5imalik panuseid teha ka reaalajas. Portaalis leiduvad ka virtuaalspordi m\u00e4ngud (Virtual Sports), kus on v\u00f5imalik panustada n\u00e4iteks virtuaalsele hobuste v\u00f5iduajamisele, tsiklite v\u00f5i jalgratta v\u00f5istlusele ning mitmele muule alale. Sel puhul on tegemist arvutiga loodud v\u00f5idujooksudega.<\/p>\n<p>Lisaks spordis\u00fcndmustele on TonyBeti vahendusel v\u00f5imalik panustada ka t\u00e4htsamatele p\u00e4evakajalistele s\u00fcndmustele. Olgu selleks siis Oscarite gala, Eurovisiooni lauluv\u00f5istlus v\u00f5i Nobeli rahupreemia jagamine.<\/p>\n<h2><strong>Tonybet kontakt ja klienditugi<\/strong><\/h2>\n<p>Tonybet.ee pakub m\u00e4ngijatele erinevaid v\u00f5imalusi nendega kontakteerumiseks.\u00a0 Rahvusvaheline klienditugi t\u00f6\u00f6tab iga p\u00e4ev ning teenindab kliente telefoni ja meili teel.\u00a0 Meili saab saata lausa kodulehel oleva kontaktvormi kaudu, mis on eriti h\u00f5lbus. Kiiremateks vastusteks saab \u00fchendust v\u00f5tta reaalajas klienditoega. Tuleks aga t\u00e4hele panna, et erinevalt paljudest teistest internetikasiinodest teenindatakse Tonybeti kliente nii telefonitsi kui <em>live chat<\/em>&#8217;is vaid inglise keeles. See aga t\u00e4hendab, et ainult eesti keelt k\u00f5nelev m\u00e4ngija peab suure t\u00f5en\u00e4osusega oma k\u00fcsimusele kauem vastust ootama.<img loading=\"lazy\" class=\"size-medium wp-image-1108 alignright\" src=\"https:\/\/gamblers-united.com\/ee\/wp-content\/uploads\/sites\/2\/2018\/09\/tonybet-klienditugi-ja-kontakt-300x169.jpg\" alt=\"tonybet klienditugi ja kontakt\" width=\"300\" height=\"169\" srcset=\"https:\/\/gamblers-united.com\/ee\/wp-content\/uploads\/sites\/2\/2018\/09\/tonybet-klienditugi-ja-kontakt-300x169.jpg 300w, https:\/\/gamblers-united.com\/ee\/wp-content\/uploads\/sites\/2\/2018\/09\/tonybet-klienditugi-ja-kontakt-766x432.jpg 766w, https:\/\/gamblers-united.com\/ee\/wp-content\/uploads\/sites\/2\/2018\/09\/tonybet-klienditugi-ja-kontakt-1024x577.jpg 1024w, https:\/\/gamblers-united.com\/ee\/wp-content\/uploads\/sites\/2\/2018\/09\/tonybet-klienditugi-ja-kontakt-788x444.jpg 788w, https:\/\/gamblers-united.com\/ee\/wp-content\/uploads\/sites\/2\/2018\/09\/tonybet-klienditugi-ja-kontakt-600x338.jpg 600w, https:\/\/gamblers-united.com\/ee\/wp-content\/uploads\/sites\/2\/2018\/09\/tonybet-klienditugi-ja-kontakt.jpg 1357w\" sizes=\"(max-width: 300px) 100vw, 300px\" \/><\/p>\n<p>Enne klienditoega kontakteerumist tasub kindlasti pilk peale heita ka TonyBeti kodulehel asuvale korduma kippuvate k\u00fcsimuste rubriigile, kust ehk vastuse veelgi kiiremini leida v\u00f5ib.<\/p>\n<h3><span style=\"color: #263813;\">Kontakt<\/span>:<\/h3>\n<p>Telefon: +44 2037 690147<\/p>\n<p>Meiliaadress:\u00a0 info@tonybet.ee<\/p>\n<p>Reaalajas klienditugi: veebilehe paremal k\u00fcljel<\/p>\n<p>Kontaktvorm: veebilehe alumises osas &#8220;Kontakteeru meiega&#8221;<\/p>\n<h2><strong>Tonybet VIP-programm<\/strong><\/h2>\n<p>Tonybet ei paku enam eraldiseisvat VIP-programmi. N\u00fc\u00fcd tehakse s\u00f5ltuvalt m\u00e4ngija aktiivsusest k\u00f5igile aeg-ajalt personaalseid pakkumisi.<img loading=\"lazy\" class=\"wp-image-1109 size-thumbnail alignleft\" src=\"https:\/\/gamblers-united.com\/ee\/wp-content\/uploads\/sites\/2\/2018\/09\/tonybet-vip-150x150.png\" alt=\"tonybet vip\" width=\"150\" height=\"150\" srcset=\"https:\/\/gamblers-united.com\/ee\/wp-content\/uploads\/sites\/2\/2018\/09\/tonybet-vip-150x150.png 150w, https:\/\/gamblers-united.com\/ee\/wp-content\/uploads\/sites\/2\/2018\/09\/tonybet-vip-300x300.png 300w, https:\/\/gamblers-united.com\/ee\/wp-content\/uploads\/sites\/2\/2018\/09\/tonybet-vip-768x768.png 768w, https:\/\/gamblers-united.com\/ee\/wp-content\/uploads\/sites\/2\/2018\/09\/tonybet-vip-1024x1024.png 1024w, https:\/\/gamblers-united.com\/ee\/wp-content\/uploads\/sites\/2\/2018\/09\/tonybet-vip-788x788.png 788w, https:\/\/gamblers-united.com\/ee\/wp-content\/uploads\/sites\/2\/2018\/09\/tonybet-vip-600x600.png 600w, https:\/\/gamblers-united.com\/ee\/wp-content\/uploads\/sites\/2\/2018\/09\/tonybet-vip-100x100.png 100w, https:\/\/gamblers-united.com\/ee\/wp-content\/uploads\/sites\/2\/2018\/09\/tonybet-vip.png 256w\" sizes=\"(max-width: 150px) 100vw, 150px\" \/><\/p>\n<p>Varem oli programmiga liitumisel mitmeid kriteeriume:<\/p>\n<p>n\u00e4dalas v\u00e4hemalt\u00a01000 \u20ac kontole kandmine,<\/p>\n<p>vaid\u00a0meelelahutuslikel eesm\u00e4rkidel m\u00e4ngimine<\/p>\n<p>\u00fche kinnitatud konto omamine.<\/p>\n<p>See t\u00e4hendas, et p\u00e4ris iga\u00fcks ei saanud VIPiks ning samas, et oma staatust hoida, tuli lehel aktiivne olla.<\/p>\n<h3><span style=\"color: #263813;\"><strong>Korduma kippuvad k\u00fcsimused<\/strong><\/span><\/h3>\n<p>[\/vc_column_text][\/vc_column][\/vc_row][vc_row][vc_column][vc_toggle title=&#8221;Millised on Tonybet sisse- ja v\u00e4ljamakse v\u00f5imalused?&#8221; open=&#8221;true&#8221;]Sisse- ja v\u00e4ljamakseid saab teha l\u00e4bi SEB, Swedbank ja Danske banki pangalinkide. Krediitkaartide poole pealt on esindatud VISA ning Mastercard. Loomulikult on makseteks saadaval ka Skrill ja Neteller e-rahakotid. V\u00e4hem tuntud maksevahenditeks on\u00a0 iDeal, Giropay, EPS, Sofort\u00fcberweisung, Paysera, Euteller, Paysafecard ja EcoPayz. Uuendusliku v\u00f5imalusena on v\u00f5imalik teha ka Bitcoini sisse- ja v\u00e4ljamaksed.[\/vc_toggle][vc_toggle title=&#8221;Kas sisse- ja v\u00e4ljamaksmiseks peab kasutama sama vahendit?&#8221; open=&#8221;true&#8221;]Jah. TonyBet j\u00e4rgib oma tegevuses suletud silmuse p\u00f5him\u00f5tet, mis t\u00e4hendab, et m\u00e4ngijad peavad kandma raha tagasi samasse kohta, kust sooritasid viimase deposiidi.[\/vc_toggle][vc_toggle title=&#8221;Kas v\u00f5ite saab v\u00e4lja maksta ka reaalajas?&#8221; open=&#8221;true&#8221;]Jah. <em>Live<\/em>-panustamise puhul pakub Tonybet v\u00f5imalust oma v\u00f5it v\u00e4lja maksta enne m\u00e4ngu l\u00f5ppu. Tuleks aga t\u00e4hele panna, et see kehtib ainult <em>live<\/em>-panustamisel.[\/vc_toggle][vc_toggle title=&#8221;Tegin kogemata vale panuse. Kas saan seda t\u00fchistada?&#8221; open=&#8221;true&#8221;]Ei. Kui panus on kinnitatud, siis ei saa seda enam t\u00fchistada.[\/vc_toggle][vc_toggle title=&#8221;Kas mul tohib olla mitu kontot?&#8221; open=&#8221;true&#8221;]Ei, nagu ka teiste internetikasiinode puhul on Tonybetis \u00fche m\u00e4ngija kohta lubatud ainult \u00fcks \u00fcldine konto.[\/vc_toggle]<div class=\"rehub_bordered_block rh_listitem \"><div class=\"rh-flex-center-align rh-flex-justify-center mobileblockdisplay\"><div class=\"rh_listcolumn rh_listcolumn_image text-center\"><a href=\"https:\/\/gamblers-united.com\/ee\/go\/tonybet\/\" target=\"_blank\" rel=\"nofollow\"><img src=\"https:\/\/gamblers-united.com\/ee\/wp-content\/uploads\/sites\/2\/2018\/09\/tonybet.ee-kasiino.jpg\" alt=\"Tonybet \u2013100% ine boonus 200 euro ulatuses ning 50 tasuta spinni\" \/><\/a><\/div><div class=\"rh_listcolumn rh-flex-grow1 rh_listcolumn_text\"><div class=\"font120 fontbold rehub-main-font lineheight20\">Tonybet \u2013100% ine boonus 200 euro ulatuses ning 50 tasuta spinni<\/div><div class=\"mt10 greycolor font90 lineheight20\">Tonybet kasiino pakub uuele tulijale \u00e4gedat boonust: 50 tasuta keerutust kuulub tervitusboonusesse<\/div><\/div><div class=\"rh_listcolumn rh_listcolumn_price text-center\"><\/div><div class=\"text-right-align rh_listcolumn_btn\"><div class=\"priced_block clearfix\"><div><a href=\"https:\/\/gamblers-united.com\/ee\/go\/tonybet\/\" class=\"re_track_btn btn_offer_block\" target=\"_blank\" rel=\"nofollow\">M\u00e4ngi Kohe<\/a><\/div><\/div><\/div><\/div><\/div><div class=\"clearfix\"><\/div>[\/vc_column][\/vc_row]<\/p>\n","protected":false},"excerpt":{"rendered":"<h1><strong>Tonybet \u2013\u00a0k\u00f5ige kiiremini arenev <em>online<\/em>-m\u00e4nge pakkuv veebileht<\/strong><\/h1>\n<p>Tonybet on Leedu spordiennustuste ja internetikasiino ettev\u00f5te, mis loodi 2009. aastal. Asutajaks on \u00fcpriski skandaaliderohke ajalooga pokkerim\u00e4ngija Antanas &#8220;Tony G&#8221; Guo. Juba kolm aastat p\u00e4rast asutamist laienes rahvusvaheline kihlveokontor Eestisse. Tegemist on vanuselt kolmanda internetikasiinoga Eestis. 16. augustil 2012 avas Tonybet Eesti esimese spordiennustuse panustamispunkti Tallinnas, kuid v\u00e4hem kui aasta hiljem see aga suleti.<\/p>\n<p>Tonybet tituleerib end maailmas k\u00f5ige kiiremini arenevaks <em>online<\/em>-m\u00e4nge pakkuvaks veebileheks. Portaal on peamiselt orienteeritud spordis\u00fcndmustele panustamiseks, kuid vajaka ei j\u00e4\u00e4 ka kasiinom\u00e4ngudest. Hetkel pakuvad nad oma klientidele erinevaid m\u00e4nge: <em>live-<\/em>kasiino, pokker, kasiino ning mitmesugused reaalajas toimuvad \u00f5nnem\u00e4ngud. Tonybeti portaali v\u00f5ib iseloomustada kui innovaatilist kasiinot, mis paistab silma k\u00fcllaltki suure m\u00e4ngude valikuga. <a href=\"https:\/\/gamblers-united.com\/ee\/\">Eesti online kasiinod<\/a>, mida me oleme veel arvustanud on n\u00e4iteks kasiinod nagu <a href=\"https:\/\/gamblers-united.com\/ee\/olybet\/\">Olybet kasiino<\/a>,<a href=\"https:\/\/gamblers-united.com\/ee\/coolbet\/\">Coolbet kasiino<\/a> ja <a href=\"https:\/\/gamblers-united.com\/ee\/betsafe\/\">Betsafe Eesti<\/a>.<\/p>\n","protected":false},"featured_media":1659,"comment_status":"open","ping_status":"closed","template":"","meta":[],"yoast_head":"<!-- This site is optimized with the Yoast SEO plugin v15.1.1 - https:\/\/yoast.com\/wordpress\/plugins\/seo\/ -->\n<title>Tonybet Eesti Kasiino | Mis teeb selle eriliseks? | gamblers-united.com<\/title>\n<meta name=\"description\" content=\"TonyBet kasiino tipp tasemel klienditugi, m\u00e4ngud ning spordiennustus on paremad paljudest teistest. Loe siit arvustust ja saa m\u00f5nus boonus!\" \/>\n<meta name=\"robots\" content=\"index, follow, max-snippet:-1, max-image-preview:large, max-video-preview:-1\" \/>\n<link rel=\"canonical\" href=\"https:\/\/gamblers-united.com\/ee\/tonybet\/\" \/>\n<meta property=\"og:locale\" content=\"et_EE\" \/>\n<meta property=\"og:type\" content=\"article\" \/>\n<meta property=\"og:title\" content=\"Tonybet Eesti Kasiino | Mis teeb selle eriliseks? | gamblers-united.com\" \/>\n<meta property=\"og:description\" content=\"TonyBet kasiino tipp tasemel klienditugi, m\u00e4ngud ning spordiennustus on paremad paljudest teistest. Loe siit arvustust ja saa m\u00f5nus boonus!\" \/>\n<meta property=\"og:url\" content=\"https:\/\/gamblers-united.com\/ee\/tonybet\/\" \/>\n<meta property=\"og:site_name\" content=\"Estonia\" \/>\n<meta property=\"article:modified_time\" content=\"2020-10-08T20:35:45+00:00\" \/>\n<meta property=\"og:image\" content=\"https:\/\/gamblers-united.com\/ee\/wp-content\/uploads\/sites\/2\/2018\/09\/tonybet-1.jpg\" \/>\n\t<meta property=\"og:image:width\" content=\"1600\" \/>\n\t<meta property=\"og:image:height\" content=\"900\" \/>\n<meta name=\"twitter:card\" content=\"summary_large_image\" \/>\n<script type=\"application\/ld+json\" class=\"yoast-schema-graph\">{\"@context\":\"https:\/\/schema.org\",\"@graph\":[{\"@type\":\"WebSite\",\"@id\":\"https:\/\/gamblers-united.com\/ee\/#website\",\"url\":\"https:\/\/gamblers-united.com\/ee\/\",\"name\":\"Estonia\",\"description\":\"Just another Markets site\",\"potentialAction\":[{\"@type\":\"SearchAction\",\"target\":\"https:\/\/gamblers-united.com\/ee\/?s={search_term_string}\",\"query-input\":\"required name=search_term_string\"}],\"inLanguage\":\"et\"},{\"@type\":\"ImageObject\",\"@id\":\"https:\/\/gamblers-united.com\/ee\/tonybet\/#primaryimage\",\"inLanguage\":\"et\",\"url\":\"https:\/\/gamblers-united.com\/ee\/wp-content\/uploads\/sites\/2\/2018\/09\/tonybet-1.jpg\",\"width\":1600,\"height\":900,\"caption\":\"tonybet\"},{\"@type\":\"WebPage\",\"@id\":\"https:\/\/gamblers-united.com\/ee\/tonybet\/#webpage\",\"url\":\"https:\/\/gamblers-united.com\/ee\/tonybet\/\",\"name\":\"Tonybet Eesti Kasiino | Mis teeb selle eriliseks? | gamblers-united.com\",\"isPartOf\":{\"@id\":\"https:\/\/gamblers-united.com\/ee\/#website\"},\"primaryImageOfPage\":{\"@id\":\"https:\/\/gamblers-united.com\/ee\/tonybet\/#primaryimage\"},\"datePublished\":\"2018-09-25T12:16:00+00:00\",\"dateModified\":\"2020-10-08T20:35:45+00:00\",\"description\":\"TonyBet kasiino tipp tasemel klienditugi, m\\u00e4ngud ning spordiennustus on paremad paljudest teistest. Loe siit arvustust ja saa m\\u00f5nus boonus!\",\"breadcrumb\":{\"@id\":\"https:\/\/gamblers-united.com\/ee\/tonybet\/#breadcrumb\"},\"inLanguage\":\"et\",\"potentialAction\":[{\"@type\":\"ReadAction\",\"target\":[\"https:\/\/gamblers-united.com\/ee\/tonybet\/\"]}]},{\"@type\":\"BreadcrumbList\",\"@id\":\"https:\/\/gamblers-united.com\/ee\/tonybet\/#breadcrumb\",\"itemListElement\":[{\"@type\":\"ListItem\",\"position\":1,\"item\":{\"@type\":\"WebPage\",\"@id\":\"https:\/\/gamblers-united.com\/ee\/\",\"url\":\"https:\/\/gamblers-united.com\/ee\/\",\"name\":\"Kasiinod\"}},{\"@type\":\"ListItem\",\"position\":2,\"item\":{\"@type\":\"WebPage\",\"@id\":\"https:\/\/gamblers-united.com\/ee\/shop\/\",\"url\":\"https:\/\/gamblers-united.com\/ee\/shop\/\",\"name\":\"Tooted\"}},{\"@type\":\"ListItem\",\"position\":3,\"item\":{\"@type\":\"WebPage\",\"@id\":\"https:\/\/gamblers-united.com\/ee\/tonybet\/\",\"url\":\"https:\/\/gamblers-united.com\/ee\/tonybet\/\",\"name\":\"Tonybet\"}}]}]}<\/script>\n<!-- \/ Yoast SEO plugin. -->","_links":{"self":[{"href":"https:\/\/gamblers-united.com\/ee\/wp-json\/wp\/v2\/product\/1102"}],"collection":[{"href":"https:\/\/gamblers-united.com\/ee\/wp-json\/wp\/v2\/product"}],"about":[{"href":"https:\/\/gamblers-united.com\/ee\/wp-json\/wp\/v2\/types\/product"}],"replies":[{"embeddable":true,"href":"https:\/\/gamblers-united.com\/ee\/wp-json\/wp\/v2\/comments?post=1102"}],"wp:featuredmedia":[{"embeddable":true,"href":"https:\/\/gamblers-united.com\/ee\/wp-json\/wp\/v2\/media\/1659"}],"wp:attachment":[{"href":"https:\/\/gamblers-united.com\/ee\/wp-json\/wp\/v2\/media?parent=1102"}],"curies":[{"name":"wp","href":"https:\/\/api.w.org\/{rel}","templated":true}]}}