{"id":1180,"date":"2018-10-24T17:59:31","date_gmt":"2018-10-24T17:59:31","guid":{"rendered":"https:\/\/gamblers-united.com\/ee\/?post_type=product&#038;p=1180"},"modified":"2019-01-28T13:19:44","modified_gmt":"2019-01-28T13:19:44","slug":"bet365","status":"publish","type":"product","link":"https:\/\/gamblers-united.com\/ee\/bet365\/","title":{"rendered":"Bet365"},"content":{"rendered":"<p>[vc_row][vc_column]<div class=\"rehub_bordered_block rh_listitem \"><div class=\"rh-flex-center-align rh-flex-justify-center mobileblockdisplay\"><div class=\"rh_listcolumn rh_listcolumn_image text-center\"><a href=\"https:\/\/gamblers-united.com\/ee\/go\/bet365\/\" target=\"_blank\" rel=\"nofollow\"><img src=\"https:\/\/gamblers-united.com\/ee\/wp-content\/uploads\/sites\/2\/2018\/10\/bet365-eesti.jpg\" alt=\"Bet365 \u2013100% ine boonus 100 euro ulatuses ning 50 tasuta spinni\" \/><\/a><\/div><div class=\"rh_listcolumn rh-flex-grow1 rh_listcolumn_text\"><div class=\"font120 fontbold rehub-main-font lineheight20\">Bet365 \u2013100% ine boonus 100 euro ulatuses ning 50 tasuta spinni<\/div><div class=\"mt10 greycolor font90 lineheight20\">Tonybet kasiino pakub uuele tulijale \u00e4gedat boonust: 100% boonust v\u00e4hemalt 5 eurosel sissemaksel.<\/div><\/div><div class=\"rh_listcolumn rh_listcolumn_price text-center\"><\/div><div class=\"text-right-align rh_listcolumn_btn\"><div class=\"priced_block clearfix\"><div><a href=\"https:\/\/gamblers-united.com\/ee\/go\/bet365\/\" class=\"re_track_btn btn_offer_block\" target=\"_blank\" rel=\"nofollow\">M\u00e4ngi Kohe<\/a><\/div><\/div><\/div><\/div><\/div><div class=\"clearfix\"><\/div>[\/vc_column][\/vc_row][vc_row][vc_column][vc_column_text]<\/p>\n<h3><span style=\"color: #263813;\">bet365 Eestis<\/span><\/h3>\n<p>bet365-l rohkem kui 35 miljonit kasutajat \u00fcle kogu maailma. Seejuures on neil tugev klienditugi ja \u00fcle 4300 t\u00f6\u00f6taja. Ettev\u00f5te on registreeritud Offshore firmana Gribaltaril. Sellest hoolimata ei tasu aga lehe pakutavate v\u00f5imaluste kasutamist peljata, sest n\u00fc\u00fcd on nad Eestis avanud eraldi siinsetele m\u00e4ngijatele m\u00f5eldud m\u00e4ngulehe ja omandanud Maksu- ja Tolliameti poolt v\u00e4ljastatava hasartm\u00e4ngulitsentsi.<\/p>\n<p>Lisaks on nad v\u00f5itnud mujal maailmas mitmeid mainekaid auhindu nii oma m\u00e4ngulehel kasutatava tehnoloogia ja uuenduste t\u00f5ttu, kui ka \u00e4rilise edukuse ja kasutajas\u00f5bralikkuse eest. Seega tegemist on igati usaldusv\u00e4\u00e4rse ja seadusi ning ettekirjutisi t\u00e4itva online m\u00e4ngude pakkujaga.<\/p>\n<p>Allj\u00e4rgnevas kokkuv\u00f5tlikus \u00fclevaates anname sulle p\u00f5gusa sissevaate bet365 Eesti lehe plussidest ja miinustest. Samuti sellest, millised kliendiprogrammid\u00a0 lehel on saadaval, millised on firma kontakt andmed, kust leida boonuskood ja palju muud. Seega kiire ja lihtne viis selgitamaks v\u00e4lja, kas kasiino v\u00f5iks sobida sulle.<\/p>\n<h2>Mida kujutavad endast bet365 boonuskood ja tasuta spinnid?<\/h2>\n<p>Nii, nagu igal teisel eeskujulikus online\u00a0 hasartm\u00e4nge pakkuval veebilehel, on ka bet365 Eesti veebikodus leida rohkelt erinevaid sooduspakkumisi ja koode. Kuna nende kasiino on nii v\u00e4rske turule tulija, v\u00f5ib siit lehelt leida neid eriti k\u00fclluslikult. See on ju hea viis enda ettev\u00f5tte reklaamimiseks ja v\u00f5imalike klientide ligimeelitamiseks.<img loading=\"lazy\" class=\"size-medium wp-image-1183 alignleft\" src=\"https:\/\/gamblers-united.com\/ee\/wp-content\/uploads\/sites\/2\/2018\/10\/bet365-boonuskood-ja-tasuta-spinnid-300x247.jpg\" alt=\"bet365 boonuskood ja tasuta spinnid\" width=\"300\" height=\"247\" srcset=\"https:\/\/gamblers-united.com\/ee\/wp-content\/uploads\/sites\/2\/2018\/10\/bet365-boonuskood-ja-tasuta-spinnid-300x247.jpg 300w, https:\/\/gamblers-united.com\/ee\/wp-content\/uploads\/sites\/2\/2018\/10\/bet365-boonuskood-ja-tasuta-spinnid-767x632.jpg 767w, https:\/\/gamblers-united.com\/ee\/wp-content\/uploads\/sites\/2\/2018\/10\/bet365-boonuskood-ja-tasuta-spinnid-1024x844.jpg 1024w, https:\/\/gamblers-united.com\/ee\/wp-content\/uploads\/sites\/2\/2018\/10\/bet365-boonuskood-ja-tasuta-spinnid-788x649.jpg 788w, https:\/\/gamblers-united.com\/ee\/wp-content\/uploads\/sites\/2\/2018\/10\/bet365-boonuskood-ja-tasuta-spinnid-599x494.jpg 599w, https:\/\/gamblers-united.com\/ee\/wp-content\/uploads\/sites\/2\/2018\/10\/bet365-boonuskood-ja-tasuta-spinnid.jpg 1149w\" sizes=\"(max-width: 300px) 100vw, 300px\" \/><\/p>\n<h3><span style=\"color: #263813;\">Boonuskood<\/span><\/h3>\n<p>\u00dcheks suureks soodustuste r\u00fchmaks on boonused. Neid jagatakse nii uutele tulijatele, kuid ka juba lehe tegemistega kursis olevatele m\u00e4ngijatele. Seega v\u00f5id t\u00e4iesti kindel olla, et bet365 boonuskood ootab sind uue konto avamisel, kuid j\u00e4lgides nende eripakkumisi, saad sa mitmeid soodustusi ka vana kalana.<\/p>\n<p>Kusjuures boonuskood ei ole m\u00f5eldud ainult spordiennustuste jaoks. Neid jagatakse \u00fcsna heldelt ka teistele m\u00e4ngudele. Seega kindlasti vaata avatud pilguga bet365 Eesti lehel ringi.<\/p>\n<h4>Boonuskood ja selle l\u00e4bipaistvus<\/h4>\n<p>Mida v\u00f5iks eraldi v\u00e4lja tuua, on nende lehe l\u00e4bipaistvus oma boonuste jagamisel. On \u00fctlematagi selge, et iga boonuskood k\u00e4tkeb endas mingit rida tingimusi. See on tavap\u00e4rane ja loogiline n\u00e4htus k\u00f5ikide sarnaste teenusepakkujate seas. Mis teeb aga bet365 Eesti lehe eriti kiiduv\u00e4\u00e4rseks on see, et nende lehel on k\u00f5ik need tingimused n\u00e4htavad selgelt m\u00f5istetavas keeles otse pakkumise all.<\/p>\n<h2>Kas bet365 mobiilis on h\u00e4sti kohalduv?<\/h2>\n<p>T\u00e4nap\u00e4eval tehakse suur osa erinevaid igap\u00e4evaseid toiminguid just nutiseadmete abil. Seega on kindlasti paljude uute m\u00e4ngu huviliste jaoks \u00fcks esmaseid k\u00fcsimusi, et kas bet365 mobiilis on h\u00e4sti k\u00e4sitletav?<img loading=\"lazy\" class=\"wp-image-1184 size-thumbnail alignright\" src=\"https:\/\/gamblers-united.com\/ee\/wp-content\/uploads\/sites\/2\/2018\/10\/bet365-mobiilis-150x150.png\" alt=\"bet365 mobiilis\" width=\"150\" height=\"150\" srcset=\"https:\/\/gamblers-united.com\/ee\/wp-content\/uploads\/sites\/2\/2018\/10\/bet365-mobiilis-150x150.png 150w, https:\/\/gamblers-united.com\/ee\/wp-content\/uploads\/sites\/2\/2018\/10\/bet365-mobiilis-300x300.png 300w, https:\/\/gamblers-united.com\/ee\/wp-content\/uploads\/sites\/2\/2018\/10\/bet365-mobiilis-768x768.png 768w, https:\/\/gamblers-united.com\/ee\/wp-content\/uploads\/sites\/2\/2018\/10\/bet365-mobiilis-1024x1024.png 1024w, https:\/\/gamblers-united.com\/ee\/wp-content\/uploads\/sites\/2\/2018\/10\/bet365-mobiilis-788x788.png 788w, https:\/\/gamblers-united.com\/ee\/wp-content\/uploads\/sites\/2\/2018\/10\/bet365-mobiilis-600x600.png 600w, https:\/\/gamblers-united.com\/ee\/wp-content\/uploads\/sites\/2\/2018\/10\/bet365-mobiilis-100x100.png 100w, https:\/\/gamblers-united.com\/ee\/wp-content\/uploads\/sites\/2\/2018\/10\/bet365-mobiilis.png 256w\" sizes=\"(max-width: 150px) 100vw, 150px\" \/><\/p>\n<p>Sellele k\u00fcsimusele on meil positiivne vastus. T\u00f5epoolest, leht on nii arvuti ekraanilt kui mobiilist vaadates silmale s\u00f5bralik ja mugava disainiga. Loomulikult on k\u00f5ige selle krooniks ka bet365 telefonis veatu kohaldumine. Seega v\u00f5imaldab ta edukalt m\u00e4ngus\u00f5bral nautida kasiinom\u00e4nge v\u00f5i spordipanustamist lisaks arvutiekraanile ka nutitelefoni v\u00f5i tahvelarvuti vahendusel.<\/p>\n<h3><span style=\"color: #263813;\">bet365 tunned \u00e4ra rohelise v\u00e4rvi j\u00e4rgi<\/span><\/h3>\n<p>Nii nagu k\u00f5ikide teiste riikide selle ettev\u00f5tte lehed, on ka bet365 Eesti disainitud br\u00e4ndile omastes rohelistes ja kollakates v\u00e4rvides, mis on tumedat tooni taustal. Silmale s\u00f5bralik ja maitsekas.<\/p>\n<h3><span style=\"color: #263813;\">Lihtne telefonis navigeerimine<\/span><\/h3>\n<p>Lihtne ja loogiline lehe \u00fclesehitus v\u00f5imaldab ilma pikema nii \u00f6elda jututa m\u00f5ista ja aru saada, kust endale sobiva m\u00e4ngu v\u00f5i panustamise viisi leiad. See on eriti oluline just telefoni kaudu m\u00e4ngida soovijatele. Iga liigne liigutus v\u00e4iksemalt ekraanilt on t\u00fclikas ja ebamugav. Bet365 Eesti lehel seda muret aga tekkida ei saa.<\/p>\n<h2>M\u00e4ngud<\/h2>\n<p>bet365 m\u00e4ngud on jaotatud nelja erineva sektsiooni vahele. Allolevalt neist veidi l\u00e4hemalt.<img loading=\"lazy\" class=\"alignleft wp-image-1185 size-medium\" src=\"https:\/\/gamblers-united.com\/ee\/wp-content\/uploads\/sites\/2\/2018\/10\/bet365.ee-m\u00e4ngud-300x145.jpg\" alt=\"bet365.ee m\u00e4ngud\" width=\"300\" height=\"145\" srcset=\"https:\/\/gamblers-united.com\/ee\/wp-content\/uploads\/sites\/2\/2018\/10\/bet365.ee-m\u00e4ngud-300x145.jpg 300w, https:\/\/gamblers-united.com\/ee\/wp-content\/uploads\/sites\/2\/2018\/10\/bet365.ee-m\u00e4ngud-767x371.jpg 767w, https:\/\/gamblers-united.com\/ee\/wp-content\/uploads\/sites\/2\/2018\/10\/bet365.ee-m\u00e4ngud-1024x495.jpg 1024w, https:\/\/gamblers-united.com\/ee\/wp-content\/uploads\/sites\/2\/2018\/10\/bet365.ee-m\u00e4ngud-788x381.jpg 788w, https:\/\/gamblers-united.com\/ee\/wp-content\/uploads\/sites\/2\/2018\/10\/bet365.ee-m\u00e4ngud-599x290.jpg 599w, https:\/\/gamblers-united.com\/ee\/wp-content\/uploads\/sites\/2\/2018\/10\/bet365.ee-m\u00e4ngud.jpg 1883w\" sizes=\"(max-width: 300px) 100vw, 300px\" \/><\/p>\n<h3><span style=\"color: #263813;\">Bet365 m\u00e4ngud ja Vegas<\/span><\/h3>\n<p>Siit leiad sa suure hulga nii sloti- kui kasiinom\u00e4nge, lauam\u00e4nge ja teisi \u00f5nnem\u00e4nge. Eriti p\u00f5nevaks teeb lehe see, et bet365 Eestis pakub mitmeid erinevaid slotikaid sellistelt m\u00e4ngutootjatelt, mida praegu teised siinsed m\u00e4nguportaalid veel ei paku. Kuid muidugi on ka esindatud klassikalised ja teada tuntud m\u00e4ngud. Samuti leiab m\u00e4ngijate seas huvipakkuvaid progressiivseid jackpoti slotikaid.<\/p>\n<p>Pisut n\u00f5rgemaks kategooriaks v\u00f5ib lehel lugeda laua- ja kaardim\u00e4nge. Neid leiab vaid m\u00f5ned. Olemas on siiski aga populaarsed ja tuntud Rulett ja Blackjack.<\/p>\n<h3><span style=\"color: #263813;\">Bet365 spordiennustused ja live<\/span><\/h3>\n<p>Spordiennustused on bet365 k\u00f5ige t\u00e4htsam kategooria ja nii \u00f6elda firmam\u00e4rk. Panuseid on sul v\u00f5imalus teha siin praktiliselt k\u00f5igele, alates hobuste v\u00f5iduajamisest ja murukeeglist l\u00f5petades traditsiooniliste jalgpalli liigade ja suusah\u00fcpetega.<\/p>\n<p>Lisaks leiad bet365 live lehelt rohkelt mitmete spordi\u00fcrituste otse\u00fclekannete vaatamise v\u00f5imalusi. Nende arv aastas k\u00fc\u00fcndib suisa rohkem kui 140 000 spordis\u00fcndmuseni. See on v\u00e4ga populaarne ning m\u00e4ngijate seas tunnustatud v\u00f5imalus. On ju live-spordipanused pisut turvalisemad. M\u00e4ngija saab s\u00fcndmuse kestel palju olulisi vihjeid l\u00f5pliku tulemuse ennustamiseks, kui ta veidikenegi oskab m\u00e4ngu kulgu ja selle n\u00fcansse enda jaoks lahti m\u00f5testada ja lugeda.<\/p>\n<p>Seega v\u00f5ib \u00fcsna julgelt \u00f6elda, et see kategooria ka \u00fcks nende lehe olulisematest.<\/p>\n<h2>Bet365 kontakt ja klienditugi<\/h2>\n<p>bet365 klienditeeninduse poole p\u00f6\u00f6rdudes v\u00f5id olla kindel, et saad v\u00e4ga hea kogemuse osaliseks. Reaalajas vestlusi saad pidada kontakt lehel chatina iga p\u00e4ev kella 11st kuni 00ni. Hoolikalt koolitatud bet365 klienditugi vastab sulle kiiresti ja professionaalselt.<img loading=\"lazy\" class=\"size-medium wp-image-1186 alignright\" src=\"https:\/\/gamblers-united.com\/ee\/wp-content\/uploads\/sites\/2\/2018\/10\/bet365-kontakt-ja-klienditugi-269x300.jpg\" alt=\"bet365 kontakt ja klienditugi\" width=\"269\" height=\"300\" srcset=\"https:\/\/gamblers-united.com\/ee\/wp-content\/uploads\/sites\/2\/2018\/10\/bet365-kontakt-ja-klienditugi-269x300.jpg 269w, https:\/\/gamblers-united.com\/ee\/wp-content\/uploads\/sites\/2\/2018\/10\/bet365-kontakt-ja-klienditugi-767x856.jpg 767w, https:\/\/gamblers-united.com\/ee\/wp-content\/uploads\/sites\/2\/2018\/10\/bet365-kontakt-ja-klienditugi-918x1024.jpg 918w, https:\/\/gamblers-united.com\/ee\/wp-content\/uploads\/sites\/2\/2018\/10\/bet365-kontakt-ja-klienditugi-788x878.jpg 788w, https:\/\/gamblers-united.com\/ee\/wp-content\/uploads\/sites\/2\/2018\/10\/bet365-kontakt-ja-klienditugi-600x669.jpg 600w, https:\/\/gamblers-united.com\/ee\/wp-content\/uploads\/sites\/2\/2018\/10\/bet365-kontakt-ja-klienditugi.jpg 849w\" sizes=\"(max-width: 269px) 100vw, 269px\" \/><\/p>\n<p>Teine v\u00f5imalus on neile helistada. Ka telefon on avatud samadel aegadel, mil chat ehk siis kella 11st 00ni. Telefoninumber on +441 782 684 666. Pane t\u00e4hele, et tegemist on v\u00e4lismaa numbriga, mitte eestisisese k\u00f5nega.<\/p>\n<p>Samuti on sul v\u00f5imalus saata neile e-mail. Selleks on bet365 kontakt lehelt leitav aadress: support-est@customerservices365.com. E-kirjade saatmise v\u00f5imalus on loomulikult \u00f6\u00f6p\u00e4evaringselt. Vastustega l\u00e4heb aga veidi enam aega, kui kahe eelmise variandi puhul.<\/p>\n<p>Viimaks on sul vastus enam levinud k\u00fcsimustele v\u00f5imalus saada ka kontakt lehelt leitava korduma kippuvate k\u00fcsimuste rubriigist.<\/p>\n<h2>Milline on bet365 Vip programm ja kuidas sellega liituda?<\/h2>\n<p>bet365 soovib pakkuda k\u00f5ikidele oma uutele ja ka kogenud m\u00e4ngijatele suurep\u00e4rast m\u00e4nguelamust. Selleks on neil pea igal ajahetkel pakkumises erinevad soodustused ja boonused nii v\u00e4rsketele kontoloojatele, kui pikaaegsetele klientidele. Selleks, et neist osa saada, tasub uurida bet365 vip ehk erisoodustusi, mis k\u00e4esoleval hetkel kehtimas on.<img loading=\"lazy\" class=\"size-thumbnail wp-image-1187 alignleft\" src=\"https:\/\/gamblers-united.com\/ee\/wp-content\/uploads\/sites\/2\/2018\/10\/bet365-vip-150x150.png\" alt=\"bet365 vip\" width=\"150\" height=\"150\" srcset=\"https:\/\/gamblers-united.com\/ee\/wp-content\/uploads\/sites\/2\/2018\/10\/bet365-vip-150x150.png 150w, https:\/\/gamblers-united.com\/ee\/wp-content\/uploads\/sites\/2\/2018\/10\/bet365-vip-300x300.png 300w, https:\/\/gamblers-united.com\/ee\/wp-content\/uploads\/sites\/2\/2018\/10\/bet365-vip-768x768.png 768w, https:\/\/gamblers-united.com\/ee\/wp-content\/uploads\/sites\/2\/2018\/10\/bet365-vip-1024x1024.png 1024w, https:\/\/gamblers-united.com\/ee\/wp-content\/uploads\/sites\/2\/2018\/10\/bet365-vip-788x788.png 788w, https:\/\/gamblers-united.com\/ee\/wp-content\/uploads\/sites\/2\/2018\/10\/bet365-vip-600x600.png 600w, https:\/\/gamblers-united.com\/ee\/wp-content\/uploads\/sites\/2\/2018\/10\/bet365-vip-100x100.png 100w, https:\/\/gamblers-united.com\/ee\/wp-content\/uploads\/sites\/2\/2018\/10\/bet365-vip.png 256w\" sizes=\"(max-width: 150px) 100vw, 150px\" \/><\/p>\n<p>Suurim r\u00f5hk on tavaliselt neil spordipanustele keskenduvatel boonustel. Kohati v\u00f5ib selliseid soodustusi korraga leida lausa k\u00fcmne ligi. Siinkohal v\u00f5ib v\u00e4lja tuua n\u00e4iteks 50% suurema tulususe korvpalli v\u00f5i tennise kategooria panustele v\u00f5i lausa raha tagasi garantii, kui mat\u0161 peaks l\u00f5ppema viigiga. Konkreetsed hetkel kehtivad kampaaniad leiad alati nende kodulehelt.<\/p>\n<p>Kuid lisaks spordiennustuste soodustustele, ei puudu need pakkumised ka teistelt m\u00e4ngudelt. Niisiis tasub alati enne m\u00e4ngima asumist tutvuda hetkel k\u00e4imasolevate kampaaniatega, et v\u00f5tta m\u00e4ngust maksimumi ja suurendada sellest saada v\u00f5ivat tulu.<\/p>\n<h3><span style=\"color: #263813;\">VIP programm<\/span><\/h3>\n<p>Kuigi soodustusi ja eripakkumisi leidub omajagu, sellist konkreetset bet365 vip programm nime all toimuvat erisoodustust neil hetkel veel ei ole.<\/p>\n<h2>Korduma kippuvad k\u00fcsimused<\/h2>\n<p>[\/vc_column_text][\/vc_column][\/vc_row][vc_row][vc_column][vc_toggle title=&#8221;Kas veebileht on Eestis saadaval?&#8221; open=&#8221;true&#8221;]Jah, hea uudis on see, et n\u00fc\u00fcd on Eesti portaal t\u00e4iesti valmis ning avatud. Samuti omavad nad k\u00f5iki \u00f5igusi siin m\u00e4ngude l\u00e4biviimiseks ja nende tegevust kontrollib Maksu- ja Tolliamet. Seega v\u00f5id rahulikult bet365 Eesti lehte kasutada, turvalisus on igati tagatud.[\/vc_toggle][vc_toggle title=&#8221;Kas saan avada konto kellegi teise nimele?&#8221; open=&#8221;true&#8221;]Ei, konto peab olema registreeritud selle isiku nimele, kes soovib kontot avada. Samamoodi, kui kontot ei tohi avada teise inimese nimele, ei tohi seda ka kasutada keegi teine. Seega igal m\u00e4ngida soovival isikul peab olema avatud enda nimel olev konto.[\/vc_toggle][vc_toggle title=&#8221;Kui vanalt v\u00f5ib konto avada?&#8221; open=&#8221;true&#8221;]Virtuaalspordi, m\u00e4ngu- ja Vegase toodetes panustamiseks peab sul vanust olema v\u00e4hemalt 21 eluaastat. Spordiennustusi saavad teha k\u00f5ik, kel vanust minimaalselt 18.[\/vc_toggle][vc_toggle title=&#8221;Kuidas toimub v\u00e4ljamakse?&#8221; open=&#8221;true&#8221;]V\u00e4ljamakse kiirus s\u00f5ltub sinu nii \u00f6elda kodupangast ja ajastusest (n\u00e4dalavahetus ning p\u00fchad). Nii on n\u00e4iteks Skrill ja Netropay virtuaalseid rahakotte kasutades bet365 v\u00e4ljamakse kiirus kuni 24 tundi, samas Bank Wire aga v\u00f5ib v\u00f5tta suisa kuni 10 t\u00f6\u00f6p\u00e4eva. K\u00f5ik v\u00e4ljamaksed on tasuta.<\/p>\n<p>Lehelt leiad eraldi jaotise, kus on kenasti v\u00e4lja toodud v\u00e4ljamakse t\u00f6\u00f6tlemise aja ning minimaalsed ja maksimaalsed summad.[\/vc_toggle][vc_toggle title=&#8221;Kas kasiino on mobiilis kasutatav?&#8221; open=&#8221;true&#8221;]T\u00f5epoolest, leht on h\u00e4sti kohalduv igale seadmele. Seega v\u00f5id bet365 m\u00e4nge nautida \u00fchtviisi h\u00e4sti nii arvuti ekraanil kui telefonis.[\/vc_toggle][vc_toggle title=&#8221;Milline on VIP programm?&#8221; open=&#8221;true&#8221;]Hetkel puudub bet365 VIP programm. Sellest hoolimata on aga neil igal ajahetkel pakkumisel hulgaliselt erinevaid sooduspakkumisi, boonuseid ja erikampaaniaid. Nendega kursis olemiseks k\u00fclasta nende kodulehte.[\/vc_toggle]<div class=\"rehub_bordered_block rh_listitem \"><div class=\"rh-flex-center-align rh-flex-justify-center mobileblockdisplay\"><div class=\"rh_listcolumn rh_listcolumn_image text-center\"><a href=\"https:\/\/gamblers-united.com\/ee\/go\/bet365\/\" target=\"_blank\" rel=\"nofollow\"><img src=\"https:\/\/gamblers-united.com\/ee\/wp-content\/uploads\/sites\/2\/2018\/10\/bet365-eesti.jpg\" alt=\"Bet365 \u2013100% ine boonus 100 euro ulatuses ning 50 tasuta spinni\" \/><\/a><\/div><div class=\"rh_listcolumn rh-flex-grow1 rh_listcolumn_text\"><div class=\"font120 fontbold rehub-main-font lineheight20\">Bet365 \u2013100% ine boonus 100 euro ulatuses ning 50 tasuta spinni<\/div><div class=\"mt10 greycolor font90 lineheight20\">Tonybet kasiino pakub uuele tulijale \u00e4gedat boonust: 100% boonust v\u00e4hemalt 5 eurosel sissemaksel.<\/div><\/div><div class=\"rh_listcolumn rh_listcolumn_price text-center\"><\/div><div class=\"text-right-align rh_listcolumn_btn\"><div class=\"priced_block clearfix\"><div><a href=\"https:\/\/gamblers-united.com\/ee\/go\/bet365\/\" class=\"re_track_btn btn_offer_block\" target=\"_blank\" rel=\"nofollow\">M\u00e4ngi Kohe<\/a><\/div><\/div><\/div><\/div><\/div><div class=\"clearfix\"><\/div>[\/vc_column][\/vc_row]<\/p>\n","protected":false},"excerpt":{"rendered":"<h1>Bet365 Eesti\u2013 Euroopa juhtiv spordiennustusleht n\u00fc\u00fcd ka meil<\/h1>\n<p>Bet365 on Eesti hasartm\u00e4ngijate jaoks \u00fcks uusimaid turule tulnud online teenusepakkujaid. K\u00fcll aga on see nimi laialt tuntud mujal maailmas, ja eelk\u00f5ige just Euroopas, kus tegemist on \u00fche juhtivaima <a href=\"https:\/\/gamblers-united.com\/ee\/spordiennustus\/\">spordiennustuste<\/a> lehega.<\/p>\n<h3>P\u00e4ritolu<\/h3>\n<p>Group Ltd on \u00dchendkuningriikides baseeruv Briti online m\u00e4ngude pakkumisega tegelev ettev\u00f5te. Firma on hasartm\u00e4ngudega tegelenud juba enam kui 18 aastat, saades alguse aastal 2000. Online m\u00e4ngude litsents saadi juba aasta hiljem ehk 2001. Samuti on litsents olemas ka n\u00e4iteks firmadel <a href=\"https:\/\/gamblers-united.com\/ee\/olybet\/\">Olybet eesti<\/a>, <a href=\"https:\/\/gamblers-united.com\/ee\/paf\/\">paf eesti<\/a> ning <a href=\"https:\/\/gamblers-united.com\/ee\/tonybet\/\">tonybet eesti<\/a>.<\/p>\n<h3>M\u00e4ngud<\/h3>\n<p>Spordis\u00fcndmuste valik, millele bet365 Eesti lehel saab panuseid teha, on muljetavaldavalt lai. Samuti ei puudu ka live- ennustus, mis v\u00f5imaldab teha panuseid reaalajas toimuvatele spordis\u00fcndmustele.<\/p>\n<p>Nende m\u00e4nguvalikust leiab lisaks spordiennustustele veel pokkeri, kasiinom\u00e4ngud, bingo, live video \u00fclekandeid ja palju muud. Ehk siis tegemist ei ole mitte vaid spordiennustuste v\u00f5imekusega lehega, vaid esindatud on k\u00f5ik peamised v\u00f5imalused, mis \u00fcks korralik online hasartm\u00e4ngu keskkond omada v\u00f5iks. Kusjuures bet365 oli \u00fcks esimesi kihlveovahendajaid, kes hakkasid pakkuma panustamise v\u00f5imalust e-sporti.<\/p>\n","protected":false},"featured_media":1656,"comment_status":"open","ping_status":"closed","template":"","meta":[],"yoast_head":"<!-- This site is optimized with the Yoast SEO plugin v15.1.1 - https:\/\/yoast.com\/wordpress\/plugins\/seo\/ -->\n<title>Bet365 Eesti \u2013 Euroopa juhtiv spordiennustusleht n\u00fc\u00fcd Eestis?<\/title>\n<meta name=\"description\" content=\"Bet365- es on suur valik erinevaid spordiennustusi ning rohkelt nii vanu tuttavaid, kui t\u00e4iesti uusi slotim\u00e4nge. Loe siit \u00fclevaadet!\" \/>\n<meta name=\"robots\" content=\"index, follow, max-snippet:-1, max-image-preview:large, max-video-preview:-1\" \/>\n<link rel=\"canonical\" href=\"https:\/\/gamblers-united.com\/ee\/bet365\/\" \/>\n<meta property=\"og:locale\" content=\"et_EE\" \/>\n<meta property=\"og:type\" content=\"article\" \/>\n<meta property=\"og:title\" content=\"Bet365 Eesti \u2013 Euroopa juhtiv spordiennustusleht n\u00fc\u00fcd Eestis?\" \/>\n<meta property=\"og:description\" content=\"Bet365- es on suur valik erinevaid spordiennustusi ning rohkelt nii vanu tuttavaid, kui t\u00e4iesti uusi slotim\u00e4nge. Loe siit \u00fclevaadet!\" \/>\n<meta property=\"og:url\" content=\"https:\/\/gamblers-united.com\/ee\/bet365\/\" \/>\n<meta property=\"og:site_name\" content=\"Estonia\" \/>\n<meta property=\"article:modified_time\" content=\"2019-01-28T13:19:44+00:00\" \/>\n<meta property=\"og:image\" content=\"https:\/\/gamblers-united.com\/ee\/wp-content\/uploads\/sites\/2\/2018\/10\/bet365-2.jpg\" \/>\n\t<meta property=\"og:image:width\" content=\"1600\" \/>\n\t<meta property=\"og:image:height\" content=\"900\" \/>\n<meta name=\"twitter:card\" content=\"summary_large_image\" \/>\n<script type=\"application\/ld+json\" class=\"yoast-schema-graph\">{\"@context\":\"https:\/\/schema.org\",\"@graph\":[{\"@type\":\"WebSite\",\"@id\":\"https:\/\/gamblers-united.com\/ee\/#website\",\"url\":\"https:\/\/gamblers-united.com\/ee\/\",\"name\":\"Estonia\",\"description\":\"Just another Markets site\",\"potentialAction\":[{\"@type\":\"SearchAction\",\"target\":\"https:\/\/gamblers-united.com\/ee\/?s={search_term_string}\",\"query-input\":\"required name=search_term_string\"}],\"inLanguage\":\"et\"},{\"@type\":\"ImageObject\",\"@id\":\"https:\/\/gamblers-united.com\/ee\/bet365\/#primaryimage\",\"inLanguage\":\"et\",\"url\":\"https:\/\/gamblers-united.com\/ee\/wp-content\/uploads\/sites\/2\/2018\/10\/bet365-2.jpg\",\"width\":1600,\"height\":900,\"caption\":\"bet365\"},{\"@type\":\"WebPage\",\"@id\":\"https:\/\/gamblers-united.com\/ee\/bet365\/#webpage\",\"url\":\"https:\/\/gamblers-united.com\/ee\/bet365\/\",\"name\":\"Bet365 Eesti \\u2013 Euroopa juhtiv spordiennustusleht n\\u00fc\\u00fcd Eestis?\",\"isPartOf\":{\"@id\":\"https:\/\/gamblers-united.com\/ee\/#website\"},\"primaryImageOfPage\":{\"@id\":\"https:\/\/gamblers-united.com\/ee\/bet365\/#primaryimage\"},\"datePublished\":\"2018-10-24T17:59:31+00:00\",\"dateModified\":\"2019-01-28T13:19:44+00:00\",\"description\":\"Bet365- es on suur valik erinevaid spordiennustusi ning rohkelt nii vanu tuttavaid, kui t\\u00e4iesti uusi slotim\\u00e4nge. Loe siit \\u00fclevaadet!\",\"breadcrumb\":{\"@id\":\"https:\/\/gamblers-united.com\/ee\/bet365\/#breadcrumb\"},\"inLanguage\":\"et\",\"potentialAction\":[{\"@type\":\"ReadAction\",\"target\":[\"https:\/\/gamblers-united.com\/ee\/bet365\/\"]}]},{\"@type\":\"BreadcrumbList\",\"@id\":\"https:\/\/gamblers-united.com\/ee\/bet365\/#breadcrumb\",\"itemListElement\":[{\"@type\":\"ListItem\",\"position\":1,\"item\":{\"@type\":\"WebPage\",\"@id\":\"https:\/\/gamblers-united.com\/ee\/\",\"url\":\"https:\/\/gamblers-united.com\/ee\/\",\"name\":\"Kasiinod\"}},{\"@type\":\"ListItem\",\"position\":2,\"item\":{\"@type\":\"WebPage\",\"@id\":\"https:\/\/gamblers-united.com\/ee\/shop\/\",\"url\":\"https:\/\/gamblers-united.com\/ee\/shop\/\",\"name\":\"Tooted\"}},{\"@type\":\"ListItem\",\"position\":3,\"item\":{\"@type\":\"WebPage\",\"@id\":\"https:\/\/gamblers-united.com\/ee\/bet365\/\",\"url\":\"https:\/\/gamblers-united.com\/ee\/bet365\/\",\"name\":\"Bet365\"}}]}]}<\/script>\n<!-- \/ Yoast SEO plugin. -->","_links":{"self":[{"href":"https:\/\/gamblers-united.com\/ee\/wp-json\/wp\/v2\/product\/1180"}],"collection":[{"href":"https:\/\/gamblers-united.com\/ee\/wp-json\/wp\/v2\/product"}],"about":[{"href":"https:\/\/gamblers-united.com\/ee\/wp-json\/wp\/v2\/types\/product"}],"replies":[{"embeddable":true,"href":"https:\/\/gamblers-united.com\/ee\/wp-json\/wp\/v2\/comments?post=1180"}],"wp:featuredmedia":[{"embeddable":true,"href":"https:\/\/gamblers-united.com\/ee\/wp-json\/wp\/v2\/media\/1656"}],"wp:attachment":[{"href":"https:\/\/gamblers-united.com\/ee\/wp-json\/wp\/v2\/media?parent=1180"}],"curies":[{"name":"wp","href":"https:\/\/api.w.org\/{rel}","templated":true}]}}