{"id":1231,"date":"2018-11-12T20:23:14","date_gmt":"2018-11-12T20:23:14","guid":{"rendered":"https:\/\/gamblers-united.com\/ee\/?post_type=product&#038;p=1231"},"modified":"2019-01-28T13:19:11","modified_gmt":"2019-01-28T13:19:11","slug":"maria-casino","status":"publish","type":"product","link":"https:\/\/gamblers-united.com\/ee\/maria-casino\/","title":{"rendered":"Maria Casino"},"content":{"rendered":"<p>[vc_row][vc_column]<div class=\"rehub_bordered_block rh_listitem \"><div class=\"rh-flex-center-align rh-flex-justify-center mobileblockdisplay\"><div class=\"rh_listcolumn rh_listcolumn_image text-center\"><a href=\"https:\/\/gamblers-united.com\/ee\/go\/maria-casino\/\" target=\"_blank\" rel=\"nofollow\"><img src=\"https:\/\/gamblers-united.com\/ee\/wp-content\/uploads\/sites\/2\/2018\/11\/maria-casino-logo.png\" alt=\"Maria Casino \u2013100% ine boonus 100 euro ulatuses ning 100 tasuta spinni\" \/><\/a><\/div><div class=\"rh_listcolumn rh-flex-grow1 rh_listcolumn_text\"><div class=\"font120 fontbold rehub-main-font lineheight20\">Maria Casino \u2013100% ine boonus 100 euro ulatuses ning 100 tasuta spinni<\/div><div class=\"mt10 greycolor font90 lineheight20\">Maria kasiino pakub uutele tulijatele 100% boonust kuni 100 euroni<\/div><\/div><div class=\"rh_listcolumn rh_listcolumn_price text-center\"><\/div><div class=\"text-right-align rh_listcolumn_btn\"><div class=\"priced_block clearfix\"><div><a href=\"https:\/\/gamblers-united.com\/ee\/go\/maria-casino\/\" class=\"re_track_btn btn_offer_block\" target=\"_blank\" rel=\"nofollow\">M\u00e4ngi Kohe<\/a><\/div><\/div><\/div><\/div><\/div><div class=\"clearfix\"><\/div>[\/vc_column][\/vc_row][vc_row][vc_column][vc_column_text]<\/p>\n<h2>Maria casino boonuskood ja tasuta spinnid<\/h2>\n<p>Marias ootavad m\u00e4ngijaid tihti erinevad boonused. Neid on mitut liiki ning tuleks t\u00e4hele panna, et \u00fcldjuhul on pakkumistel l\u00e4bim\u00e4ngimiskohustus. Lisaks saab sarnaseid boonuseid korraga aktiivne olla vaid \u00fcks. Maria kasiinos toimuvad ka igan\u00e4dalased turniirid, kus saab auhindu v\u00f5ita.<img loading=\"lazy\" class=\"size-medium wp-image-1234 alignleft\" src=\"https:\/\/gamblers-united.com\/ee\/wp-content\/uploads\/sites\/2\/2018\/11\/maria-casino-boonuskood-300x164.jpg\" alt=\"maria casino boonuskood\" width=\"300\" height=\"164\" srcset=\"https:\/\/gamblers-united.com\/ee\/wp-content\/uploads\/sites\/2\/2018\/11\/maria-casino-boonuskood-300x164.jpg 300w, https:\/\/gamblers-united.com\/ee\/wp-content\/uploads\/sites\/2\/2018\/11\/maria-casino-boonuskood-767x419.jpg 767w, https:\/\/gamblers-united.com\/ee\/wp-content\/uploads\/sites\/2\/2018\/11\/maria-casino-boonuskood-1024x559.jpg 1024w, https:\/\/gamblers-united.com\/ee\/wp-content\/uploads\/sites\/2\/2018\/11\/maria-casino-boonuskood-788x430.jpg 788w, https:\/\/gamblers-united.com\/ee\/wp-content\/uploads\/sites\/2\/2018\/11\/maria-casino-boonuskood-599x327.jpg 599w, https:\/\/gamblers-united.com\/ee\/wp-content\/uploads\/sites\/2\/2018\/11\/maria-casino-boonuskood.jpg 1767w\" sizes=\"(max-width: 300px) 100vw, 300px\" \/><\/p>\n<h3><span style=\"color: #263813;\"><strong>Tasuta boonusraha<\/strong><\/span><\/h3>\n<p>Boonusraha pakkumised leiate &#8220;Boonuspakkumiste\u201d men\u00fc\u00fcst, kus boonusest osasaamiseks tuleb pakkumine esmalt aktiveerida. V\u00e4ljamakse tegemiseks peab esmalt vastama boonuse n\u00f5uetele.<\/p>\n<h3><span style=\"color: #263813;\"><strong>Sissemakseboonus<\/strong><\/span><\/h3>\n<p>Lisatakse m\u00e4ngija kontole, kui ta teeb sissemakse. Boonuskoode on erinevates summades. N\u00e4iteks, kui aktiveerida pakkumine \u201e100% sissemakseboonust kuni 25 euro ulatuses\u201d, annab maria 25-eurosele sissemaksele\u00a0100% ehk 25 eurot lisaks<strong>.<\/strong>\u00a0Sissemakse ehk 25 eurot on &#8220;Tingimuslik raha\u201d ning boonusraha 25 eurot on kui &#8220;Boonus&#8221;. Boonusraha saab kasutada siis, kui tingimuslik raha on otsa saanud.\u00a0Boonusraha tuleb omakorda reeglites etten\u00e4htud kordi l\u00e4bi m\u00e4ngida enne, kui v\u00e4ljamakse sooritada saab.<\/p>\n<h3><span style=\"color: #263813;\"><strong>Autasuboonus<\/strong><\/span><\/h3>\n<p>Lisatakse puhta rahana m\u00e4ngija kontole, kui k\u00f5ik vastab boonuse l\u00e4bim\u00e4ngimise n\u00f5uetele. Maria Casino toob n\u00e4iteks sellise olukorra: &#8220;M\u00e4ngi 50 euro eest ja saad 5 eurot puhast raha! N\u00e4iteks, kui paned m\u00e4ngu 50 eurot, teed seej\u00e4rel 25 kaheeurost keerutust ja v\u00f5idad nendega lisaks 20 eurot, on Sinu kontol 70 eurot. Kuna tegid 50 euro eest panuseid, saad ka meie poolt 5 eurot. Nii on Sinu kontol juba 75 eurot.&#8221;<\/p>\n<h3><span style=\"color: #263813;\"><strong>Tasuta spinni boonus<\/strong><\/span><\/h3>\n<p>Lisatakse kontole, et m\u00e4ngija saaks automaatidel tasuta keerutada. Iga uus m\u00e4ngija saab 100 tasuta keerutust kasiino \u00fchel k\u00f5ige populaarsemal <em>jackpot<\/em>-slotil Mega Fortune Dreams. Nii saab m\u00e4ngimine selgeks veelgi kiiremini! Kui m\u00e4ngija logib kontoga esimest korda sisse, ootab teda 10 spinni. Tehes aga v\u00e4hemalt 10 \u20ac sissemakse, kingib Maria kasiino veel 90 spinni.<\/p>\n<h2><strong>MARIACASINO.EE MOBIILIS<\/strong><\/h2>\n<p>Maria Casinos saab m\u00e4ngida \u00fcksk\u00f5ik kus ja \u00fcksk\u00f5ik millal. Kasutajal on v\u00f5imalus kanda kaasas k\u00f5iki oma lemmikm\u00e4nge ja neid nautida just seal, kus ta parasjagu asub.<img loading=\"lazy\" class=\"size-thumbnail wp-image-1235 alignright\" src=\"https:\/\/gamblers-united.com\/ee\/wp-content\/uploads\/sites\/2\/2018\/11\/maria-casino-mobiilis-150x150.png\" alt=\"maria casino mobiilis\" width=\"150\" height=\"150\" srcset=\"https:\/\/gamblers-united.com\/ee\/wp-content\/uploads\/sites\/2\/2018\/11\/maria-casino-mobiilis-150x150.png 150w, https:\/\/gamblers-united.com\/ee\/wp-content\/uploads\/sites\/2\/2018\/11\/maria-casino-mobiilis-299x300.png 299w, https:\/\/gamblers-united.com\/ee\/wp-content\/uploads\/sites\/2\/2018\/11\/maria-casino-mobiilis-768x771.png 768w, https:\/\/gamblers-united.com\/ee\/wp-content\/uploads\/sites\/2\/2018\/11\/maria-casino-mobiilis-1020x1024.png 1020w, https:\/\/gamblers-united.com\/ee\/wp-content\/uploads\/sites\/2\/2018\/11\/maria-casino-mobiilis-788x791.png 788w, https:\/\/gamblers-united.com\/ee\/wp-content\/uploads\/sites\/2\/2018\/11\/maria-casino-mobiilis-300x300.png 300w, https:\/\/gamblers-united.com\/ee\/wp-content\/uploads\/sites\/2\/2018\/11\/maria-casino-mobiilis-600x602.png 600w, https:\/\/gamblers-united.com\/ee\/wp-content\/uploads\/sites\/2\/2018\/11\/maria-casino-mobiilis-100x100.png 100w, https:\/\/gamblers-united.com\/ee\/wp-content\/uploads\/sites\/2\/2018\/11\/maria-casino-mobiilis.png 256w\" sizes=\"(max-width: 150px) 100vw, 150px\" \/><\/p>\n<p>Maria kasiino veebileht on spetsiaalselt disainitud nii nutitelefonidel kui ka tahvelarvutitel kasutamiseks, nii et terve m\u00e4ngudevalik on mobiilseadmetes toetatud. Samuti on netikasiinol olemas rakendus, teenus on saadaval iOSi, Androidi ja Windowsi telefonides ja tahvelarvutites.<\/p>\n<h2><strong>M\u00c4NGUD <\/strong><\/h2>\n<p>Maria Casino valikusse kuulub ligi 500 erinevat m\u00e4ngu erinevatelt tootjatelt. \u00a0Seet\u00f5ttu peaks ka k\u00f5ige n\u00f5udlikuma m\u00e4ngus\u00f5bra n\u00f5uded t\u00e4idetud olema. Elamusi pakuvad nii videom\u00e4nguautomaadid, lauam\u00e4ngud, bingo kui ka reaalne <em>live<\/em>-kasiino. Netikasiino soovib aga j\u00e4\u00e4da pigem traditsioonilise valiku juurde, mist\u00f5ttu puuduvad valikust spordipanused ja muu taoline.<img loading=\"lazy\" class=\"size-medium wp-image-1236 alignleft\" src=\"https:\/\/gamblers-united.com\/ee\/wp-content\/uploads\/sites\/2\/2018\/11\/m\u00e4ngud-300x151.jpg\" alt=\"m\u00e4ngud\" width=\"300\" height=\"151\" srcset=\"https:\/\/gamblers-united.com\/ee\/wp-content\/uploads\/sites\/2\/2018\/11\/m\u00e4ngud-300x151.jpg 300w, https:\/\/gamblers-united.com\/ee\/wp-content\/uploads\/sites\/2\/2018\/11\/m\u00e4ngud-768x387.jpg 768w, https:\/\/gamblers-united.com\/ee\/wp-content\/uploads\/sites\/2\/2018\/11\/m\u00e4ngud-1024x516.jpg 1024w, https:\/\/gamblers-united.com\/ee\/wp-content\/uploads\/sites\/2\/2018\/11\/m\u00e4ngud-788x397.jpg 788w, https:\/\/gamblers-united.com\/ee\/wp-content\/uploads\/sites\/2\/2018\/11\/m\u00e4ngud-599x302.jpg 599w, https:\/\/gamblers-united.com\/ee\/wp-content\/uploads\/sites\/2\/2018\/11\/m\u00e4ngud.jpg 1799w\" sizes=\"(max-width: 300px) 100vw, 300px\" \/><\/p>\n<p>Suured v\u00f5idud v\u00f5ivad olla vaid \u00fche keerutuse kaugusel, kui m\u00e4ngija proovib oma \u00f5nne Maria Casino sadade slotikate peal. M\u00e4nguautomaatide seas on igale maitsele midagi. Kindlasti ei puudu valikust m\u00e4ngijate lemmikud, n\u00e4iteks Major Millions, Arabian Nights, Starburst ja Aloha.<\/p>\n<p>Maria Casinost leiad lisaks suure valiku klassikalisi lauam\u00e4nge. Rulett, blackjack, pokker, baccarat \u2013 k\u00f5ik need ja teisedki populaarsed m\u00e4ngud on sulle alati k\u00e4ttesaadavad.<\/p>\n<p>Maria kasiino leivanumbriks on Eestis toodetud Relax Gamingu bingotoad. Netikasiino pakub kolme erinevat t\u00fc\u00fcpi bingom\u00e4nge erinevate lisafunktsioonidega ja uued m\u00e4ngud toimuvad igal minutil. Firma s\u00f5nul on nende bingo progressiivset <em>jackpot<\/em>\u2019i 20 korda lihtsam v\u00f5ita kui traditsioonilises bingom\u00e4ngus.<\/p>\n<p>Uudne ja p\u00f5nev n\u00e4htus paljudes internetikasiinodes on <em>live<\/em>-kasiinod. M\u00e4ngud toimuvad k\u00f5ik reaalajas ning diilerid on olemas 24 tundi \u00f6\u00f6p\u00e4evas, et pakkuda kasutajale t\u00e4ielikku kasiinoelamust kodust lahkumata. Eriti p\u00f5nevaks ja reaalselt teeb m\u00e4ngu asjaolu, et samal ajal saab r\u00e4\u00e4kida teiste m\u00e4ngus olevate inimestega. Nagu olekski p\u00e4riselt kasiinos. <em>Live<\/em>-kasiino v\u00f5iduv\u00f5imalused ja p\u00f5nevus on sama suured kui tavalises kasiinos. Maria pakub m\u00e4ngijatele reaalajas kahte armastatud m\u00e4ngu \u2013 Blackjacki ja ruletti. Diilerid ise asuvad L\u00e4tis, kuid kahjuks p\u00e4ris kohapeale m\u00e4ngima minna ei saa.<\/p>\n<h2><strong>KONTAKT JA KLIENDITUGI<\/strong><\/h2>\n<p>Maria Casino klienditugi on nii eesti- kui ka ingliskeelne. N\u00e4iteks on v\u00f5imalik neile helistada, kuid klienditoe number on v\u00e4lismaine ning teenindus ingliskeelne. See-eest saab saata meili eesti keeles. Maria Casino klienditugi p\u00fc\u00fcab vastata k\u00fcsimustele 48 tunni jooksul. \u00d5nneks on kodulehel olemas ka vestlusaken, mille kaudu v\u00f5ib reaalajas abi saada emakeeles. Miinuseks on aga see, et <em>live<\/em>-vestlusaken ei ole igal ajal saadaval. V\u00f5imalus on valida ingliskeelne vestlusaken.<img loading=\"lazy\" class=\"size-medium wp-image-1237 alignright\" src=\"https:\/\/gamblers-united.com\/ee\/wp-content\/uploads\/sites\/2\/2018\/11\/maria-casino-kontakt-ja-klienditugi-300x153.jpg\" alt=\"maria casino kontakt ja klienditugi\" width=\"300\" height=\"153\" srcset=\"https:\/\/gamblers-united.com\/ee\/wp-content\/uploads\/sites\/2\/2018\/11\/maria-casino-kontakt-ja-klienditugi-300x153.jpg 300w, https:\/\/gamblers-united.com\/ee\/wp-content\/uploads\/sites\/2\/2018\/11\/maria-casino-kontakt-ja-klienditugi-767x392.jpg 767w, https:\/\/gamblers-united.com\/ee\/wp-content\/uploads\/sites\/2\/2018\/11\/maria-casino-kontakt-ja-klienditugi-1024x523.jpg 1024w, https:\/\/gamblers-united.com\/ee\/wp-content\/uploads\/sites\/2\/2018\/11\/maria-casino-kontakt-ja-klienditugi-788x402.jpg 788w, https:\/\/gamblers-united.com\/ee\/wp-content\/uploads\/sites\/2\/2018\/11\/maria-casino-kontakt-ja-klienditugi-599x306.jpg 599w, https:\/\/gamblers-united.com\/ee\/wp-content\/uploads\/sites\/2\/2018\/11\/maria-casino-kontakt-ja-klienditugi.jpg 1759w\" sizes=\"(max-width: 300px) 100vw, 300px\" \/><\/p>\n<p>Keelebarj\u00e4\u00e4ri v\u00e4ltimiseks pakub kasiino oma kodulehel v\u00e4ga p\u00f5hjalikku abisektsiooni. Sektsiooni leidmiseks tuleb kl\u00f5psata lehe alumises vasakus nurgas asuvale k\u00fcsim\u00e4rgiikoonile. Avanevalt lehelt leiab kategoriseeritud klienditoe lehe, mis vastab k\u00fcsimustele konto, boonuste, firma ja kasiinom\u00e4ngude kohta. Probleemide korral tasuks seega k\u00f5igepealt vastust otsida sealt.<\/p>\n<p><strong><span style=\"color: #263813;\">Kontakt<\/span>:<\/strong><\/p>\n<p>Telefon: +44 203 725 3791<\/p>\n<p>Meiliaadress: <strong>info@mariacasinosupport.ee<\/strong><\/p>\n<p>Reaalajas klienditugi: Veebilehe abisektsiooni all, lehek\u00fclje alumises nurgas<\/p>\n<h2><strong>VIP-PROGRAMM<\/strong><\/h2>\n<p>Maria Casinos puudub VIP-programm, kuid see-eest tehakse m\u00e4ngijatele aeg-ajalt vastavalt nende aktiivsusele erinevaid boonuspakkumisi.<\/p>\n<p>Huvitava lisandusena pakub Maria Casino bingo astmelist lojaalsusprogrammi. Kuidas see toimib? K\u00f5ik m\u00e4ngijad alustavad nullist ja saavad oma asetust parandada m\u00e4ngides bingot v\u00f5i minim\u00e4nge. Mida rohkem m\u00e4ngida, seda k\u00f5rgemale tasemele j\u00f5utakse. Taseme kerkides l\u00e4heb loosirattasse auhinnaks \u00fcha v\u00e4\u00e4rtuslikumaid ja vingemaid preemiad.<\/p>\n<h2><strong>KORDUMA KIPPUVAD K\u00dcSIMUSED<\/strong><\/h2>\n<p>[\/vc_column_text][\/vc_column][\/vc_row][vc_row][vc_column][vc_toggle title=&#8221;Millised on sisse- ja v\u00e4ljamakseviisid?&#8221; open=&#8221;true&#8221;]Maria Casinos saab sisse- ja v\u00e4ljamakseid teha lisaks krediitkaardile ja pangakontole ka Paysafecardi, Ukashi, Skrilli ja Netelleri kaudu.[\/vc_toggle][vc_toggle title=&#8221;Ma ei ole kindel, kas m\u00e4ngude valik on mulle sobiv. Kas saan enne registreerimist neid ka tasuta proovida?&#8221; open=&#8221;true&#8221;]Jah, m\u00e4nge saab proovida ka ilma p\u00e4risraha kasutamata. Selleks ei pea registreerima ega\u00a0 midagi alla laadima.[\/vc_toggle][vc_toggle title=&#8221;Kas Maria Casino m\u00e4ngud on ikkagi ausad ja \u00f5iglased?&#8221; open=&#8221;true&#8221;]Kasiino kasutab aususe tagamiseks testitud ja heaks kiidetud suvalise numbri loojat (RNG). See tagab, et keegi, ei ettev\u00f5te ega klient, ei saa s\u00fcsteemi manipuleerida.[\/vc_toggle][vc_toggle title=&#8221;Ma ei ole varem netikasiinosid kasutanud. Kas Maria Casino pakub ka m\u00e4ngude reegleid ja \u00f5petusi?&#8221; open=&#8221;true&#8221;]Jah. Kasiino on koondanud k\u00f5ik reeglid ning v\u00f5imalikud k\u00fcsimused oma abisektsiooni. See leidub siin: https:\/\/www.mariacasino.ee\/help\/casino-guides[\/vc_toggle]<div class=\"rehub_bordered_block rh_listitem \"><div class=\"rh-flex-center-align rh-flex-justify-center mobileblockdisplay\"><div class=\"rh_listcolumn rh_listcolumn_image text-center\"><a href=\"https:\/\/gamblers-united.com\/ee\/go\/maria-casino\/\" target=\"_blank\" rel=\"nofollow\"><img src=\"https:\/\/gamblers-united.com\/ee\/wp-content\/uploads\/sites\/2\/2018\/11\/maria-casino-logo.png\" alt=\"Maria Casino \u2013100% ine boonus 100 euro ulatuses ning 100 tasuta spinni\" \/><\/a><\/div><div class=\"rh_listcolumn rh-flex-grow1 rh_listcolumn_text\"><div class=\"font120 fontbold rehub-main-font lineheight20\">Maria Casino \u2013100% ine boonus 100 euro ulatuses ning 100 tasuta spinni<\/div><div class=\"mt10 greycolor font90 lineheight20\">Maria kasiino pakub uutele tulijatele 100% boonust kuni 100 euroni<\/div><\/div><div class=\"rh_listcolumn rh_listcolumn_price text-center\"><\/div><div class=\"text-right-align rh_listcolumn_btn\"><div class=\"priced_block clearfix\"><div><a href=\"https:\/\/gamblers-united.com\/ee\/go\/maria-casino\/\" class=\"re_track_btn btn_offer_block\" target=\"_blank\" rel=\"nofollow\">M\u00e4ngi Kohe<\/a><\/div><\/div><\/div><\/div><\/div><div class=\"clearfix\"><\/div>[\/vc_column][\/vc_row]<\/p>\n","protected":false},"excerpt":{"rendered":"<h1><strong>Maria Casino \u2013 glamuurne s\u00f5sarkasiino<\/strong><\/h1>\n<p>Maria Casino on\u00a0tuntud ja tunnustatud hasartm\u00e4nguoperaatori <a href=\"https:\/\/gamblers-united.com\/ee\/unibet\/\">Unibeti<\/a>\u00a0t\u00fctarettev\u00f5te. \u00a0Kasiino kuulub Kindred Gruppi, mis enam kui 15 miljoni kliendiga ja 100 turuga on maailma \u00fcks suurimaid hasartm\u00e4nguoperaatoreid. Kindred on p\u00fchendunud parima kasutajakogemuse pakkumisele, tagades seejuures turvalise ning \u00f5iglase m\u00e4ngukeskkonna. Grupp on <em>online<\/em>-hasartm\u00e4ngude t\u00f6\u00f6stusharus teerajaja. Veebilehte opereerib Lexbyte Digital Ltd, kes on Eesti Maksu- ja Tolliameti poolt litsentseeritud. V\u00f5ib kindel olla, et Maria kasiinos m\u00e4ngimine ning maksmine on igati turvaline.<\/p>\n<p>Maria Casino oli esimene <em>online<\/em>-kasiino, kelle sihtgrupiks olid just naissoost m\u00e4ngijad. Algselt oli seet\u00f5ttu ka veebilehe kujundus v\u00e4ga glamuurne ning naiselik. Praeguseks on rohkem kui 60% kasutajatest mehed, nii et m\u00e4ngulusti leidub k\u00f5igile.<\/p>\n<p>Aastaid tagasi oli tegemist veebilehega, kus sai peamiselt m\u00e4ngida bingot ja m\u00f5nda \u00fcksikut kasiinom\u00e4ngu. Viimaste aastatega on aga toimunud hulgaliselt uuendusi: pakutakse m\u00e4nguautomaate, kasiinom\u00e4nge, <em>live<\/em>-kasiinot ja kraapekaarte.<\/p>\n<p>Casinosenpai annab p\u00f5hjaliku \u00fclevaate Maria Casino <a href=\"https:\/\/gamblers-united.com\/ee\/\">internetikasiino<\/a> olemusest: milliseid m\u00e4nge seal leidub, millised on boonused uutele m\u00e4ngijatele, millised makseviisid on aktsepteeritud ja palju muud. Siit saate h\u00f5lpsasti teada, kas just see veebileht v\u00f5ib teile sobilik olla. Teised kasiinod, mis v\u00f5ivad teile meeldida on n\u00e4iteks <a href=\"https:\/\/gamblers-united.com\/ee\/paf\/\">Paf<\/a> ning <a href=\"https:\/\/gamblers-united.com\/ee\/optibet\/\">Optibet<\/a>.<\/p>\n","protected":false},"featured_media":1658,"comment_status":"open","ping_status":"closed","template":"","meta":[],"yoast_head":"<!-- This site is optimized with the Yoast SEO plugin v15.1.1 - https:\/\/yoast.com\/wordpress\/plugins\/seo\/ -->\n<title>Maria Casino Eesti - Loe Kasiino Arvustust Siit! - Casinosenpai<\/title>\n<meta name=\"description\" content=\"Liitu glamuursre Maria Casino -ga siin ja v\u00f5ta 100\u20ac boonust ning ka tasuta spinnid. Loe kasiino \u00fclevaadet siit!\" \/>\n<meta name=\"robots\" content=\"index, follow, max-snippet:-1, max-image-preview:large, max-video-preview:-1\" \/>\n<link rel=\"canonical\" href=\"https:\/\/gamblers-united.com\/ee\/maria-casino\/\" \/>\n<meta property=\"og:locale\" content=\"et_EE\" \/>\n<meta property=\"og:type\" content=\"article\" \/>\n<meta property=\"og:title\" content=\"Maria Casino Eesti - Loe Kasiino Arvustust Siit! - Casinosenpai\" \/>\n<meta property=\"og:description\" content=\"Liitu glamuursre Maria Casino -ga siin ja v\u00f5ta 100\u20ac boonust ning ka tasuta spinnid. Loe kasiino \u00fclevaadet siit!\" \/>\n<meta property=\"og:url\" content=\"https:\/\/gamblers-united.com\/ee\/maria-casino\/\" \/>\n<meta property=\"og:site_name\" content=\"Estonia\" \/>\n<meta property=\"article:modified_time\" content=\"2019-01-28T13:19:11+00:00\" \/>\n<meta property=\"og:image\" content=\"https:\/\/gamblers-united.com\/ee\/wp-content\/uploads\/sites\/2\/2018\/11\/maria-casino-1.jpg\" \/>\n\t<meta property=\"og:image:width\" content=\"1600\" \/>\n\t<meta property=\"og:image:height\" content=\"900\" \/>\n<meta name=\"twitter:card\" content=\"summary_large_image\" \/>\n<script type=\"application\/ld+json\" class=\"yoast-schema-graph\">{\"@context\":\"https:\/\/schema.org\",\"@graph\":[{\"@type\":\"WebSite\",\"@id\":\"https:\/\/gamblers-united.com\/ee\/#website\",\"url\":\"https:\/\/gamblers-united.com\/ee\/\",\"name\":\"Estonia\",\"description\":\"Just another Markets site\",\"potentialAction\":[{\"@type\":\"SearchAction\",\"target\":\"https:\/\/gamblers-united.com\/ee\/?s={search_term_string}\",\"query-input\":\"required name=search_term_string\"}],\"inLanguage\":\"et\"},{\"@type\":\"ImageObject\",\"@id\":\"https:\/\/gamblers-united.com\/ee\/maria-casino\/#primaryimage\",\"inLanguage\":\"et\",\"url\":\"https:\/\/gamblers-united.com\/ee\/wp-content\/uploads\/sites\/2\/2018\/11\/maria-casino-1.jpg\",\"width\":1600,\"height\":900,\"caption\":\"maria-casino\"},{\"@type\":\"WebPage\",\"@id\":\"https:\/\/gamblers-united.com\/ee\/maria-casino\/#webpage\",\"url\":\"https:\/\/gamblers-united.com\/ee\/maria-casino\/\",\"name\":\"Maria Casino Eesti - Loe Kasiino Arvustust Siit! - Casinosenpai\",\"isPartOf\":{\"@id\":\"https:\/\/gamblers-united.com\/ee\/#website\"},\"primaryImageOfPage\":{\"@id\":\"https:\/\/gamblers-united.com\/ee\/maria-casino\/#primaryimage\"},\"datePublished\":\"2018-11-12T20:23:14+00:00\",\"dateModified\":\"2019-01-28T13:19:11+00:00\",\"description\":\"Liitu glamuursre Maria Casino -ga siin ja v\\u00f5ta 100\\u20ac boonust ning ka tasuta spinnid. Loe kasiino \\u00fclevaadet siit!\",\"breadcrumb\":{\"@id\":\"https:\/\/gamblers-united.com\/ee\/maria-casino\/#breadcrumb\"},\"inLanguage\":\"et\",\"potentialAction\":[{\"@type\":\"ReadAction\",\"target\":[\"https:\/\/gamblers-united.com\/ee\/maria-casino\/\"]}]},{\"@type\":\"BreadcrumbList\",\"@id\":\"https:\/\/gamblers-united.com\/ee\/maria-casino\/#breadcrumb\",\"itemListElement\":[{\"@type\":\"ListItem\",\"position\":1,\"item\":{\"@type\":\"WebPage\",\"@id\":\"https:\/\/gamblers-united.com\/ee\/\",\"url\":\"https:\/\/gamblers-united.com\/ee\/\",\"name\":\"Kasiinod\"}},{\"@type\":\"ListItem\",\"position\":2,\"item\":{\"@type\":\"WebPage\",\"@id\":\"https:\/\/gamblers-united.com\/ee\/shop\/\",\"url\":\"https:\/\/gamblers-united.com\/ee\/shop\/\",\"name\":\"Tooted\"}},{\"@type\":\"ListItem\",\"position\":3,\"item\":{\"@type\":\"WebPage\",\"@id\":\"https:\/\/gamblers-united.com\/ee\/maria-casino\/\",\"url\":\"https:\/\/gamblers-united.com\/ee\/maria-casino\/\",\"name\":\"Maria Casino\"}}]}]}<\/script>\n<!-- \/ Yoast SEO plugin. -->","_links":{"self":[{"href":"https:\/\/gamblers-united.com\/ee\/wp-json\/wp\/v2\/product\/1231"}],"collection":[{"href":"https:\/\/gamblers-united.com\/ee\/wp-json\/wp\/v2\/product"}],"about":[{"href":"https:\/\/gamblers-united.com\/ee\/wp-json\/wp\/v2\/types\/product"}],"replies":[{"embeddable":true,"href":"https:\/\/gamblers-united.com\/ee\/wp-json\/wp\/v2\/comments?post=1231"}],"wp:featuredmedia":[{"embeddable":true,"href":"https:\/\/gamblers-united.com\/ee\/wp-json\/wp\/v2\/media\/1658"}],"wp:attachment":[{"href":"https:\/\/gamblers-united.com\/ee\/wp-json\/wp\/v2\/media?parent=1231"}],"curies":[{"name":"wp","href":"https:\/\/api.w.org\/{rel}","templated":true}]}}