{"id":1314,"date":"2018-11-20T21:09:00","date_gmt":"2018-11-20T21:09:00","guid":{"rendered":"https:\/\/gamblers-united.com\/ee\/?post_type=product&#038;p=1314"},"modified":"2019-01-28T13:13:57","modified_gmt":"2019-01-28T13:13:57","slug":"kingswin","status":"publish","type":"product","link":"https:\/\/gamblers-united.com\/ee\/kingswin\/","title":{"rendered":"Kingswin"},"content":{"rendered":"<p>[vc_row][vc_column][vc_column_text]<\/p>\n<h2><strong>Kingswin Boonuskood ja tasuta spinnid<\/strong><\/h2>\n<p>Kingswin paneb rohkem r\u00f5hku oma rikkalikule lojaalusprogrammile, mist\u00f5ttu boonuspakkumised j\u00e4\u00e4vad pigem tagaplaanile. Hetkeseisuga pakub kasiino lisaks alalistele tervitusboonusele ja lojaalsusprogrammile kolme eri m\u00e4nguga seotud boonust.<img loading=\"lazy\" class=\"size-medium wp-image-1342 alignleft\" src=\"https:\/\/gamblers-united.com\/ee\/wp-content\/uploads\/sites\/2\/2018\/11\/kingswin-boonuskood-300x225.jpg\" alt=\"kingswin boonuskood\" width=\"300\" height=\"225\" srcset=\"https:\/\/gamblers-united.com\/ee\/wp-content\/uploads\/sites\/2\/2018\/11\/kingswin-boonuskood-300x225.jpg 300w, https:\/\/gamblers-united.com\/ee\/wp-content\/uploads\/sites\/2\/2018\/11\/kingswin-boonuskood-768x575.jpg 768w, https:\/\/gamblers-united.com\/ee\/wp-content\/uploads\/sites\/2\/2018\/11\/kingswin-boonuskood-1024x767.jpg 1024w, https:\/\/gamblers-united.com\/ee\/wp-content\/uploads\/sites\/2\/2018\/11\/kingswin-boonuskood-788x590.jpg 788w, https:\/\/gamblers-united.com\/ee\/wp-content\/uploads\/sites\/2\/2018\/11\/kingswin-boonuskood-599x449.jpg 599w, https:\/\/gamblers-united.com\/ee\/wp-content\/uploads\/sites\/2\/2018\/11\/kingswin-boonuskood.jpg 853w\" sizes=\"(max-width: 300px) 100vw, 300px\" \/><\/p>\n<p>V\u00e4hemalt 20 \u20ac sissemakse tegemisel koodi WEALTH1 kasutades saab m\u00e4ngija lisaks 20 spinni m\u00e4ngule &#8220;Cash of Kingdoms&#8221;. Igal kolmap\u00e4eval saab &#8220;Dominators&#8221; slotikal v\u00f5tta tasuta spinne. Selleks tuleb aga samuti teha sissemakse ning\u00a0 kasutada sobivat boonuskoodi. Slotikal &#8220;Reel Talent&#8221; v\u00e4hemalt 25 \u20ac eest keerutades saab m\u00e4ngija osaleda loosimises. V\u00e4lja loositakse 25 000 \u20ac v\u00e4\u00e4rtuses sularahapreemiaid.<\/p>\n<p>Esimestel sissemaksetel oleks soodne kasutada Kingswini tervitusboonust. Boonust antakse lausa viiele esimesele sissemaksele. N\u00e4iteks v\u00f5ib esimesel sissemaksel 100 eurot makstes saada 100% boonust ning ka 55 tasuta keerutust. V\u00f5ib kasutada ka kr\u00fcptoraha ning seda duubeldada. Boonuste duubeldamisprotsendid on 25%\u2013 200% ning spinnide arvud vahemikus 55\u2013100. Tuleks meeles pidada, et reeglite j\u00e4rgi tuleb kanda Kingswini kontole v\u00e4hemalt 20 eurot ja kusjuures maksimaalne panus l\u00e4bim\u00e4ngimisel saab olla kuni 5 eurot.<\/p>\n<h2><strong>Mobiilis<\/strong><\/h2>\n<p>Kingswin mobiilikasiino on peaaegu et identne tavalise arvutis kasutatava veebisaidiga. \u00a0K\u00f5ik m\u00e4ngud on kohe esilehel ning k\u00f5igile saadaval. Sissemaksed, v\u00e4ljamaksed ja k\u00f5ik muu vajalik on samuti olemas, et pakkuda mugavat m\u00e4ngimist ka oma nutiseadmetel.<\/p>\n<p>Rakendust mobiilseadmetele aga Kingswin hetkel ei paku. \u00c4pi v\u00e4ljat\u00f6\u00f6tamine muudaks \u00a0kindlasti kasiinoelamuse nutiseadmetel paremaks ning kasiino enda k\u00e4ttesaadavamaks.<\/p>\n<h2><strong>M\u00e4ngud<\/strong><\/h2>\n<p>Kingswin ise s\u00f5nab, et on <em>slot<\/em>-t\u00fc\u00fcpi videom\u00e4ngudele spetsialiseerunud. Nad peavad seda t\u00fc\u00fcpi m\u00e4nge kasiinodes k\u00f5ige populaarsemateks, kuna need pakuvad boonusringe, m\u00e4ngud ise on v\u00e4ga rikkaliku graafikaga ja v\u00f5imalik \u00a0on v\u00f5ita v\u00e4ikese panuse abil suur v\u00f5it. Ilmselt peitub p\u00f5hjus ka selles, et slotikad pole keerulised strateegiam\u00e4ngud.<img loading=\"lazy\" class=\"size-medium wp-image-1343 alignright\" src=\"https:\/\/gamblers-united.com\/ee\/wp-content\/uploads\/sites\/2\/2018\/11\/kingswin-m\u00e4ngud-300x176.jpg\" alt=\"kingswin m\u00e4ngud\" width=\"300\" height=\"176\" srcset=\"https:\/\/gamblers-united.com\/ee\/wp-content\/uploads\/sites\/2\/2018\/11\/kingswin-m\u00e4ngud-300x176.jpg 300w, https:\/\/gamblers-united.com\/ee\/wp-content\/uploads\/sites\/2\/2018\/11\/kingswin-m\u00e4ngud-767x450.jpg 767w, https:\/\/gamblers-united.com\/ee\/wp-content\/uploads\/sites\/2\/2018\/11\/kingswin-m\u00e4ngud-1024x600.jpg 1024w, https:\/\/gamblers-united.com\/ee\/wp-content\/uploads\/sites\/2\/2018\/11\/kingswin-m\u00e4ngud-788x462.jpg 788w, https:\/\/gamblers-united.com\/ee\/wp-content\/uploads\/sites\/2\/2018\/11\/kingswin-m\u00e4ngud-599x351.jpg 599w, https:\/\/gamblers-united.com\/ee\/wp-content\/uploads\/sites\/2\/2018\/11\/kingswin-m\u00e4ngud.jpg 1141w\" sizes=\"(max-width: 300px) 100vw, 300px\" \/><\/p>\n<p>Kasiinom\u00e4ngude valik on Kingswini <em>online<\/em>-kasiinos korralik.\u00a0 K\u00f5ik tuntumad m\u00e4nguloojad on saidil esindatud: leidub nii MicroGamingu, BetSofti, NetEnti, QuickFire\u2019i, Endorphina kui ka teiste tuntud tootjate m\u00e4nge. Valikusse kuulub kokku ligi 400 m\u00e4ngu, millest enamiku moodustavadki slotim\u00e4ngud. Siiski leidub mitmeid unikaalseid m\u00e4nge, mida ehk mujal ei leidu.<\/p>\n<p>Lisaks eelmainitud populaarsetele slotikatele on Kingswinis palju muudki. Kindlasti ei puudu sealt klassikalised lauam\u00e4ngud: blackjack, rulett, pokker, baccarat ja muud. Neid m\u00e4nge saab kusjuures m\u00e4ngida ka reaalajas ehk Kingswin pakub oma kasutajatele <em>live<\/em>-m\u00e4nge. N\u00fc\u00fcdseks on selline kontseptsioon ilmselt k\u00f5igile \u00fcpriski tuttav: m\u00e4ngud toimuvad reaalajas ning diilerid on p\u00e4ris inimesed, kes teevad oma t\u00f6\u00f6d video vahendusel.<\/p>\n<p>Kingswini suunitluse t\u00f5ttu puudub hetkel spordiennustuste tegemise v\u00f5imalus, mis teistes <em>online<\/em>-kasiinodes enamasti olemas on. Pole teada, kas kasiino plaanib tulevikus oma m\u00e4ngijatele spordiennustusi v\u00f5imaldada v\u00f5i mitte.<\/p>\n<p>K\u00f5iki m\u00e4nge saab ka enne p\u00e4risraha kasutamist proovida. Seda v\u00f5imalust soovitame kindlasti kasutada algajatel m\u00e4nguritel.<\/p>\n<h2><strong>Kontakt ja klienditugi<\/strong><\/h2>\n<p>Kingswinis saab klienditoe poole p\u00f6\u00f6rduda k\u00f5ige kiiremini reaalajas vestluse vormis. See asub lehek\u00fclje alumises nurgas, kuid t\u00e4hele tuleks panna, et see on hetkel ainult inglise keeles. Kuna puudub info reaalajas kasutajatoe t\u00f6\u00f6aja kohta, v\u00f5ib eeldada, et see on \u00f6\u00f6p\u00e4ev ringi saadaval.<img loading=\"lazy\" class=\"size-medium wp-image-1344 alignleft\" src=\"https:\/\/gamblers-united.com\/ee\/wp-content\/uploads\/sites\/2\/2018\/11\/kingswin-kontakt-300x177.jpg\" alt=\"kingswin kontakt\" width=\"300\" height=\"177\" srcset=\"https:\/\/gamblers-united.com\/ee\/wp-content\/uploads\/sites\/2\/2018\/11\/kingswin-kontakt-300x177.jpg 300w, https:\/\/gamblers-united.com\/ee\/wp-content\/uploads\/sites\/2\/2018\/11\/kingswin-kontakt-766x453.jpg 766w, https:\/\/gamblers-united.com\/ee\/wp-content\/uploads\/sites\/2\/2018\/11\/kingswin-kontakt-1024x605.jpg 1024w, https:\/\/gamblers-united.com\/ee\/wp-content\/uploads\/sites\/2\/2018\/11\/kingswin-kontakt-788x465.jpg 788w, https:\/\/gamblers-united.com\/ee\/wp-content\/uploads\/sites\/2\/2018\/11\/kingswin-kontakt-599x354.jpg 599w, https:\/\/gamblers-united.com\/ee\/wp-content\/uploads\/sites\/2\/2018\/11\/kingswin-kontakt.jpg 1159w\" sizes=\"(max-width: 300px) 100vw, 300px\" \/><\/p>\n<p>K\u00fcsimused v\u00f5ib saata ka kontaktivormi kaudu, mille leiate kontaktandmete lehelt. Sinna v\u00f5ib kirjutada ka eesti keeles. Kahjuks Kingswini meeskonnaga telefoni teel kontakteerumine pole v\u00f5imalik.<\/p>\n<p>Korduma kippuvate k\u00fcsimuste jaoks on netikasiinol v\u00e4gagi p\u00f5hjalik abisektsioon. Selle v\u00f5ib leida, kui kerida lehek\u00fclje alla ning kl\u00f5psata nupule &#8220;KKK&#8221;. Kindlasti v\u00f5iks enne klienditoele kirjutamist piiluda sinna, ehk leiate vastuse kiirelt hoopis sealt!<\/p>\n<p><strong>Telefon<\/strong>: puudub<\/p>\n<p><strong>E-post<\/strong>: e-kirja saatmiseks on saidil kontaktivorm v\u00f5i aadressil support@kingswin.com<\/p>\n<p><strong>Reaalajas klienditugi<\/strong>: jah, lehek\u00fclje alumises nurgas<\/p>\n<h2><strong>VIP- Programm<\/strong><\/h2>\n<p>Kingswin pakub kasutajatele v\u00e4gagi p\u00f5nevat ning kaasahaaravat tasemetega lojaalsusprogrammi, kus m\u00e4ngija teenib punkte pelgalt kasiinos m\u00e4ngides. VIP-programmi k\u00f5rgema taseme auhinnad on v\u00e4gagi luksuslikud: raha, reis \u00fcmber maailma v\u00f5i isegi uus luksusauto.<\/p>\n<p>VIP-programmi viis taset on Sepp, Relvakandja, S\u00f5dalane, R\u00fc\u00fctel, Kuningas.<\/p>\n<ol>\n<li>Registreerudes alustab m\u00e4ngija tasemelt Sepp.<\/li>\n<li>J\u00e4rgmine tase kannab nimetust Relvakandja. Sel tasemel m\u00e4ngijad saavad boonusena igal n\u00e4dalal kuni 3% raha tagasi (<em>cashback<\/em>&#8217;i).<\/li>\n<li>Kolmas tase on S\u00f5dalane, mis omakorda jaguneb kolmeks etapiks. Esimene etapp toob m\u00e4ngijale 3% cashback\u2019i ning ka lisakingituse. Teisel etapil saab kasutaja 5% raha tagasi. Kolmandal etapil lisandub 5% <em>cashback<\/em>&#8217;ile <em>reload<\/em>-boonus summas kuni 100 \u20ac.<\/li>\n<li>Neljas tase kannab nimetust R\u00fc\u00fctel ning koosneb sarnaselt S\u00f5dalasele 3 etapist. Esimese etapi m\u00e4ngijad saavad 5% cashback\u2019i ning 150 \u20ac <em>reload<\/em>-boonust. Teisel etapil on v\u00f5imalik saada endale iPhone, 5% <em>cashback<\/em>\u2019i ning ka <em>reload<\/em>-boonus summas 200 \u20ac. Kolmanda etapi auhinnaks on iPad, 8% <em>cashback<\/em>\u2019i ja 250 \u20ac <em>reload<\/em>-boonus.<\/li>\n<li>Viimane ja k\u00f5rgeim tase on Kuningas, mis j\u00e4llegi jaguneb omakorda kolmeks. Sel tasemel ootavad m\u00e4ngijat t\u00f5eliselt lahedad kingitused. Esimesel etapil on v\u00f5imalik valida teleka v\u00f5i Macbooki vahel, lisaks 8% <em>cashback<\/em>\u2019i ja <em>reload-<\/em>boonuse summas 300 \u20ac. J\u00e4rgmisel etapil ootab hoopist\u00fckkis reis Los Angelesi ning 8% <em>cashback<\/em>\u2019i ja 400 \u20ac <em>reload<\/em>-boonus. Kolmandas ehk viimases etapis on auhinnaks Mercedes Benz luksusauto, 10% <em>cashback<\/em>\u2019i ning <em>reload<\/em>-boonus summas 500 \u20ac!<\/li>\n<\/ol>\n<p>K\u00f5ik need auhinnad tunduvad v\u00e4gagi ahvatlevad ning muudavad Kingswinis m\u00e4ngimise eriti kaasahaaravaks ning ehk ka tulutoovaks.<\/p>\n<h2><strong>Korduma kippuvad k\u00fcsimused<\/strong><\/h2>\n<p>[\/vc_column_text][\/vc_column][\/vc_row][vc_row][vc_column][vc_toggle title=&#8221;Millised on sisse- ja v\u00e4ljamakseviisid?&#8221; open=&#8221;true&#8221;]Kingswinis saavad Eesti kasutajad sissemakseid teha eurodes v\u00f5i lausa <em>bitcoin<\/em>&#8217;ides. Sisse- ja v\u00e4ljamaksete tegemiseks pakub Kingswin Swedbank, SEB, VISA, Mastercard, Skrill, Neteller ja Bitcoin maksev\u00f5imalusi. Sissemakse suurus peab olema v\u00e4hemalt 10 \u20ac ja maksimaalne lubatud sissemakse on 4000\u201310 000 \u20ac, olenevalt sissemakseviisist.[\/vc_toggle][vc_toggle title=&#8221;Kas Kingswini kasiino v\u00e4ljamaksed on kiired?&#8221; open=&#8221;true&#8221;]Kingswini eesm\u00e4rk on kinnitada k\u00f5ik v\u00e4ljamakse taotlused 12 tunni jooksul. Enamasti lubavad nad seda teha palju kiiremini.[\/vc_toggle][vc_toggle title=&#8221;Kas saan oma konto sulgeda?&#8221; open=&#8221;true&#8221;]Jah, konto sulgemine on v\u00f5imalik. Seda saab teha kas m\u00e4\u00e4ratud ajaks v\u00f5i l\u00f5plikult. M\u00e4\u00e4ratud ajaks saab kasutaja oma konto ise sulgeda ning konto taasavamiseks tuleks kontakteeruda klienditoega. Konto t\u00e4ielikuks sulgemiseks tuleb kohe kontakteeruda klienditoega, kuna seda ise teha ei saa. Sel juhul pole ka kontot v\u00f5imalik uuesti avada ega uut kontot luua.[\/vc_toggle]<div class=\"rehub_bordered_block rh_listitem \"><div class=\"rh-flex-center-align rh-flex-justify-center mobileblockdisplay\"><div class=\"rh_listcolumn rh_listcolumn_image text-center\"><a href=\"https:\/\/gamblers-united.com\/ee\/go\/kingswin\/\" target=\"_blank\" rel=\"nofollow\"><img src=\"https:\/\/gamblers-united.com\/ee\/wp-content\/uploads\/sites\/2\/2018\/11\/kingswin-logo.png\" alt=\"Kingswin \u2013555 eurone boonus tasuta sissemaksel\" \/><\/a><\/div><div class=\"rh_listcolumn rh-flex-grow1 rh_listcolumn_text\"><div class=\"font120 fontbold rehub-main-font lineheight20\">Kingswin \u2013555 eurone boonus tasuta sissemaksel<\/div><div class=\"mt10 greycolor font90 lineheight20\">Kasiino pakub esimese viie sissemaksega boonust kuni 555 euroni, mida saab isegi v\u00e4lja v\u00f5tta Bitcoinides<\/div><\/div><div class=\"rh_listcolumn rh_listcolumn_price text-center\"><\/div><div class=\"text-right-align rh_listcolumn_btn\"><div class=\"priced_block clearfix\"><div><a href=\"https:\/\/gamblers-united.com\/ee\/go\/kingswin\/\" class=\"re_track_btn btn_offer_block\" target=\"_blank\" rel=\"nofollow\">M\u00e4ngi Kohe<\/a><\/div><\/div><\/div><\/div><\/div><div class=\"clearfix\"><\/div>[\/vc_column][\/vc_row]<\/p>\n","protected":false},"excerpt":{"rendered":"<h1>Kingswin \u2013\u00a0p\u00f5neva VIP-programmiga <em>online<\/em>-kasiino<\/h1>\n<p>Kingswini kasiino on v\u00e4idetavalt Eestis esimene <em>online-<\/em><a href=\"https:\/\/gamblers-united.com\/ee\/\">kasiino<\/a>, kus saab sisse- ja v\u00e4ljamakseid teha nii eurodes kui ka Bitcoin kr\u00fcptovaluutas. Kingswini m\u00e4ngude hulgas on suur valik Microgaming, Play\u2019n GO, Net Entertainment, BetSoft Gaming ja Endorphina loodud kasiinom\u00e4nge.<\/p>\n<p>Kasiino l\u00e4bis hiljuti uuenduskuuri t\u00e4nu millele on disain uuenduslikum ning puhtam, veebileht kergemini kasutatav ning paljude poolt t\u00e4heldatud keele- ja t\u00f5lkeprobleemid likvideeritud. Tulemuseks visuaalselt hea veebileht, mis on selgesti m\u00f5istetav ning kust on h\u00f5lbus informatsiooni leida.<\/p>\n<p>Kingswini netikasiinos m\u00e4ngimine on eestlastele turvaline, kuna firma on litsentseeritud ja reguleeritud, et pakkuda hasartm\u00e4ngude teenust Eesti haldusala all. Kingswin.com omanikuks on Kingswin Online ning firma t\u00f6\u00f6tab Eesti Maksu- ja Tolliameti litsentsi alusel nagu ka <a href=\"https:\/\/gamblers-united.com\/ee\/maria-casino\/\">Maria Casino<\/a>, <a href=\"https:\/\/gamblers-united.com\/ee\/coolbet\/\">coolbet<\/a> ja <a href=\"https:\/\/gamblers-united.com\/ee\/chanz\/\">chanz<\/a>.<\/p>\n<p>Casinosenpai pakub omalt poolt sel lehel v\u00f5imalikult palju informatsiooni Kingswini <em>online<\/em>-kasiino kohta. Nii saab lugeja kiiresti langetada otsuse, kas Kingswini boonused, pakutavad m\u00e4ngud ning auhinnad on tema aega ja raha v\u00e4\u00e4rt.<\/p>\n","protected":false},"featured_media":1657,"comment_status":"open","ping_status":"closed","template":"","meta":[],"yoast_head":"<!-- This site is optimized with the Yoast SEO plugin v15.1.1 - https:\/\/yoast.com\/wordpress\/plugins\/seo\/ -->\n<title>Kingswin Eesti \u00bb Kuningatele m\u00f5eldud kasiino? V\u00f5ta Boonus!<\/title>\n<meta name=\"description\" content=\"Kas sinus on piisavalt kuningat, et v\u00f5ita kasiinos Kingswin? Liitu ning loe arvustust siit ning saa 555 eurot boonust.\" \/>\n<meta name=\"robots\" content=\"index, follow, max-snippet:-1, max-image-preview:large, max-video-preview:-1\" \/>\n<link rel=\"canonical\" href=\"https:\/\/gamblers-united.com\/ee\/kingswin\/\" \/>\n<meta property=\"og:locale\" content=\"et_EE\" \/>\n<meta property=\"og:type\" content=\"article\" \/>\n<meta property=\"og:title\" content=\"Kingswin Eesti \u00bb Kuningatele m\u00f5eldud kasiino? V\u00f5ta Boonus!\" \/>\n<meta property=\"og:description\" content=\"Kas sinus on piisavalt kuningat, et v\u00f5ita kasiinos Kingswin? Liitu ning loe arvustust siit ning saa 555 eurot boonust.\" \/>\n<meta property=\"og:url\" content=\"https:\/\/gamblers-united.com\/ee\/kingswin\/\" \/>\n<meta property=\"og:site_name\" content=\"Estonia\" \/>\n<meta property=\"article:modified_time\" content=\"2019-01-28T13:13:57+00:00\" \/>\n<meta property=\"og:image\" content=\"https:\/\/gamblers-united.com\/ee\/wp-content\/uploads\/sites\/2\/2018\/11\/kingswin-1.jpg\" \/>\n\t<meta property=\"og:image:width\" content=\"1600\" \/>\n\t<meta property=\"og:image:height\" content=\"900\" \/>\n<meta name=\"twitter:card\" content=\"summary_large_image\" \/>\n<script type=\"application\/ld+json\" class=\"yoast-schema-graph\">{\"@context\":\"https:\/\/schema.org\",\"@graph\":[{\"@type\":\"WebSite\",\"@id\":\"https:\/\/gamblers-united.com\/ee\/#website\",\"url\":\"https:\/\/gamblers-united.com\/ee\/\",\"name\":\"Estonia\",\"description\":\"Just another Markets site\",\"potentialAction\":[{\"@type\":\"SearchAction\",\"target\":\"https:\/\/gamblers-united.com\/ee\/?s={search_term_string}\",\"query-input\":\"required name=search_term_string\"}],\"inLanguage\":\"et\"},{\"@type\":\"ImageObject\",\"@id\":\"https:\/\/gamblers-united.com\/ee\/kingswin\/#primaryimage\",\"inLanguage\":\"et\",\"url\":\"https:\/\/gamblers-united.com\/ee\/wp-content\/uploads\/sites\/2\/2018\/11\/kingswin-1.jpg\",\"width\":1600,\"height\":900,\"caption\":\"kingswin\"},{\"@type\":\"WebPage\",\"@id\":\"https:\/\/gamblers-united.com\/ee\/kingswin\/#webpage\",\"url\":\"https:\/\/gamblers-united.com\/ee\/kingswin\/\",\"name\":\"Kingswin Eesti \\u00bb Kuningatele m\\u00f5eldud kasiino? V\\u00f5ta Boonus!\",\"isPartOf\":{\"@id\":\"https:\/\/gamblers-united.com\/ee\/#website\"},\"primaryImageOfPage\":{\"@id\":\"https:\/\/gamblers-united.com\/ee\/kingswin\/#primaryimage\"},\"datePublished\":\"2018-11-20T21:09:00+00:00\",\"dateModified\":\"2019-01-28T13:13:57+00:00\",\"description\":\"Kas sinus on piisavalt kuningat, et v\\u00f5ita kasiinos Kingswin? Liitu ning loe arvustust siit ning saa 555 eurot boonust.\",\"breadcrumb\":{\"@id\":\"https:\/\/gamblers-united.com\/ee\/kingswin\/#breadcrumb\"},\"inLanguage\":\"et\",\"potentialAction\":[{\"@type\":\"ReadAction\",\"target\":[\"https:\/\/gamblers-united.com\/ee\/kingswin\/\"]}]},{\"@type\":\"BreadcrumbList\",\"@id\":\"https:\/\/gamblers-united.com\/ee\/kingswin\/#breadcrumb\",\"itemListElement\":[{\"@type\":\"ListItem\",\"position\":1,\"item\":{\"@type\":\"WebPage\",\"@id\":\"https:\/\/gamblers-united.com\/ee\/\",\"url\":\"https:\/\/gamblers-united.com\/ee\/\",\"name\":\"Kasiinod\"}},{\"@type\":\"ListItem\",\"position\":2,\"item\":{\"@type\":\"WebPage\",\"@id\":\"https:\/\/gamblers-united.com\/ee\/shop\/\",\"url\":\"https:\/\/gamblers-united.com\/ee\/shop\/\",\"name\":\"Tooted\"}},{\"@type\":\"ListItem\",\"position\":3,\"item\":{\"@type\":\"WebPage\",\"@id\":\"https:\/\/gamblers-united.com\/ee\/kingswin\/\",\"url\":\"https:\/\/gamblers-united.com\/ee\/kingswin\/\",\"name\":\"Kingswin\"}}]}]}<\/script>\n<!-- \/ Yoast SEO plugin. -->","_links":{"self":[{"href":"https:\/\/gamblers-united.com\/ee\/wp-json\/wp\/v2\/product\/1314"}],"collection":[{"href":"https:\/\/gamblers-united.com\/ee\/wp-json\/wp\/v2\/product"}],"about":[{"href":"https:\/\/gamblers-united.com\/ee\/wp-json\/wp\/v2\/types\/product"}],"replies":[{"embeddable":true,"href":"https:\/\/gamblers-united.com\/ee\/wp-json\/wp\/v2\/comments?post=1314"}],"wp:featuredmedia":[{"embeddable":true,"href":"https:\/\/gamblers-united.com\/ee\/wp-json\/wp\/v2\/media\/1657"}],"wp:attachment":[{"href":"https:\/\/gamblers-united.com\/ee\/wp-json\/wp\/v2\/media?parent=1314"}],"curies":[{"name":"wp","href":"https:\/\/api.w.org\/{rel}","templated":true}]}}