{"id":716,"date":"2018-01-22T21:22:28","date_gmt":"2018-01-22T21:22:28","guid":{"rendered":"http:\/\/rewisedemo.wpsoul.net\/?post_type=product&#038;p=716"},"modified":"2019-03-18T13:11:30","modified_gmt":"2019-03-18T13:11:30","slug":"olybet","status":"publish","type":"product","link":"https:\/\/gamblers-united.com\/ee\/olybet\/","title":{"rendered":"Olybet"},"content":{"rendered":"<p>[vc_row][vc_column]<div class=\"rehub_bordered_block rh_listitem \"><div class=\"rh-flex-center-align rh-flex-justify-center mobileblockdisplay\"><div class=\"rh_listcolumn rh_listcolumn_image text-center\"><a href=\"https:\/\/gamblers-united.com\/ee\/go\/olybet\/\" target=\"_blank\" rel=\"nofollow\"><img src=\"https:\/\/gamblers-united.com\/ee\/wp-content\/uploads\/sites\/2\/2018\/01\/olybet-boonus.png\" alt=\"OlyBet \u2013 100% boonus kuni 300\u20ac + 300 spinni\" \/><\/a><\/div><div class=\"rh_listcolumn rh-flex-grow1 rh_listcolumn_text\"><div class=\"font120 fontbold rehub-main-font lineheight20\">OlyBet \u2013 100% boonus kuni 300\u20ac + 300 spinni<\/div><div class=\"mt10 greycolor font90 lineheight20\">OlyBet kasiino annab igale uuele m\u00e4ngijale kuni 300 eurot kasiinoboonust ja kuni 300 tasuta spinni Starburst slotikale. <\/div><\/div><div class=\"rh_listcolumn rh_listcolumn_price text-center\"><\/div><div class=\"text-right-align rh_listcolumn_btn\"><div class=\"priced_block clearfix\"><div><a href=\"https:\/\/gamblers-united.com\/ee\/go\/olybet\/\" class=\"re_track_btn btn_offer_block\" target=\"_blank\" rel=\"nofollow\">M\u00e4ngi Kohe<\/a><\/div><\/div><\/div><\/div><\/div><div class=\"clearfix\"><\/div>[\/vc_column][\/vc_row][vc_row][vc_column][vc_column_text]<\/p>\n<h3><span style=\"color: #263813;\">OlyBet.ee mobiilis<\/span><\/h3>\n<p>OlyBet mobiilis mobiilikasiino m\u00e4ngimise v\u00f5imalus on sul nii Android kui ja Apple seadmetele kohandatud rakenduse abil. Samuti mobiili brauseris ja seda ilma alla laadimise vajaduseta.<\/p>\n<p><img loading=\"lazy\" class=\"size-medium wp-image-964 alignleft\" src=\"https:\/\/gamblers-united.com\/ee\/wp-content\/uploads\/sites\/2\/2018\/01\/olybet.ee_-300x300.png\" alt=\"olybet.ee\" width=\"300\" height=\"300\" srcset=\"https:\/\/gamblers-united.com\/ee\/wp-content\/uploads\/sites\/2\/2018\/01\/olybet.ee_-300x300.png 300w, https:\/\/gamblers-united.com\/ee\/wp-content\/uploads\/sites\/2\/2018\/01\/olybet.ee_-150x150.png 150w, https:\/\/gamblers-united.com\/ee\/wp-content\/uploads\/sites\/2\/2018\/01\/olybet.ee_-768x768.png 768w, https:\/\/gamblers-united.com\/ee\/wp-content\/uploads\/sites\/2\/2018\/01\/olybet.ee_-1024x1024.png 1024w, https:\/\/gamblers-united.com\/ee\/wp-content\/uploads\/sites\/2\/2018\/01\/olybet.ee_-788x788.png 788w, https:\/\/gamblers-united.com\/ee\/wp-content\/uploads\/sites\/2\/2018\/01\/olybet.ee_-600x600.png 600w, https:\/\/gamblers-united.com\/ee\/wp-content\/uploads\/sites\/2\/2018\/01\/olybet.ee_-100x100.png 100w, https:\/\/gamblers-united.com\/ee\/wp-content\/uploads\/sites\/2\/2018\/01\/olybet.ee_.png 256w\" sizes=\"(max-width: 300px) 100vw, 300px\" \/><\/p>\n<h3><span style=\"color: #263813;\">OlyBet kasiino, m\u00e4ngud ja ennustused<\/span><\/h3>\n<p>OlyBetis on k\u00fclluslik valik erinevaid spordiennustusi. Samas ei puudu traditsioonilised m\u00e4ngud. Hiljuti tegi t\u00e4ieliku uuenduskuuri l\u00e4bi ka kasiino, kus on n\u00fc\u00fcd veelgi kaasaegsemad v\u00f5imalused n\u00e4iteks pokkeri m\u00e4ngimiseks.<\/p>\n<p>&nbsp;<\/p>\n<h2>OlyBet boonuskood ja tasuta spinnid<\/h2>\n<p>OlyBet\u2019il on n\u00fc\u00fcd varasemast tunduvalt rohkem soodustusi, sealhulgas on pakkumisel OlyBet boonuskood, <a href=\"https:\/\/gamblers-united.com\/ee\/tasuta-spinnid\/\">tasuta spinnid<\/a> ja boonusraha. Ei ole harvad juhused, kus erinevaid boonuseid on suisa k\u00fcmne ringis. Pokkeris\u00f5pradele teeb kindlasti head meelt see, et enim soodustusi on saadaval tavaliselt pokkeris.<\/p>\n<h3><span style=\"color: #263813;\">Boonuskood<\/span><\/h3>\n<p>Olybet boonuskood on k\u00f5ige sagedasemani kasutusel uute registreerijate soodustusena. Kuid \u00e4ra ei ole unustatud ka juba olemasolevaid m\u00e4ngijaid. Seega hoia kindlasti silm peal sellel, milline boonuskood on hetkel pakkuda. Tee seda n\u00e4iteks nende kodulehel \u201eKampaaniad\u201c sektsioonis. Boonuskood pakub sulle erinevaid soodustusi alates tasuta boonusraha kampaaniatest kuni ahvatlevate auhindade ja reisideni v\u00e4lja.<\/p>\n<p><img loading=\"lazy\" class=\"size-medium wp-image-965 alignright\" src=\"https:\/\/gamblers-united.com\/ee\/wp-content\/uploads\/sites\/2\/2018\/01\/olybet-boonuskood-ja-tasuta-spinnid-300x211.jpg\" alt=\"olybet boonuskood ja tasuta spinnid\" width=\"300\" height=\"211\" srcset=\"https:\/\/gamblers-united.com\/ee\/wp-content\/uploads\/sites\/2\/2018\/01\/olybet-boonuskood-ja-tasuta-spinnid-300x211.jpg 300w, https:\/\/gamblers-united.com\/ee\/wp-content\/uploads\/sites\/2\/2018\/01\/olybet-boonuskood-ja-tasuta-spinnid-768x540.jpg 768w, https:\/\/gamblers-united.com\/ee\/wp-content\/uploads\/sites\/2\/2018\/01\/olybet-boonuskood-ja-tasuta-spinnid-1024x720.jpg 1024w, https:\/\/gamblers-united.com\/ee\/wp-content\/uploads\/sites\/2\/2018\/01\/olybet-boonuskood-ja-tasuta-spinnid-788x554.jpg 788w, https:\/\/gamblers-united.com\/ee\/wp-content\/uploads\/sites\/2\/2018\/01\/olybet-boonuskood-ja-tasuta-spinnid-600x422.jpg 600w, https:\/\/gamblers-united.com\/ee\/wp-content\/uploads\/sites\/2\/2018\/01\/olybet-boonuskood-ja-tasuta-spinnid.jpg 1369w\" sizes=\"(max-width: 300px) 100vw, 300px\" \/>Tutvu aga kindlasti sellega, milliseid kasutusreegleid boonuskood eeldab. Nii v\u00f5ib selle taga oleva soodustuse saamise eelduseks olla n\u00e4iteks sissemakse ja l\u00e4bim\u00e4ngimise kohustus.<\/p>\n<h3><span style=\"color: #263813;\">Tasuta spinnid<\/span><\/h3>\n<p>Tihtipeale on nad tasuta spinnid lauale l\u00f6\u00f6nud siis, kui nende m\u00e4nguvalikusse on lisandunud uusi slotikaid. Sel puhul korraldatakse ka slotikaturniire, kus sul on v\u00f5imalus v\u00f5ita v\u00e4gagi ahvatlevaid auhindu.<\/p>\n<h2>OlyBet mobiilis<\/h2>\n<p>OlyBet on loonud v\u00e4ga mugava lahenduse oma teenuste kasutamiseks k\u00f5ikjal, kus on sinu telefon. Mobiilikasiino kohaldub kenasti k\u00f5igile telefonidele, millel on Android v\u00f5i Apple\u2019i operatsioonis\u00fcsteem.<img loading=\"lazy\" class=\"size-medium wp-image-966 alignleft\" src=\"https:\/\/gamblers-united.com\/ee\/wp-content\/uploads\/sites\/2\/2018\/01\/olybet-mobiilis-300x300.png\" alt=\"olybet mobiilis\" width=\"300\" height=\"300\" srcset=\"https:\/\/gamblers-united.com\/ee\/wp-content\/uploads\/sites\/2\/2018\/01\/olybet-mobiilis-300x300.png 300w, https:\/\/gamblers-united.com\/ee\/wp-content\/uploads\/sites\/2\/2018\/01\/olybet-mobiilis-150x150.png 150w, https:\/\/gamblers-united.com\/ee\/wp-content\/uploads\/sites\/2\/2018\/01\/olybet-mobiilis-768x768.png 768w, https:\/\/gamblers-united.com\/ee\/wp-content\/uploads\/sites\/2\/2018\/01\/olybet-mobiilis-1024x1024.png 1024w, https:\/\/gamblers-united.com\/ee\/wp-content\/uploads\/sites\/2\/2018\/01\/olybet-mobiilis-788x788.png 788w, https:\/\/gamblers-united.com\/ee\/wp-content\/uploads\/sites\/2\/2018\/01\/olybet-mobiilis-600x600.png 600w, https:\/\/gamblers-united.com\/ee\/wp-content\/uploads\/sites\/2\/2018\/01\/olybet-mobiilis-100x100.png 100w, https:\/\/gamblers-united.com\/ee\/wp-content\/uploads\/sites\/2\/2018\/01\/olybet-mobiilis.png 256w\" sizes=\"(max-width: 300px) 100vw, 300px\" \/><\/p>\n<p>Mobiiltelefoni kaudu esmakordselt mobiilsele lehele minnes avaneb sul v\u00f5imalus kohe ka konto loomiseks. Seej\u00e4rel on sul edaspidi v\u00f5imalus esilehelt mugavalt liikuda endale huvipakkuva kategooria juurde \u2013 spordiennustus, m\u00e4ngude leht, kampaaniad v\u00f5i kasiino.<\/p>\n<h3><span style=\"color: #263813;\">Kasiino mobiilis<\/span><\/h3>\n<p>OlyBet mobiilis keskkonnas on mugavalt m\u00e4ngitav kasiinoleht, kust leiad mitmeid kaardi- ja lauam\u00e4nge. Valikus on nii rulett, blackjack kui ka Iron Man Scratch ja mitmed teised p\u00f5nevad m\u00e4ngud. M\u00e4ngude lehelt leiad palju p\u00f5nevaid slotim\u00e4nge parimatelt m\u00e4ngutootjatelt \u00fcle maailma.<\/p>\n<h3><span style=\"color: #263813;\">Spordiennustus mobiilis<\/span><\/h3>\n<p>OlyBet spordiennustuse lehele on kokku kogutud \u00e4\u00e4retult suur valik erinevaid spordis\u00fcndmusi ja meelelahutus\u00fcritusi nii meilt kui mujalt maailmast. K\u00f5igile neile panustamine on tehtud v\u00e4ga lihtsaks ja kiireks. Sul on v\u00f5imalus valida nii pre-match kui ka live-panused.<\/p>\n<h2>M\u00e4ngud<\/h2>\n<p>OlyBet Eesti lehelt leiad laia valiku meelelahutust. J\u00e4rgnevalt teemegi neist p\u00f5gusa \u00fclevaate.<img loading=\"lazy\" class=\"size-medium wp-image-967 alignright\" src=\"https:\/\/gamblers-united.com\/ee\/wp-content\/uploads\/sites\/2\/2018\/01\/olybet-m\u00e4ngud-300x213.jpg\" alt=\"olybet m\u00e4ngud\" width=\"300\" height=\"213\" srcset=\"https:\/\/gamblers-united.com\/ee\/wp-content\/uploads\/sites\/2\/2018\/01\/olybet-m\u00e4ngud-300x213.jpg 300w, https:\/\/gamblers-united.com\/ee\/wp-content\/uploads\/sites\/2\/2018\/01\/olybet-m\u00e4ngud-768x545.jpg 768w, https:\/\/gamblers-united.com\/ee\/wp-content\/uploads\/sites\/2\/2018\/01\/olybet-m\u00e4ngud-1024x727.jpg 1024w, https:\/\/gamblers-united.com\/ee\/wp-content\/uploads\/sites\/2\/2018\/01\/olybet-m\u00e4ngud-788x559.jpg 788w, https:\/\/gamblers-united.com\/ee\/wp-content\/uploads\/sites\/2\/2018\/01\/olybet-m\u00e4ngud-599x425.jpg 599w, https:\/\/gamblers-united.com\/ee\/wp-content\/uploads\/sites\/2\/2018\/01\/olybet-m\u00e4ngud.jpg 1371w\" sizes=\"(max-width: 300px) 100vw, 300px\" \/><\/p>\n<h3><span style=\"color: #263813;\">OlyBet pokker<\/span><\/h3>\n<p>OlyBet pokker on tuntud ja tunnustatud paljude online-pokkeri huviliste seas. Kasiinol on selleks olemas suisa eraldi pokkeritarkvara, mida on v\u00f5imalik oma arvutisse laadida. Kuid soovi korral saad mugavalt m\u00e4ngida ka brauseri versioonis.<\/p>\n<p>Nad korraldavad tihti erinevaid pokkeriturniire, kus summad ulatuvad lausa 40 000 euroni.<\/p>\n<p>Pokker on saadaval ka mobiilis ning t\u00f6\u00f6tab uudsel HTML5 p\u00f5hjal. Seda on v\u00f5imalus m\u00e4ngida sul nii Android kui Apple nutiseadmetel.<\/p>\n<h3><span style=\"color: #263813;\">Kasiino<\/span><\/h3>\n<p>Hiljuti uuenenud kasiinolehelt leida \u00fcle 400 slotika. OlyBet kasiino on \u00fcks v\u00e4hestest, kus saab teha ka n\u00f6 panusem\u00e4nge ja vaadata live\u2019is diileri kaartiladumisi ja t\u00e4ringute veeretamisi. Need m\u00e4ngud asuvad \u201eBetgames\u201c katergoorias.<\/p>\n<p>Lauam\u00e4nge leiad kasiino lehel enam kui 30. Kohal on loomulikult k\u00f5ik tuntud m\u00e4ngud, sealhulgas rulett ja blackjack. Ja mis veelgi \u00e4gedam, soovi korral v\u00f5id m\u00e4ngida neid live-kasiinos koos ehtsa kena diileriga!<\/p>\n<h3><span style=\"color: #263813;\">OlyBet spordiennustus<\/span><\/h3>\n<p>OlyBet Eesti on pakkunud spordiennustusi alates aastast 2013. Lisaks tavap\u00e4rastele spordipanustele pakuvad nad Eestis ka live-spordiennustust.<img loading=\"lazy\" class=\"size-medium wp-image-968 alignleft\" src=\"https:\/\/gamblers-united.com\/ee\/wp-content\/uploads\/sites\/2\/2018\/01\/olybet-spordiennustus-300x209.jpg\" alt=\"olybet spordiennustus\" width=\"300\" height=\"209\" srcset=\"https:\/\/gamblers-united.com\/ee\/wp-content\/uploads\/sites\/2\/2018\/01\/olybet-spordiennustus-300x209.jpg 300w, https:\/\/gamblers-united.com\/ee\/wp-content\/uploads\/sites\/2\/2018\/01\/olybet-spordiennustus-767x535.jpg 767w, https:\/\/gamblers-united.com\/ee\/wp-content\/uploads\/sites\/2\/2018\/01\/olybet-spordiennustus-1024x714.jpg 1024w, https:\/\/gamblers-united.com\/ee\/wp-content\/uploads\/sites\/2\/2018\/01\/olybet-spordiennustus-788x549.jpg 788w, https:\/\/gamblers-united.com\/ee\/wp-content\/uploads\/sites\/2\/2018\/01\/olybet-spordiennustus-600x418.jpg 600w, https:\/\/gamblers-united.com\/ee\/wp-content\/uploads\/sites\/2\/2018\/01\/olybet-spordiennustus.jpg 1387w\" sizes=\"(max-width: 300px) 100vw, 300px\" \/><\/p>\n<p>Peale p\u00f5neva online ennustuste portaali, leiad nii Tallinnast, Tartust kui J\u00f5hvist mitmeid spordibaare.<\/p>\n<p>OlyBet on rohkelt tuntust kogunud ka kui Eesti spordi suurtoetaja.<\/p>\n<h2>OlyBet kontakt<\/h2>\n<p>OlyBetist on sul v\u00f5imalus saada kiire ja personaalne vastus k\u00f5igile k\u00fcsimustele n\u00e4dalaringselt. Seda pakub hoolikalt valitud ja h\u00e4sti koolitatud klienditeeninduspersonal.<img loading=\"lazy\" class=\"size-medium wp-image-969 alignright\" src=\"https:\/\/gamblers-united.com\/ee\/wp-content\/uploads\/sites\/2\/2018\/01\/olybet-kontakt-300x210.jpg\" alt=\"olybet kontakt\" width=\"300\" height=\"210\" srcset=\"https:\/\/gamblers-united.com\/ee\/wp-content\/uploads\/sites\/2\/2018\/01\/olybet-kontakt-300x210.jpg 300w, https:\/\/gamblers-united.com\/ee\/wp-content\/uploads\/sites\/2\/2018\/01\/olybet-kontakt-767x537.jpg 767w, https:\/\/gamblers-united.com\/ee\/wp-content\/uploads\/sites\/2\/2018\/01\/olybet-kontakt-1024x717.jpg 1024w, https:\/\/gamblers-united.com\/ee\/wp-content\/uploads\/sites\/2\/2018\/01\/olybet-kontakt-788x551.jpg 788w, https:\/\/gamblers-united.com\/ee\/wp-content\/uploads\/sites\/2\/2018\/01\/olybet-kontakt-600x420.jpg 600w, https:\/\/gamblers-united.com\/ee\/wp-content\/uploads\/sites\/2\/2018\/01\/olybet-kontakt.jpg 1381w\" sizes=\"(max-width: 300px) 100vw, 300px\" \/><\/p>\n<h3><span style=\"color: #263813;\">Chat<\/span><\/h3>\n<p>Chati teel on sul v\u00f5imalus \u00fchendust saada iga p\u00e4ev hommikul 8st kuni hilise s\u00fcda\u00f6\u00f6 kella 2ni (GMT +3:00). Pane t\u00e4hele, et sulle v\u00f5idakse vastata ka inglise keeles. Seda sellistel juhtudel, kui eestikeelne teenindaja ei saa sulle kiiret ja operatiivset vastust hetkel anda.<\/p>\n<h3><span style=\"color: #263813;\">E-mail<\/span><\/h3>\n<p>Samuti on sul oma k\u00fcsimuste ja j\u00e4relp\u00e4ringutega v\u00f5imalus p\u00f6\u00f6rduda e-maili teel<\/p>\n<h3><span style=\"color: #263813;\">Sotsiaalmeedias<\/span><\/h3>\n<p>OlyBet.ee kasiino lehed leiad ka Facebookist ja Instagramist:<\/p>\n<p>Facebook: https:\/\/www.facebook.com\/olybetestonia\/<\/p>\n<p>Instagram: https:\/\/www.instagram.com\/olybet\/<\/p>\n<h2>Mis on\u00a0 OlyBet VIP \u2013 programm \/ VIP-klubi ja kuidas sellega liituda?<\/h2>\n<p>OlyBet VIP programm pakub k\u00f5rgemaid boonuseid ja paremaid m\u00e4ngutingimusi. Enamus soodustused on aga keskendunud pokkerile. Seega on pokkeri m\u00e4ngijad eriti eelistatud seisus.<\/p>\n<p>Omades VIP staatust, saad sa l\u00e4bi pokkeri m\u00e4ngimise koguda punkte, mida p\u00e4rast siis vahetada oivaliste auhindade vastu. Selleks v\u00f5ib olla lausa ka p\u00e4ris raha.<img loading=\"lazy\" class=\"size-medium wp-image-970 alignright\" src=\"https:\/\/gamblers-united.com\/ee\/wp-content\/uploads\/sites\/2\/2018\/01\/olybet-vip-300x300.png\" alt=\"olybet vip\" width=\"300\" height=\"300\" srcset=\"https:\/\/gamblers-united.com\/ee\/wp-content\/uploads\/sites\/2\/2018\/01\/olybet-vip-300x300.png 300w, https:\/\/gamblers-united.com\/ee\/wp-content\/uploads\/sites\/2\/2018\/01\/olybet-vip-150x150.png 150w, https:\/\/gamblers-united.com\/ee\/wp-content\/uploads\/sites\/2\/2018\/01\/olybet-vip-768x768.png 768w, https:\/\/gamblers-united.com\/ee\/wp-content\/uploads\/sites\/2\/2018\/01\/olybet-vip-1024x1024.png 1024w, https:\/\/gamblers-united.com\/ee\/wp-content\/uploads\/sites\/2\/2018\/01\/olybet-vip-788x788.png 788w, https:\/\/gamblers-united.com\/ee\/wp-content\/uploads\/sites\/2\/2018\/01\/olybet-vip-600x600.png 600w, https:\/\/gamblers-united.com\/ee\/wp-content\/uploads\/sites\/2\/2018\/01\/olybet-vip-100x100.png 100w, https:\/\/gamblers-united.com\/ee\/wp-content\/uploads\/sites\/2\/2018\/01\/olybet-vip.png 256w\" sizes=\"(max-width: 300px) 100vw, 300px\" \/><\/p>\n<p>VIP-klubi liikmeks saamisel ei ole sul vaja teha mitte midagi muud, kui lihtsalt osaleda pokkeri m\u00e4ngudes. L\u00e4bi selle kogud boonuspunkte ja need lojaalsuspunktid saad hiljem vahetada rahaks v\u00f5i erinevateks turniiripiletiteks.<\/p>\n<p>OlyBet VIP programm koosneb erinevatest tasmetest. Mida rohkem sul VIP-klubi punkte on, seda k\u00f5rgemale VIP tasemele t\u00f5used. Taseme t\u00f5usuga kasvavad loomulikult ka pakutavad soodustused ja igakuine rahatagastus.<\/p>\n<p>Tutvu VIP-klubi tingimuste ja pakkumistega nende veebilehel.<\/p>\n<h2>Korduma kippuvad k\u00fcsimused<\/h2>\n<p>[\/vc_column_text][\/vc_column][\/vc_row][vc_row][vc_column][vc_toggle title=&#8221;Kui vanalt saab avada konto?&#8221; open=&#8221;true&#8221;]Konto avamiseks peab sul vanust olema v\u00e4hemalt 18 eluaastat. Samas vastavalt Hasartm\u00e4nguseadusele Eestis ei tohi alla 21-aastane isik \u00f5nnem\u00e4ngu m\u00e4ngida, k\u00fcll aga totot ehk spordiennustust.[\/vc_toggle][vc_toggle title=&#8221;Mis on spordibaarid?&#8221; open=&#8221;true&#8221;]Lisaks online ennustuste portaalile leiad nii Tallinnast, Tartust kui J\u00f5hvist mitmeid spordibaare, kus koos s\u00f5pradega aega viita ja \u00fcheskoos suurtelt ekraanidelt v\u00f5istlusi vaadata ning ennustusi teha.<\/p>\n<p>Olympic kasiinodes asuvad spordibaarid on spordis\u00f5prade kohtumispaik. V\u00f5id kindel olla, et suuremate spordis\u00fcndmuste korral saad seal koos teiste spordihuvilistega vaadata tele\u00fclekandeid, soovi korral tulemusi ennustada ja neile panuseid teha.<\/p>\n<p>Spordibaaris kohapeal on olemas ennustusterminalid ja teleekraanid. Spetsiaalselt reaalajas panustamise v\u00f5imaldamiseks on loodud erilahendus tahvelarvutitele. K\u00fcsi neid spordibaari k\u00fclastades kasiino kassast![\/vc_toggle][vc_toggle title=&#8221;Kas v\u00e4ljamakse on v\u00f5imalik saada ka sularahas?&#8221; open=&#8221;true&#8221;]OlyBet pakub ainsana Eestis oma m\u00e4ngijatele sularaha sissemakse v\u00f5imalust. Seda saad teha Olympic Casino kassades. Kusjuures need kajastuvad sinu kontol koheselt peale tehingu sooritamist.<\/p>\n<p>V\u00e4ljamakse v\u00f5imalus on soovi korral samuti sularahas. Ka neid saad teha Olympic Casinos, kuid nende kinnitamiseks kulub keskmiselt 1 \u2013 3 t\u00f6\u00f6p\u00e4eva.<\/p>\n<p>Kasutusel on loomulikult ka sisse- ja v\u00e4ljamaksed l\u00e4bi Eesti suuremate kommertspankade, krediitkaartide ning Skrill ja Neteller online-rahakoti.[\/vc_toggle]<div class=\"rehub_bordered_block rh_listitem \"><div class=\"rh-flex-center-align rh-flex-justify-center mobileblockdisplay\"><div class=\"rh_listcolumn rh_listcolumn_image text-center\"><a href=\"https:\/\/gamblers-united.com\/ee\/go\/olybet\/\" target=\"_blank\" rel=\"nofollow\"><img src=\"https:\/\/gamblers-united.com\/ee\/wp-content\/uploads\/sites\/2\/2018\/01\/olybet-boonus.png\" alt=\"OlyBet \u2013 100% boonus kuni 300\u20ac + 300 spinni\" \/><\/a><\/div><div class=\"rh_listcolumn rh-flex-grow1 rh_listcolumn_text\"><div class=\"font120 fontbold rehub-main-font lineheight20\">OlyBet \u2013 100% boonus kuni 300\u20ac + 300 spinni<\/div><div class=\"mt10 greycolor font90 lineheight20\">OlyBet kasiino annab igale uuele m\u00e4ngijale kuni 300 eurot kasiinoboonust ja kuni 300 tasuta spinni Starburst slotikale. <\/div><\/div><div class=\"rh_listcolumn rh_listcolumn_price text-center\"><\/div><div class=\"text-right-align rh_listcolumn_btn\"><div class=\"priced_block clearfix\"><div><a href=\"https:\/\/gamblers-united.com\/ee\/go\/olybet\/\" class=\"re_track_btn btn_offer_block\" target=\"_blank\" rel=\"nofollow\">M\u00e4ngi Kohe<\/a><\/div><\/div><\/div><\/div><\/div><div class=\"clearfix\"><\/div>[\/vc_column][\/vc_row]<\/p>\n","protected":false},"excerpt":{"rendered":"<h1>OlyBet Eesti \u2013suurim ja vanim litsentseeritud online \u2013 hasartm\u00e4ngupakkuja Eestis<\/h1>\n<p>Olympic Entertainment Group (OEG) koos Eesti suurima hasartm\u00e4ngude operaatori Olympic Casino Eesti AS-iga hakkasid netipokkeri m\u00e4ngimist pakkuma juba 2010. aasta alguses. Algselt toimetati Olympic &#8211; Online kaubam\u00e4rgi all. Alates 2013. aastast tegutsetakse Micorgaming v\u00f5rgustikus ja OlyBet nime all. Lisaks on esindatud teised meelelahutusemaailma juhtivad tarkvaratootjad nagu Net Entertainment, Playtech, iForium ja Bet Construct.<br \/>\nOlympic Entertainment Group\u2019i aktsia on noteeritud Tallinna b\u00f6rsil. Seet\u00f5ttu on m\u00e4ngimine internetikasiino keskkonnas veelgi turvalisem, sest kogu ettev\u00f5tte tegevus peab olema avatud ja l\u00e4bipaistev.<br \/>\nOlyBet online &#8211; <a href=\"https:\/\/gamblers-united.com\/ee\/\">kasiino<\/a> tegevus on tihedalt seotud maapealse Olympic Casino tegevusega. \u00dcheskoos panustatakse sellesse, et online \u2013 m\u00e4nge inimestele aina rohkem tutvustada ja nende m\u00e4ngimist populariseerida.<br \/>\nSiit lehelt saad sa kiire \u00fclevaate portaalis olevatest m\u00e4ngudest, sellest, mis on OlyBet boonuskood ja boonusraha ning millised v\u00e4ljamakse tingimused. Samuti milliseid v\u00f5imalusi pakub VIP programm ja panustamisv\u00f5imalusi spordiennustus. M\u00f5ned teised kasiinod, millest v\u00f5ite huvitunud olla on n\u00e4iteks <a href=\"https:\/\/gamblers-united.com\/ee\/coolbet\/\">Coolbet<\/a>, <a href=\"https:\/\/gamblers-united.com\/ee\/betsafe\/\">Betsafe<\/a> ning <a href=\"https:\/\/gamblers-united.com\/ee\/chanz\/\">Chanz<\/a>.<\/p>\n","protected":false},"featured_media":1666,"comment_status":"open","ping_status":"closed","template":"","meta":[],"yoast_head":"<!-- This site is optimized with the Yoast SEO plugin v15.1.1 - https:\/\/yoast.com\/wordpress\/plugins\/seo\/ -->\n<title>OlyBet Eesti Kasiino \u00bb V\u00f5ta 100% Boonus \u00bb 300 Tasuta Spinni!<\/title>\n<meta name=\"description\" content=\"[Eriline Boonus] OlyBet kasiinos ootab sind suurim valik kasiinom\u00e4nge ning 300\u20ac boonust ning tasuta spinne. Samuti leiad parima spordiennustuse!\" \/>\n<meta name=\"robots\" content=\"index, follow, max-snippet:-1, max-image-preview:large, max-video-preview:-1\" \/>\n<link rel=\"canonical\" href=\"https:\/\/gamblers-united.com\/ee\/olybet\/\" \/>\n<meta property=\"og:locale\" content=\"et_EE\" \/>\n<meta property=\"og:type\" content=\"article\" \/>\n<meta property=\"og:title\" content=\"OlyBet Eesti Kasiino \u00bb V\u00f5ta 100% Boonus \u00bb 300 Tasuta Spinni!\" \/>\n<meta property=\"og:description\" content=\"[Eriline Boonus] OlyBet kasiinos ootab sind suurim valik kasiinom\u00e4nge ning 300\u20ac boonust ning tasuta spinne. Samuti leiad parima spordiennustuse!\" \/>\n<meta property=\"og:url\" content=\"https:\/\/gamblers-united.com\/ee\/olybet\/\" \/>\n<meta property=\"og:site_name\" content=\"Estonia\" \/>\n<meta property=\"article:modified_time\" content=\"2019-03-18T13:11:30+00:00\" \/>\n<meta property=\"og:image\" content=\"https:\/\/gamblers-united.com\/ee\/wp-content\/uploads\/sites\/2\/2018\/01\/olybet-kasiino.jpg\" \/>\n\t<meta property=\"og:image:width\" content=\"1600\" \/>\n\t<meta property=\"og:image:height\" content=\"900\" \/>\n<meta name=\"twitter:card\" content=\"summary_large_image\" \/>\n<script type=\"application\/ld+json\" class=\"yoast-schema-graph\">{\"@context\":\"https:\/\/schema.org\",\"@graph\":[{\"@type\":\"WebSite\",\"@id\":\"https:\/\/gamblers-united.com\/ee\/#website\",\"url\":\"https:\/\/gamblers-united.com\/ee\/\",\"name\":\"Estonia\",\"description\":\"Just another Markets site\",\"potentialAction\":[{\"@type\":\"SearchAction\",\"target\":\"https:\/\/gamblers-united.com\/ee\/?s={search_term_string}\",\"query-input\":\"required name=search_term_string\"}],\"inLanguage\":\"et\"},{\"@type\":\"ImageObject\",\"@id\":\"https:\/\/gamblers-united.com\/ee\/olybet\/#primaryimage\",\"inLanguage\":\"et\",\"url\":\"https:\/\/gamblers-united.com\/ee\/wp-content\/uploads\/sites\/2\/2018\/01\/olybet-kasiino.jpg\",\"width\":1600,\"height\":900,\"caption\":\"olybet kasiino\"},{\"@type\":\"WebPage\",\"@id\":\"https:\/\/gamblers-united.com\/ee\/olybet\/#webpage\",\"url\":\"https:\/\/gamblers-united.com\/ee\/olybet\/\",\"name\":\"OlyBet Eesti Kasiino \\u00bb V\\u00f5ta 100% Boonus \\u00bb 300 Tasuta Spinni!\",\"isPartOf\":{\"@id\":\"https:\/\/gamblers-united.com\/ee\/#website\"},\"primaryImageOfPage\":{\"@id\":\"https:\/\/gamblers-united.com\/ee\/olybet\/#primaryimage\"},\"datePublished\":\"2018-01-22T21:22:28+00:00\",\"dateModified\":\"2019-03-18T13:11:30+00:00\",\"description\":\"[Eriline Boonus] OlyBet kasiinos ootab sind suurim valik kasiinom\\u00e4nge ning 300\\u20ac boonust ning tasuta spinne. Samuti leiad parima spordiennustuse!\",\"breadcrumb\":{\"@id\":\"https:\/\/gamblers-united.com\/ee\/olybet\/#breadcrumb\"},\"inLanguage\":\"et\",\"potentialAction\":[{\"@type\":\"ReadAction\",\"target\":[\"https:\/\/gamblers-united.com\/ee\/olybet\/\"]}]},{\"@type\":\"BreadcrumbList\",\"@id\":\"https:\/\/gamblers-united.com\/ee\/olybet\/#breadcrumb\",\"itemListElement\":[{\"@type\":\"ListItem\",\"position\":1,\"item\":{\"@type\":\"WebPage\",\"@id\":\"https:\/\/gamblers-united.com\/ee\/\",\"url\":\"https:\/\/gamblers-united.com\/ee\/\",\"name\":\"Kasiinod\"}},{\"@type\":\"ListItem\",\"position\":2,\"item\":{\"@type\":\"WebPage\",\"@id\":\"https:\/\/gamblers-united.com\/ee\/shop\/\",\"url\":\"https:\/\/gamblers-united.com\/ee\/shop\/\",\"name\":\"Tooted\"}},{\"@type\":\"ListItem\",\"position\":3,\"item\":{\"@type\":\"WebPage\",\"@id\":\"https:\/\/gamblers-united.com\/ee\/olybet\/\",\"url\":\"https:\/\/gamblers-united.com\/ee\/olybet\/\",\"name\":\"Olybet\"}}]}]}<\/script>\n<!-- \/ Yoast SEO plugin. -->","_links":{"self":[{"href":"https:\/\/gamblers-united.com\/ee\/wp-json\/wp\/v2\/product\/716"}],"collection":[{"href":"https:\/\/gamblers-united.com\/ee\/wp-json\/wp\/v2\/product"}],"about":[{"href":"https:\/\/gamblers-united.com\/ee\/wp-json\/wp\/v2\/types\/product"}],"replies":[{"embeddable":true,"href":"https:\/\/gamblers-united.com\/ee\/wp-json\/wp\/v2\/comments?post=716"}],"wp:featuredmedia":[{"embeddable":true,"href":"https:\/\/gamblers-united.com\/ee\/wp-json\/wp\/v2\/media\/1666"}],"wp:attachment":[{"href":"https:\/\/gamblers-united.com\/ee\/wp-json\/wp\/v2\/media?parent=716"}],"curies":[{"name":"wp","href":"https:\/\/api.w.org\/{rel}","templated":true}]}}