{"id":948,"date":"2018-08-17T11:13:40","date_gmt":"2018-08-17T11:13:40","guid":{"rendered":"https:\/\/gamblers-united.com\/ee\/?post_type=product&#038;p=948"},"modified":"2019-03-18T13:10:31","modified_gmt":"2019-03-18T13:10:31","slug":"betsafe","status":"publish","type":"product","link":"https:\/\/gamblers-united.com\/ee\/betsafe\/","title":{"rendered":"Betsafe"},"content":{"rendered":"<p>[vc_row][vc_column]<div class=\"rehub_bordered_block rh_listitem \"><div class=\"rh-flex-center-align rh-flex-justify-center mobileblockdisplay\"><div class=\"rh_listcolumn rh_listcolumn_image text-center\"><a href=\"https:\/\/gamblers-united.com\/ee\/go\/betsafe\/\" target=\"_blank\" rel=\"nofollow\"><img src=\"https:\/\/gamblers-united.com\/ee\/wp-content\/uploads\/sites\/2\/2018\/08\/betsafe-boonus.png\" alt=\"Betsafe \u2013 kuni 250 eurot boonust + 150 tasuta spinni\" \/><\/a><\/div><div class=\"rh_listcolumn rh-flex-grow1 rh_listcolumn_text\"><div class=\"font120 fontbold rehub-main-font lineheight20\">Betsafe \u2013 kuni 250 eurot boonust + 150 tasuta spinni<\/div><div class=\"mt10 greycolor font90 lineheight20\">Betsafe'iga liitudes saad oma esimestele sissemaksetele lisaks kuni 250 eurot tervitusboonust ja 150 tasuta spinni. <\/div><\/div><div class=\"rh_listcolumn rh_listcolumn_price text-center\"><\/div><div class=\"text-right-align rh_listcolumn_btn\"><div class=\"priced_block clearfix\"><div><a href=\"https:\/\/gamblers-united.com\/ee\/go\/betsafe\/\" class=\"re_track_btn btn_offer_block\" target=\"_blank\" rel=\"nofollow\">M\u00e4ngi Kohe<\/a><\/div><\/div><\/div><\/div><\/div><div class=\"clearfix\"><\/div>[\/vc_column][\/vc_row][vc_row][vc_column][vc_column_text]<\/p>\n<h2>Betsafe Eesti poolt peamiselt pakutavad teenused on:<\/h2>\n<ul>\n<li>Pokker<\/li>\n<li>Kasiino (ka live kasiino)<\/li>\n<li>Spordiennustus<\/li>\n<li>Rulett<\/li>\n<\/ul>\n<p>Betsafe\u2019il on enam kui 250 virtuaalset m\u00e4nguautomaati ja suur hulk erinevaid live-m\u00e4nge. Viimase variandi puhul on m\u00e4ngijatel v\u00f5imalus m\u00e4ngida p\u00e4ris diileriga. \u00dcks neist m\u00e4ngudest on n\u00e4iteks rulett aga ka Blackjack, Baccara ja pokker on esindatud live m\u00e4ngude valikus.<img loading=\"lazy\" class=\"size-medium wp-image-971 alignright\" src=\"https:\/\/gamblers-united.com\/ee\/wp-content\/uploads\/sites\/2\/2018\/08\/betsafe-eesti-300x300.png\" alt=\"betsafe eesti\" width=\"300\" height=\"300\" srcset=\"https:\/\/gamblers-united.com\/ee\/wp-content\/uploads\/sites\/2\/2018\/08\/betsafe-eesti-300x300.png 300w, https:\/\/gamblers-united.com\/ee\/wp-content\/uploads\/sites\/2\/2018\/08\/betsafe-eesti-150x150.png 150w, https:\/\/gamblers-united.com\/ee\/wp-content\/uploads\/sites\/2\/2018\/08\/betsafe-eesti-768x768.png 768w, https:\/\/gamblers-united.com\/ee\/wp-content\/uploads\/sites\/2\/2018\/08\/betsafe-eesti-1024x1024.png 1024w, https:\/\/gamblers-united.com\/ee\/wp-content\/uploads\/sites\/2\/2018\/08\/betsafe-eesti-788x788.png 788w, https:\/\/gamblers-united.com\/ee\/wp-content\/uploads\/sites\/2\/2018\/08\/betsafe-eesti-600x600.png 600w, https:\/\/gamblers-united.com\/ee\/wp-content\/uploads\/sites\/2\/2018\/08\/betsafe-eesti-100x100.png 100w, https:\/\/gamblers-united.com\/ee\/wp-content\/uploads\/sites\/2\/2018\/08\/betsafe-eesti.png 256w\" sizes=\"(max-width: 300px) 100vw, 300px\" \/><\/p>\n<h3><span style=\"color: #263813;\">Mobiilne versioon<\/span><\/h3>\n<p>Betsafe on loonud oma m\u00e4ngude m\u00e4ngimiseks mobiiltelefonis \u00e4\u00e4retult mugava ja h\u00e4sti kohanduva veebilehe. Kogu lehek\u00fclg on t\u00e4ies ulatuses ja mahus kasutatav k\u00f5igil tuntumatele mobiilsetel seadmetel.<\/p>\n<h3><span style=\"color: #263813;\">M\u00e4ngija privaatsus portaalis m\u00e4ngimisel<\/span><\/h3>\n<p>Betsafe veebileht ei avalda sinu isikuandmeid kolmandatele isikutele.\u00a0 V\u00e4lja arvatud olukordades, kui see on etten\u00e4htud seadusega v\u00f5i kui andmeid on vajalik vahetada maksete tegemiseks ja konto kontrolltoimingutega sooritamiseks.<\/p>\n<p>K\u00f5ik sinu t\u00e4htsad andmed on kaitstud SSL-kr\u00fcpteeringuga ning turvalisuse tagavad regulaarseid kontrolle tegevad Betsafe\u2019ist s\u00f5ltumatud auditoorid.<\/p>\n<h2>Mis on Betsafe boonuskood ja tasuta spinnid?<\/h2>\n<p>Betsafe kasiinos m\u00e4ngides saad tasuta boonused ja spinnid \u00fcsna v\u00e4hese vaevaga. Neid pakutakse nii uutele liitujatele kui ka juba pikaaegsetele lojaalsetele m\u00e4ngijatele. Seega tasub olla kindlasti Betsafe.ee kasiino e-maili uudiskirja listis, registreerida oma mobiiltelefoni number v\u00f5i aeg ajalt enda konto postkasti vaadata. Just nende kaudu saadetakse eripakkumisi juba olemasolevatele klientidele.<\/p>\n<p>Boonused ja tasuta spinnid on saadaval neile, kelle konto on registreeritud aadressiga Eestis ja vanust \u00fcle 21 aasta. Boonuse saamiseks on vajalik Betsafe boonuskood.<\/p>\n<p>K\u00f5ige levinum on sissemaksuboonus ja tasuta spinnid slotim\u00e4ngus. Boonusraha suurus ja tasuta spinnide hulk s\u00f5ltub sellest, millise rahalise sissemakse sa oma konto loomisel ja m\u00e4ngima hakkamisel teed. Mida suurem on sissemakse, seda heldemad on ka Betsafe boonused.<img loading=\"lazy\" class=\"size-medium wp-image-972 alignleft\" src=\"https:\/\/gamblers-united.com\/ee\/wp-content\/uploads\/sites\/2\/2018\/08\/betsafe-boonuskood-300x197.jpg\" alt=\"betsafe boonuskood\" width=\"300\" height=\"197\" srcset=\"https:\/\/gamblers-united.com\/ee\/wp-content\/uploads\/sites\/2\/2018\/08\/betsafe-boonuskood-300x197.jpg 300w, https:\/\/gamblers-united.com\/ee\/wp-content\/uploads\/sites\/2\/2018\/08\/betsafe-boonuskood-767x505.jpg 767w, https:\/\/gamblers-united.com\/ee\/wp-content\/uploads\/sites\/2\/2018\/08\/betsafe-boonuskood-1024x674.jpg 1024w, https:\/\/gamblers-united.com\/ee\/wp-content\/uploads\/sites\/2\/2018\/08\/betsafe-boonuskood-788x518.jpg 788w, https:\/\/gamblers-united.com\/ee\/wp-content\/uploads\/sites\/2\/2018\/08\/betsafe-boonuskood-599x394.jpg 599w, https:\/\/gamblers-united.com\/ee\/wp-content\/uploads\/sites\/2\/2018\/08\/betsafe-boonuskood.jpg 1147w\" sizes=\"(max-width: 300px) 100vw, 300px\" \/><\/p>\n<p>Sissemaksuboonused on sulle saadaval kohe peale konto registreerimist. Nende kasutamiseks on vajalik aga ka endapoolse sissemakse tegemine. Kui soovid boonusraha abil v\u00f5idetud summasid enda kasutusse saada, on Betsafe v\u00e4ljamakse jaoks seadnud l\u00e4bim\u00e4ngimise kohustuse. Ja enne tasuta boonusraha kasutamist pead sa panustama oma m\u00e4ngukontol olevat raha.<\/p>\n<p>Tasuta spinnid on saadaval \u00fcldjuhul kohe peale seda, kui sul on sooritatud esimene sissemakse. Pane t\u00e4hele, et tasuta spinnid on saadaval 7 p\u00e4eva jooksul p\u00e4rast nende kontole lisamist v\u00f5i hetkest kui on Betsafe\u2019ilt saadud e-mail, SMS v\u00f5i teade enda kontole.<\/p>\n<h2>Betsafe mobiilis (Betsafe Mobile)<\/h2>\n<p>Betsafe mobiilis h\u00e4sti kohanduv sait v\u00f5imaldab sul teha spordiennustusi, m\u00e4ngida kasiinom\u00e4nge ja pokkerit ajast ja kohast s\u00f5ltumata. Kas v\u00f5i poej\u00e4rjekorras oodates. Vajalik on vaid sinu mobiiltelefoni olemasolu. Mobiilne kasiino on k\u00e4ttesaadav k\u00f5igi levinumate mobiiltelefonide ja tahvelarvutitega.<img loading=\"lazy\" class=\"alignright wp-image-973 size-thumbnail\" src=\"https:\/\/gamblers-united.com\/ee\/wp-content\/uploads\/sites\/2\/2018\/08\/betsafe-mobiilis-150x150.png\" alt=\"betsafe mobiilis\" width=\"150\" height=\"150\" srcset=\"https:\/\/gamblers-united.com\/ee\/wp-content\/uploads\/sites\/2\/2018\/08\/betsafe-mobiilis-150x150.png 150w, https:\/\/gamblers-united.com\/ee\/wp-content\/uploads\/sites\/2\/2018\/08\/betsafe-mobiilis-300x300.png 300w, https:\/\/gamblers-united.com\/ee\/wp-content\/uploads\/sites\/2\/2018\/08\/betsafe-mobiilis-768x768.png 768w, https:\/\/gamblers-united.com\/ee\/wp-content\/uploads\/sites\/2\/2018\/08\/betsafe-mobiilis-1024x1024.png 1024w, https:\/\/gamblers-united.com\/ee\/wp-content\/uploads\/sites\/2\/2018\/08\/betsafe-mobiilis-788x788.png 788w, https:\/\/gamblers-united.com\/ee\/wp-content\/uploads\/sites\/2\/2018\/08\/betsafe-mobiilis-600x600.png 600w, https:\/\/gamblers-united.com\/ee\/wp-content\/uploads\/sites\/2\/2018\/08\/betsafe-mobiilis-100x100.png 100w, https:\/\/gamblers-united.com\/ee\/wp-content\/uploads\/sites\/2\/2018\/08\/betsafe-mobiilis.png 256w\" sizes=\"(max-width: 150px) 100vw, 150px\" \/><\/p>\n<p>Mobiilses versioonis on olemas pea k\u00f5ik need samad m\u00e4ngud, mis arvutiga kasiinot k\u00fclastaval m\u00e4ngijal.<\/p>\n<h3><span style=\"color: #263813;\">Spordiennustus mobiilis<\/span><\/h3>\n<p>Betsafe mobiilne spordiennustus pakub panustamise v\u00f5imalust enam kui 13 000 s\u00fcndmusele. Esindatud on k\u00f5ik populaarsemad spordialad ja suuremad spordiv\u00f5istlused. Kuid soovi korral saad teha panuseid ka v\u00e4ikestele kohalikele liigadele.<\/p>\n<h3><span style=\"color: #263813;\">Kasiino mobiilis<\/span><\/h3>\n<p>Betsafe kasiinos on sul v\u00f5imalus m\u00e4ngida k\u00f5iki klassikalisi m\u00e4nge Gonzo\u2019s Questist kuni Starburstini. Ja valik aina kasvab!<\/p>\n<h3><span style=\"color: #263813;\">Pokker mobiilis<\/span><\/h3>\n<p>Betsafe pokkerit on v\u00f5imalus m\u00e4ngida erinevatel tasemetel ja igal ajal. Valikus on nii raham\u00e4ngud kui ka Blaze pokker.<\/p>\n<h2>M\u00e4ngud ja spordiennustus<\/h2>\n<p>Betsafe Eesti kasiino valikus on palju k\u00f5rgetasemelisi veebip\u00f5hiseid m\u00e4nge senin\u00e4gematu kvaliteediga. Kasiino tarkvara on testinud ja kontrollinud k\u00f5rgetasemelised s\u00f5ltumatud v\u00e4lisettev\u00f5tted &#8211; Riiklik Kriminalistikalaboratoorium Rootsis ja Technical Systems Testing Kanadast.<img loading=\"lazy\" class=\"size-medium wp-image-974 alignleft\" src=\"https:\/\/gamblers-united.com\/ee\/wp-content\/uploads\/sites\/2\/2018\/08\/betsafe-m\u00e4ngud-300x200.jpg\" alt=\"betsafe m\u00e4ngud\" width=\"300\" height=\"200\" srcset=\"https:\/\/gamblers-united.com\/ee\/wp-content\/uploads\/sites\/2\/2018\/08\/betsafe-m\u00e4ngud-300x200.jpg 300w, https:\/\/gamblers-united.com\/ee\/wp-content\/uploads\/sites\/2\/2018\/08\/betsafe-m\u00e4ngud-768x512.jpg 768w, https:\/\/gamblers-united.com\/ee\/wp-content\/uploads\/sites\/2\/2018\/08\/betsafe-m\u00e4ngud-1024x683.jpg 1024w, https:\/\/gamblers-united.com\/ee\/wp-content\/uploads\/sites\/2\/2018\/08\/betsafe-m\u00e4ngud-788x525.jpg 788w, https:\/\/gamblers-united.com\/ee\/wp-content\/uploads\/sites\/2\/2018\/08\/betsafe-m\u00e4ngud-600x400.jpg 600w, https:\/\/gamblers-united.com\/ee\/wp-content\/uploads\/sites\/2\/2018\/08\/betsafe-m\u00e4ngud.jpg 1141w\" sizes=\"(max-width: 300px) 100vw, 300px\" \/><\/p>\n<h3><span style=\"color: #263813;\">Betsafe pokker<\/span><\/h3>\n<p>Betsafe pokkerituba on Baltimaade suurim. Pokkerit on sul v\u00f5imalus m\u00e4ngida nii brauseris, mobiilis kuid ka alla laetuna sinu arvutis.<\/p>\n<p>Iga n\u00e4dal tehakse nii olemasolevatele kui uutele m\u00e4ngijatele ahvatlevaid ja kaasahaaravaid pakkumisi. Kusjuures liitumisel on sul v\u00f5imalus saada lausa kuni 1000 euro suurune boonusraha!<\/p>\n<h4><span style=\"color: #263813;\">Pokkerim\u00e4ngud<\/span><\/h4>\n<p>Valikus on nii Bad Beat, Blaze Poker, Sit &amp; Go turniirid, Fish Party SNG ja paljud teised!<\/p>\n<h3><span style=\"color: #263813;\">Betsafe spordiennustus<\/span><\/h3>\n<p>Betsafe spordiennustus pakub sulle rohkelt v\u00f5imalusi panustada suurele hulgale spordialadele. Esindatud on nii suuremad kui v\u00e4iksemad liigad, suurv\u00f5istlused ja palju muud.<\/p>\n<p>Kasiino pakub ka tasuta panuseid, sissemaksuboonuseid ja mitmikpanuste kindlustamist. Hoia silm peal nii neil, kui ka blogis olevatel ennustusvihjetel ja mitmetel heade n\u00f5uannetel.<img loading=\"lazy\" class=\"size-medium wp-image-975 alignright\" src=\"https:\/\/gamblers-united.com\/ee\/wp-content\/uploads\/sites\/2\/2018\/08\/betsafe-spordiennustus-300x195.jpg\" alt=\"betsafe spordiennustus\" width=\"300\" height=\"195\" srcset=\"https:\/\/gamblers-united.com\/ee\/wp-content\/uploads\/sites\/2\/2018\/08\/betsafe-spordiennustus-300x195.jpg 300w, https:\/\/gamblers-united.com\/ee\/wp-content\/uploads\/sites\/2\/2018\/08\/betsafe-spordiennustus-767x498.jpg 767w, https:\/\/gamblers-united.com\/ee\/wp-content\/uploads\/sites\/2\/2018\/08\/betsafe-spordiennustus-1024x665.jpg 1024w, https:\/\/gamblers-united.com\/ee\/wp-content\/uploads\/sites\/2\/2018\/08\/betsafe-spordiennustus-788x511.jpg 788w, https:\/\/gamblers-united.com\/ee\/wp-content\/uploads\/sites\/2\/2018\/08\/betsafe-spordiennustus-599x389.jpg 599w, https:\/\/gamblers-united.com\/ee\/wp-content\/uploads\/sites\/2\/2018\/08\/betsafe-spordiennustus.jpg 1127w\" sizes=\"(max-width: 300px) 100vw, 300px\" \/><\/p>\n<h3><span style=\"color: #263813;\">Betsafe kasiino<\/span><\/h3>\n<p>Betsafe kasiino pakub \u00fcle 1000 m\u00e4ngu. Siit leiab nii p\u00f5nevaid moodsaid slotim\u00e4nge kui ka klassikalisi lauam\u00e4nge nagu rulett ja Blackjack. M\u00e4ngijate seas on enim populaarsust kogunud Starburst, Wild Wild West, Blood Suckers II ja mitmed teised.<\/p>\n<p>Pokker on saadaval ka live-versioonina!<\/p>\n<h2>Betsafe kontakt ja klienditugi<\/h2>\n<p>Betsafe eesti ja inglisekeelne klienditugi on sinu k\u00fcsimustele vastamas esmasp\u00e4evast reedeni kella 10st 23ni ning n\u00e4dalavahetustel 12st 21ni. Klienditugi ootab p\u00f6\u00f6rdumisi ja ettepanekuid nii telefoni kui e-posti (klienditugi@betsafe.ee ) teel. Samuti mugava live &#8211; vestluse vahendusel.<\/p>\n<p>Betsafe klienditugi vastab sulle t\u00f6\u00f6aegadel alati kiiresti. Nii on live &#8211; chat t\u00fc\u00fcpiline vastamise aeg k\u00f5igest 30 sekundit ning e-maili teel saadetud k\u00fcsimusele saad vastuse 30 &#8211; 60 minuti jooksul.<img loading=\"lazy\" class=\"size-medium wp-image-976 alignleft\" src=\"https:\/\/gamblers-united.com\/ee\/wp-content\/uploads\/sites\/2\/2018\/08\/betsafe-kontakt-ja-klienditugi-300x224.jpg\" alt=\"betsafe kontakt ja klienditugi\" width=\"300\" height=\"224\" srcset=\"https:\/\/gamblers-united.com\/ee\/wp-content\/uploads\/sites\/2\/2018\/08\/betsafe-kontakt-ja-klienditugi-300x224.jpg 300w, https:\/\/gamblers-united.com\/ee\/wp-content\/uploads\/sites\/2\/2018\/08\/betsafe-kontakt-ja-klienditugi-768x573.jpg 768w, https:\/\/gamblers-united.com\/ee\/wp-content\/uploads\/sites\/2\/2018\/08\/betsafe-kontakt-ja-klienditugi-1024x764.jpg 1024w, https:\/\/gamblers-united.com\/ee\/wp-content\/uploads\/sites\/2\/2018\/08\/betsafe-kontakt-ja-klienditugi-788x588.jpg 788w, https:\/\/gamblers-united.com\/ee\/wp-content\/uploads\/sites\/2\/2018\/08\/betsafe-kontakt-ja-klienditugi-599x447.jpg 599w, https:\/\/gamblers-united.com\/ee\/wp-content\/uploads\/sites\/2\/2018\/08\/betsafe-kontakt-ja-klienditugi.jpg 1013w\" sizes=\"(max-width: 300px) 100vw, 300px\" \/><\/p>\n<p>Kindlasti vaata ka Korduma Kippuvate K\u00fcsimuste (KKK) lehele. Sealt leiad vastused enamlevinud k\u00fcsimustele vaid m\u00f5ne hetkega.<\/p>\n<h2>Mis on Betsafe VIP-programm \/ Betsafe Stars Club ja kuidas sellega liituda?<\/h2>\n<p>Betsafe VIP-programmis olles hoolitseb maailmatasemel Stars Club meeskond selle eest, et sa saaksid maksimaalselt hea teeninduse ja m\u00e4ngukogemuse osaliseks.<\/p>\n<p>Sind ootavad Betsafe spordiennustuse suurimad spordis\u00fcndmused ja hoolikalt valitud eri\u00fcritused, klubiliikmete \u00fchis\u00fcritused ja palju muud kasulikku!<\/p>\n<h3><span style=\"color: #263813;\">Kuidas saada VIP programmi liikmeks?<\/span><\/h3>\n<p>Betsafe VIP \u2013 programm on eksklusiivne v\u00f5imalus saada erikohtlemise osaliseks. Seet\u00f5ttu ei ole see k\u00e4ttesaadav k\u00f5igile. Ainult parimatele m\u00f5eldud VIP liikmeks saad l\u00e4bi personaalselt sulle saadetud kutse.<img loading=\"lazy\" class=\"wp-image-977 size-thumbnail alignright\" src=\"https:\/\/gamblers-united.com\/ee\/wp-content\/uploads\/sites\/2\/2018\/08\/betsafe-vip-150x150.png\" alt=\"betsafe vip\" width=\"150\" height=\"150\" srcset=\"https:\/\/gamblers-united.com\/ee\/wp-content\/uploads\/sites\/2\/2018\/08\/betsafe-vip-150x150.png 150w, https:\/\/gamblers-united.com\/ee\/wp-content\/uploads\/sites\/2\/2018\/08\/betsafe-vip-300x300.png 300w, https:\/\/gamblers-united.com\/ee\/wp-content\/uploads\/sites\/2\/2018\/08\/betsafe-vip-768x768.png 768w, https:\/\/gamblers-united.com\/ee\/wp-content\/uploads\/sites\/2\/2018\/08\/betsafe-vip-1024x1024.png 1024w, https:\/\/gamblers-united.com\/ee\/wp-content\/uploads\/sites\/2\/2018\/08\/betsafe-vip-788x788.png 788w, https:\/\/gamblers-united.com\/ee\/wp-content\/uploads\/sites\/2\/2018\/08\/betsafe-vip-600x600.png 600w, https:\/\/gamblers-united.com\/ee\/wp-content\/uploads\/sites\/2\/2018\/08\/betsafe-vip-100x100.png 100w, https:\/\/gamblers-united.com\/ee\/wp-content\/uploads\/sites\/2\/2018\/08\/betsafe-vip.png 256w\" sizes=\"(max-width: 150px) 100vw, 150px\" \/><\/p>\n<h3><span style=\"color: #263813;\">Stars Club soodustused<\/span><\/h3>\n<h4><span style=\"color: #263813;\">Boonused<\/span><\/h4>\n<p>Tavap\u00e4rasest suuremad ja sagedamini jagatavad boonused.<\/p>\n<h4><span style=\"color: #263813;\">Eripakkumised ja s\u00fcndmused<\/span><\/h4>\n<p>Eksklusiivsetel s\u00fcndmustele osalemise v\u00f5imalus ja konkreetselt sinu huvidest l\u00e4htuvad eripakkumised. Klubiliikmete \u00fchised spordi- ja muusika\u00fcrituste k\u00fclastused ning mitmed teised l\u00f5busad ettev\u00f5tmised.<\/p>\n<h4><span style=\"color: #263813;\">Kliendihaldur<\/span><\/h4>\n<p>Igal Betsafe Stars Club liikmel on kliendihaldur. T\u00e4nu temale v\u00f5id olla kindel, et sinu k\u00fcsimused saavad veelgi kiirema vastuse ja su m\u00e4ngukogemus on viidud maksimaalsele v\u00f5imalikule tasemele.<\/p>\n<h2>Korduma kippuvad k\u00fcsimused<\/h2>\n<p>[\/vc_column_text][\/vc_column][\/vc_row][vc_row][vc_column][vc_toggle title=&#8221;Kui vanalt saab avada konto?&#8221; open=&#8221;true&#8221;]Betsafe Eesti konto avamiseks peab sul vanust olema v\u00e4hemalt 18 eluaastat.[\/vc_toggle][vc_toggle title=&#8221;Miks ma pean konto registreerimisel esitama oma isikuandmed?&#8221; open=&#8221;true&#8221;]Isikuandmete edastamine on tarvis teenuse paremaks pakkumiseks ja sinu maksimaalse turvalisuse tagamiseks. Samuti on sinu isiku tuvastuse v\u00f5imalus vajalik v\u00e4ljamakse tegemisel. Seega on sul konto registreerimiseks vaja esitada oma ees- ja perekonnanimi, elukoha aadress ja teised isikuandmed.[\/vc_toggle][vc_toggle title=&#8221;Kas kasiino boonuseid saab sissemaksete eest?&#8221; open=&#8221;true&#8221;]Betsafe kasiino boonused sissemaksete eest on saadaval nii uutele klientidele kuid sageli ka juba olemasolevatele pikaaegsetele m\u00e4ngijatele. Hoia neil silm peal kasiino kampaanialehel.<\/p>\n<p>T\u00e4helepanu! Selleks, et sa saaksid infot uute boonuspakkumiste kohta, veendu, et konto registreerimisel aktsepteerisid reklaamposti ja -l\u00fchis\u00f5numite saamise v\u00f5imaluse.[\/vc_toggle][vc_toggle title=&#8221;Kas Betsafe v\u00e4ljamakse summal on miinimum?&#8221; open=&#8221;true&#8221;]Minimaalne v\u00e4ljamakse s\u00f5ltub sinu poolt kasutatud sissemakse meetodist. Kaardile saad teha v\u00e4ljamakse v\u00e4ikseima summaga 30 eurot, pangakontole 10 eurot ja e \u2013 rahakotile (Skrill, Neteller) 25 eurot.[\/vc_toggle]<div class=\"rehub_bordered_block rh_listitem \"><div class=\"rh-flex-center-align rh-flex-justify-center mobileblockdisplay\"><div class=\"rh_listcolumn rh_listcolumn_image text-center\"><a href=\"https:\/\/gamblers-united.com\/ee\/go\/betsafe\/\" target=\"_blank\" rel=\"nofollow\"><img src=\"https:\/\/gamblers-united.com\/ee\/wp-content\/uploads\/sites\/2\/2018\/08\/betsafe-boonus.png\" alt=\"Betsafe \u2013 kuni 250 eurot boonust + 150 tasuta spinni\" \/><\/a><\/div><div class=\"rh_listcolumn rh-flex-grow1 rh_listcolumn_text\"><div class=\"font120 fontbold rehub-main-font lineheight20\">Betsafe \u2013 kuni 250 eurot boonust + 150 tasuta spinni<\/div><div class=\"mt10 greycolor font90 lineheight20\">Betsafe'iga liitudes saad oma esimestele sissemaksetele lisaks kuni 250 eurot tervitusboonust ja 150 tasuta spinni. <\/div><\/div><div class=\"rh_listcolumn rh_listcolumn_price text-center\"><\/div><div class=\"text-right-align rh_listcolumn_btn\"><div class=\"priced_block clearfix\"><div><a href=\"https:\/\/gamblers-united.com\/ee\/go\/betsafe\/\" class=\"re_track_btn btn_offer_block\" target=\"_blank\" rel=\"nofollow\">M\u00e4ngi Kohe<\/a><\/div><\/div><\/div><\/div><\/div><div class=\"clearfix\"><\/div>[\/vc_column][\/vc_row]<\/p>\n","protected":false},"excerpt":{"rendered":"<h1>Betsafe Eesti \u2013 sinu turvaline online kasiino nii arvutis kui mobiilis<\/h1>\n<p>Betsafe Eesti (endise nimega Triobet) on Eesti kaughasartm\u00e4ngu tegevus \u2013 ja korraldusluba omav <a href=\"https:\/\/gamblers-united.com\/ee\/\">online kasiino<\/a>. Kasiino m\u00e4nge on usaldanud enam kui 450 000 klienti rohkem kui 100 erinevast riigist. Internetikasiino asutati Eestis juba 2004 aastal ja kuni 2017. aastani tegutseti Triobeti nime all. Selline pikaaegne kogemus teeb kasiinost \u00fche tuntuima online kasiino Eestis. M\u00f5ned tuntumate hulga on ka <a href=\"https:\/\/gamblers-united.com\/ee\/optibet\/\">Optibet.ee<\/a> , <a href=\"https:\/\/gamblers-united.com\/ee\/chanz\/\">Chanz<\/a> ning <a href=\"https:\/\/gamblers-united.com\/ee\/paf\/\">Paf<\/a><\/p>\n<p>K\u00e4esoleval lehel anname sulle \u00fclevaate Betsafe Eesti poolt pakutavatest m\u00e4ngudest, teenustest ja pakkumistest. Loe edasi, et saada rohkem infot boonusraha kohta, kasiinos pakutavatest m\u00e4ngudest ja sellest, millised on v\u00e4ljamakse v\u00f5imalused. Samuti saad teada mis on rohkelt soodsaid tehinguid ja noonuseid pakkuv Betsafe VIP programm.<\/p>\n","protected":false},"featured_media":1665,"comment_status":"open","ping_status":"closed","template":"","meta":[],"yoast_head":"<!-- This site is optimized with the Yoast SEO plugin v15.1.1 - https:\/\/yoast.com\/wordpress\/plugins\/seo\/ -->\n<title>Betsafe Eesti Kasiino \u00bb Saa 250\u20ac boonus \u00bb 150 Tasuta Spinni Siit!<\/title>\n<meta name=\"description\" content=\"[Ekslusiivne Boonus] Betsafe Eesti kasiino pakub t\u00e4ispaketti spordiennustusi, rohkelt pokkeri- ja kasiinom\u00e4nge. V\u00f5ta siit boonus!\" \/>\n<meta name=\"robots\" content=\"index, follow, max-snippet:-1, max-image-preview:large, max-video-preview:-1\" \/>\n<link rel=\"canonical\" href=\"https:\/\/gamblers-united.com\/ee\/betsafe\/\" \/>\n<meta property=\"og:locale\" content=\"et_EE\" \/>\n<meta property=\"og:type\" content=\"article\" \/>\n<meta property=\"og:title\" content=\"Betsafe Eesti Kasiino \u00bb Saa 250\u20ac boonus \u00bb 150 Tasuta Spinni Siit!\" \/>\n<meta property=\"og:description\" content=\"[Ekslusiivne Boonus] Betsafe Eesti kasiino pakub t\u00e4ispaketti spordiennustusi, rohkelt pokkeri- ja kasiinom\u00e4nge. V\u00f5ta siit boonus!\" \/>\n<meta property=\"og:url\" content=\"https:\/\/gamblers-united.com\/ee\/betsafe\/\" \/>\n<meta property=\"og:site_name\" content=\"Estonia\" \/>\n<meta property=\"article:modified_time\" content=\"2019-03-18T13:10:31+00:00\" \/>\n<meta property=\"og:image\" content=\"https:\/\/gamblers-united.com\/ee\/wp-content\/uploads\/sites\/2\/2018\/08\/betsafe-1.jpg\" \/>\n\t<meta property=\"og:image:width\" content=\"1600\" \/>\n\t<meta property=\"og:image:height\" content=\"900\" \/>\n<meta name=\"twitter:card\" content=\"summary_large_image\" \/>\n<script type=\"application\/ld+json\" class=\"yoast-schema-graph\">{\"@context\":\"https:\/\/schema.org\",\"@graph\":[{\"@type\":\"WebSite\",\"@id\":\"https:\/\/gamblers-united.com\/ee\/#website\",\"url\":\"https:\/\/gamblers-united.com\/ee\/\",\"name\":\"Estonia\",\"description\":\"Just another Markets site\",\"potentialAction\":[{\"@type\":\"SearchAction\",\"target\":\"https:\/\/gamblers-united.com\/ee\/?s={search_term_string}\",\"query-input\":\"required name=search_term_string\"}],\"inLanguage\":\"et\"},{\"@type\":\"ImageObject\",\"@id\":\"https:\/\/gamblers-united.com\/ee\/betsafe\/#primaryimage\",\"inLanguage\":\"et\",\"url\":\"https:\/\/gamblers-united.com\/ee\/wp-content\/uploads\/sites\/2\/2018\/08\/betsafe-1.jpg\",\"width\":1600,\"height\":900,\"caption\":\"betsafe\"},{\"@type\":\"WebPage\",\"@id\":\"https:\/\/gamblers-united.com\/ee\/betsafe\/#webpage\",\"url\":\"https:\/\/gamblers-united.com\/ee\/betsafe\/\",\"name\":\"Betsafe Eesti Kasiino \\u00bb Saa 250\\u20ac boonus \\u00bb 150 Tasuta Spinni Siit!\",\"isPartOf\":{\"@id\":\"https:\/\/gamblers-united.com\/ee\/#website\"},\"primaryImageOfPage\":{\"@id\":\"https:\/\/gamblers-united.com\/ee\/betsafe\/#primaryimage\"},\"datePublished\":\"2018-08-17T11:13:40+00:00\",\"dateModified\":\"2019-03-18T13:10:31+00:00\",\"description\":\"[Ekslusiivne Boonus] Betsafe Eesti kasiino pakub t\\u00e4ispaketti spordiennustusi, rohkelt pokkeri- ja kasiinom\\u00e4nge. V\\u00f5ta siit boonus!\",\"breadcrumb\":{\"@id\":\"https:\/\/gamblers-united.com\/ee\/betsafe\/#breadcrumb\"},\"inLanguage\":\"et\",\"potentialAction\":[{\"@type\":\"ReadAction\",\"target\":[\"https:\/\/gamblers-united.com\/ee\/betsafe\/\"]}]},{\"@type\":\"BreadcrumbList\",\"@id\":\"https:\/\/gamblers-united.com\/ee\/betsafe\/#breadcrumb\",\"itemListElement\":[{\"@type\":\"ListItem\",\"position\":1,\"item\":{\"@type\":\"WebPage\",\"@id\":\"https:\/\/gamblers-united.com\/ee\/\",\"url\":\"https:\/\/gamblers-united.com\/ee\/\",\"name\":\"Kasiinod\"}},{\"@type\":\"ListItem\",\"position\":2,\"item\":{\"@type\":\"WebPage\",\"@id\":\"https:\/\/gamblers-united.com\/ee\/shop\/\",\"url\":\"https:\/\/gamblers-united.com\/ee\/shop\/\",\"name\":\"Tooted\"}},{\"@type\":\"ListItem\",\"position\":3,\"item\":{\"@type\":\"WebPage\",\"@id\":\"https:\/\/gamblers-united.com\/ee\/betsafe\/\",\"url\":\"https:\/\/gamblers-united.com\/ee\/betsafe\/\",\"name\":\"Betsafe\"}}]}]}<\/script>\n<!-- \/ Yoast SEO plugin. -->","_links":{"self":[{"href":"https:\/\/gamblers-united.com\/ee\/wp-json\/wp\/v2\/product\/948"}],"collection":[{"href":"https:\/\/gamblers-united.com\/ee\/wp-json\/wp\/v2\/product"}],"about":[{"href":"https:\/\/gamblers-united.com\/ee\/wp-json\/wp\/v2\/types\/product"}],"replies":[{"embeddable":true,"href":"https:\/\/gamblers-united.com\/ee\/wp-json\/wp\/v2\/comments?post=948"}],"wp:featuredmedia":[{"embeddable":true,"href":"https:\/\/gamblers-united.com\/ee\/wp-json\/wp\/v2\/media\/1665"}],"wp:attachment":[{"href":"https:\/\/gamblers-united.com\/ee\/wp-json\/wp\/v2\/media?parent=948"}],"curies":[{"name":"wp","href":"https:\/\/api.w.org\/{rel}","templated":true}]}}