{"id":954,"date":"2018-08-17T16:05:17","date_gmt":"2018-08-17T16:05:17","guid":{"rendered":"https:\/\/gamblers-united.com\/ee\/?post_type=product&#038;p=954"},"modified":"2019-01-28T13:24:36","modified_gmt":"2019-01-28T13:24:36","slug":"unibet","status":"publish","type":"product","link":"https:\/\/gamblers-united.com\/ee\/unibet\/","title":{"rendered":"Unibet"},"content":{"rendered":"<p>[vc_row][vc_column]<div class=\"rehub_bordered_block rh_listitem \"><div class=\"rh-flex-center-align rh-flex-justify-center mobileblockdisplay\"><div class=\"rh_listcolumn rh_listcolumn_image text-center\"><a href=\"https:\/\/gamblers-united.com\/ee\/go\/unibet\/\" target=\"_blank\" rel=\"nofollow\"><img src=\"https:\/\/gamblers-united.com\/ee\/wp-content\/uploads\/sites\/2\/2018\/08\/Unibet-boonus.png\" alt=\"Unibet \u2013 v\u00f5ta 100\u20ac boonusraha + 5 tasuta spinni\" \/><\/a><\/div><div class=\"rh_listcolumn rh-flex-grow1 rh_listcolumn_text\"><div class=\"font120 fontbold rehub-main-font lineheight20\">Unibet \u2013 v\u00f5ta 100\u20ac boonusraha + 5 tasuta spinni<\/div><div class=\"mt10 greycolor font90 lineheight20\">Registreeru Unibetis,tee v\u00e4hemalt 10-eurone sissemakse ja sinu kasiinokontole lisatakse juurde boonusraha 100% kuni 100 euroni!<\/div><\/div><div class=\"rh_listcolumn rh_listcolumn_price text-center\"><\/div><div class=\"text-right-align rh_listcolumn_btn\"><div class=\"priced_block clearfix\"><div><a href=\"https:\/\/gamblers-united.com\/ee\/go\/unibet\/\" class=\"re_track_btn btn_offer_block\" target=\"_blank\" rel=\"nofollow\">M\u00e4ngi Kohe<\/a><\/div><\/div><\/div><\/div><\/div><div class=\"clearfix\"><\/div>[\/vc_column][\/vc_row][vc_row][vc_column][vc_column_text]<\/p>\n<h3><span style=\"color: #263813;\">Unibet pokker ja bingo<\/span><\/h3>\n<p>Unibet Eestil on mitmeid eksklusiivseid ja p\u00f5nevaid m\u00e4nge, mida leiab vaid nende portaalist. Samuti pokker ja bingo, mida saab m\u00e4ngida Eesti ettev\u00f5tte Relax Gaming poolt valmistatud eraldiseisva tarkvaraga ja on saadaval loomulikult vaid nende kasiino vahendusel.<img loading=\"lazy\" class=\"size-thumbnail wp-image-984 alignleft\" src=\"https:\/\/gamblers-united.com\/ee\/wp-content\/uploads\/sites\/2\/2018\/08\/unibet-bingo-150x150.png\" alt=\"unibet bingo\" width=\"150\" height=\"150\" srcset=\"https:\/\/gamblers-united.com\/ee\/wp-content\/uploads\/sites\/2\/2018\/08\/unibet-bingo-150x150.png 150w, https:\/\/gamblers-united.com\/ee\/wp-content\/uploads\/sites\/2\/2018\/08\/unibet-bingo-300x300.png 300w, https:\/\/gamblers-united.com\/ee\/wp-content\/uploads\/sites\/2\/2018\/08\/unibet-bingo-768x768.png 768w, https:\/\/gamblers-united.com\/ee\/wp-content\/uploads\/sites\/2\/2018\/08\/unibet-bingo-1024x1024.png 1024w, https:\/\/gamblers-united.com\/ee\/wp-content\/uploads\/sites\/2\/2018\/08\/unibet-bingo-788x788.png 788w, https:\/\/gamblers-united.com\/ee\/wp-content\/uploads\/sites\/2\/2018\/08\/unibet-bingo-600x600.png 600w, https:\/\/gamblers-united.com\/ee\/wp-content\/uploads\/sites\/2\/2018\/08\/unibet-bingo-100x100.png 100w, https:\/\/gamblers-united.com\/ee\/wp-content\/uploads\/sites\/2\/2018\/08\/unibet-bingo.png 256w\" sizes=\"(max-width: 150px) 100vw, 150px\" \/><\/p>\n<h3><span style=\"color: #263813;\">Kes saavad konto avada?<\/span><\/h3>\n<p>Saad Unibet Eesti konto avada, kui oled v\u00e4hemalt 18 aastat vana. Sellest vanusest alates on lubatud ka spordiennustuste tegemine. Kasiino m\u00e4ngude m\u00e4ngimiseks on vaja aga vanust v\u00e4hemalt 21 aastat.<\/p>\n<p>Igal inimesel saab olla vaid \u00fcks m\u00e4ngukonto. Kui sa ei tea, kas sul on see juba olemas, v\u00f5i mitte, v\u00f5ta nendega \u00fchendust. Klienditugi aitab selle v\u00e4lja selgitada. Kontaktandmed leiad Unibet Kontakt lehelt.<\/p>\n<h3><span style=\"color: #263813;\">Tasuta m\u00e4ngud<\/span><\/h3>\n<p>Unibet.ee Eesti lehel on sul v\u00f5imalus m\u00e4ngida ka ilma koheselt kontot avamata. Selle tarbeks saad sa kasutada tasuta m\u00e4nguraha. See on hea v\u00f5imalus enne l\u00f5pliku otsuse tegemist, kas avada konto v\u00f5i ei, proovida erinevaid m\u00e4ngulahendusi ja veenduda nende sobivuses.<\/p>\n<h2>Mis on Unibet boonuskood ja kuidas sa saad tasuta spinnid?<\/h2>\n<h3><span style=\"color: #263813;\">Boonused<\/span><\/h3>\n<p>K\u00f5ige sagedamini on Unibet boonused saadaval uue konto loomisel. Kuid eri aegadel on pakkumisel ka mitmeid t\u00e4iendavaid soodustusi ja pakkumisi. Selleks, et nendega jooksvalt kursis olla, vaata kindlasti regulaarselt Boonuspakkumiste lehele, sest just sinna ilmub k\u00f5ige v\u00e4rskem info k\u00e4imasolevatest Unibet <a href=\"https:\/\/gamblers-united.com\/ee\/kasiino-boonused\/\">kasiino boonus<\/a> \u2013 ja eripakkumistest.<img loading=\"lazy\" class=\"alignright wp-image-985 size-medium\" src=\"https:\/\/gamblers-united.com\/ee\/wp-content\/uploads\/sites\/2\/2018\/08\/unibet-boonus-ja-tasuta-spinnid-300x140.jpg\" alt=\"unibet boonus ja tasuta spinnid\" width=\"300\" height=\"140\" srcset=\"https:\/\/gamblers-united.com\/ee\/wp-content\/uploads\/sites\/2\/2018\/08\/unibet-boonus-ja-tasuta-spinnid-300x140.jpg 300w, https:\/\/gamblers-united.com\/ee\/wp-content\/uploads\/sites\/2\/2018\/08\/unibet-boonus-ja-tasuta-spinnid-767x359.jpg 767w, https:\/\/gamblers-united.com\/ee\/wp-content\/uploads\/sites\/2\/2018\/08\/unibet-boonus-ja-tasuta-spinnid-1024x479.jpg 1024w, https:\/\/gamblers-united.com\/ee\/wp-content\/uploads\/sites\/2\/2018\/08\/unibet-boonus-ja-tasuta-spinnid-788x368.jpg 788w, https:\/\/gamblers-united.com\/ee\/wp-content\/uploads\/sites\/2\/2018\/08\/unibet-boonus-ja-tasuta-spinnid-598x280.jpg 598w, https:\/\/gamblers-united.com\/ee\/wp-content\/uploads\/sites\/2\/2018\/08\/unibet-boonus-ja-tasuta-spinnid.jpg 1429w\" sizes=\"(max-width: 300px) 100vw, 300px\" \/><\/p>\n<h3><span style=\"color: #263813;\">Mis on boonusraha?<\/span><\/h3>\n<p>Unibet boonusraha on sul v\u00f5imalus saada erinevate kampaaniate raames. M\u00f5nikord v\u00f5ib selleks olla n\u00e4iteks pakkumisse registreerumine. Seda raha sa koheselt enda kontole kanda ei saa. Selleks, et boonusrahast saaks nii\u00f6elda p\u00e4ris raha, tuleb sul see teatud arv kordi l\u00e4bi m\u00e4ngida.<\/p>\n<p>See, mitu korda pead boonust l\u00e4bi m\u00e4ngima, on kenasti kirjas konkreetse pakkumise n\u00f5uetes ja tingimustes. Samuti leiad seal info selle kohta, mis kaalu mingi m\u00e4ngu m\u00e4ngimine l\u00e4bim\u00e4ngimises omab. Seega tutvu reeglitega kindlasti p\u00f5hjalikult.<\/p>\n<h3><span style=\"color: #263813;\">Tasuta spinnid<\/span><\/h3>\n<p>Unibet tasuta spinnid on \u00fcks kasiinom\u00e4ngude boonus, mis annab sulle m\u00e4ngimiseks tasuta keerutusi. Kuidas neid saada? S\u00f5ltuvalt kampaaniatest on need saadaval lojaalsusrattal v\u00f5i pakkumiste kaudu.<\/p>\n<h3><span style=\"color: #263813;\">Vaut\u0161erid<\/span><\/h3>\n<p>Vaut\u0161erid on Bingo boonusraha. Ka neid jagatakse lojaalsuse rattal ning eripakkumiste kaudu. Enamasti kaasneb nendega ka l\u00e4bim\u00e4ngimise n\u00f5ue.<\/p>\n<h2>Unibet mobiilis ja telefonis<\/h2>\n<p>Unibet spordiennustus, kasiino ja pokker on saadaval ka siis, kui k\u00fclastad nende lehte mobiiliga. Unibet pakub mitmeid oma teenuseid nii\u00a0 iOS, Android ja Windows Phone kasutajatele ning tahvelarvutitel. Ja seda loomulikult tasuta. See, milliseid m\u00e4nge m\u00e4ngida saad, s\u00f5ltub kasutatavast operatsioonis\u00fcsteemist.<img loading=\"lazy\" class=\"size-thumbnail wp-image-986 alignleft\" src=\"https:\/\/gamblers-united.com\/ee\/wp-content\/uploads\/sites\/2\/2018\/08\/unibet-mobiilis-150x150.png\" alt=\"unibet mobiilis\" width=\"150\" height=\"150\" srcset=\"https:\/\/gamblers-united.com\/ee\/wp-content\/uploads\/sites\/2\/2018\/08\/unibet-mobiilis-150x150.png 150w, https:\/\/gamblers-united.com\/ee\/wp-content\/uploads\/sites\/2\/2018\/08\/unibet-mobiilis-300x300.png 300w, https:\/\/gamblers-united.com\/ee\/wp-content\/uploads\/sites\/2\/2018\/08\/unibet-mobiilis-768x768.png 768w, https:\/\/gamblers-united.com\/ee\/wp-content\/uploads\/sites\/2\/2018\/08\/unibet-mobiilis-1024x1024.png 1024w, https:\/\/gamblers-united.com\/ee\/wp-content\/uploads\/sites\/2\/2018\/08\/unibet-mobiilis-788x788.png 788w, https:\/\/gamblers-united.com\/ee\/wp-content\/uploads\/sites\/2\/2018\/08\/unibet-mobiilis-600x600.png 600w, https:\/\/gamblers-united.com\/ee\/wp-content\/uploads\/sites\/2\/2018\/08\/unibet-mobiilis-100x100.png 100w, https:\/\/gamblers-united.com\/ee\/wp-content\/uploads\/sites\/2\/2018\/08\/unibet-mobiilis.png 256w\" sizes=\"(max-width: 150px) 100vw, 150px\" \/><\/p>\n<p>Nii kogu veebileht, kui ka mobiilirakendused on loodud vastavalt k\u00f5rgeimatele turvalisuse standarditele. Seega saad kindel olla, et sinu andmeid ei saa pealt kuulata, muuta ega varastada.<\/p>\n<h3><span style=\"color: #263813;\">\u00c4pp &#8211; Unibet spordiennustus<\/span><\/h3>\n<p>Kiire ja turvaline Unibet spordiennustuste \u00e4pp v\u00f5imaldab sul panuseid teha mugavalt igal ajal igas kohas. Lisaks saad \u00e4ppiga suurimate spordis\u00fcndmuste parimad koefitsendid, aastas \u00fcle 10 000 spordis\u00fcndmuse striimimise v\u00f5imaluse, ennustada nii live kui pre-matchina ning v\u00f5tta vastu t\u00e4htsaid spordip\u00f5hiseid teavitusi erinevatelt m\u00e4ngudelt.<\/p>\n<h3><span style=\"color: #263813;\">\u00c4pp &#8211; Unibet Pokker<\/span><\/h3>\n<p>Lisaks mugavale Unibet pokkeri m\u00e4ngimisele, v\u00f5imaldab see rakendus veel mitmeid teisi lisafunktsioone. N\u00e4iteks saad sa oma identiteeti muuta kasv\u00f5i kolm korda p\u00e4evas, valida enam kui 100 moodsa graafikaga avatari hulgast endale sobivaima ja nautida regulaarselt toimuvaid ja uuenevaid missioone ning pakkumisi.<\/p>\n<h2>M\u00e4ngud ja spordiennustus<\/h2>\n<p>Pane t\u00e4hele, et Unibet Eesti pakub sulle v\u00f5imalust oma m\u00e4ngudega tutvust teha tasuta ja ilma kontot loomata. Sedasi saad veenduda, kas just see m\u00e4nguteenuse pakkuja v\u00f5iks olla sinu jaoks sobivaim.<img loading=\"lazy\" class=\"alignright wp-image-987 size-medium\" src=\"https:\/\/gamblers-united.com\/ee\/wp-content\/uploads\/sites\/2\/2018\/08\/unibet-m\u00e4ngud-300x203.jpg\" alt=\"unibet m\u00e4ngud\" width=\"300\" height=\"203\" srcset=\"https:\/\/gamblers-united.com\/ee\/wp-content\/uploads\/sites\/2\/2018\/08\/unibet-m\u00e4ngud-300x203.jpg 300w, https:\/\/gamblers-united.com\/ee\/wp-content\/uploads\/sites\/2\/2018\/08\/unibet-m\u00e4ngud-767x518.jpg 767w, https:\/\/gamblers-united.com\/ee\/wp-content\/uploads\/sites\/2\/2018\/08\/unibet-m\u00e4ngud-1024x692.jpg 1024w, https:\/\/gamblers-united.com\/ee\/wp-content\/uploads\/sites\/2\/2018\/08\/unibet-m\u00e4ngud-788x532.jpg 788w, https:\/\/gamblers-united.com\/ee\/wp-content\/uploads\/sites\/2\/2018\/08\/unibet-m\u00e4ngud-600x405.jpg 600w, https:\/\/gamblers-united.com\/ee\/wp-content\/uploads\/sites\/2\/2018\/08\/unibet-m\u00e4ngud.jpg 1257w\" sizes=\"(max-width: 300px) 100vw, 300px\" \/><\/p>\n<h3><span style=\"color: #263813;\">Kasiino<\/span><\/h3>\n<p>Unibet kasiino \u00fcllatab ka kogenumaid m\u00e4ngijaid oma suure slotim\u00e4ngu valikuga. Neid v\u00f5id sealt leida koguni ligi 500 erinevat. Kusjuures suisa 16 jackpotislotti. Samuti on seal pea 20 m\u00e4ngu, mis on m\u00e4ngimiseks saadaval vaid selles kasiinos.<\/p>\n<p>Ka laua- ja kaardim\u00e4ngud on Unibet.ee kasiino lehel t\u00e4iesti olemas. Muuhulgas saad neid m\u00e4ngida ka live-versioonina.<\/p>\n<h3><span style=\"color: #263813;\">Unibet spordiennustus<\/span><\/h3>\n<p>Unibet kasiino lehte k\u00fclastades ei j\u00e4\u00e4 m\u00e4rkamata, et spordiennustused on siin eriti t\u00e4htsal kohal. Kui sa m\u00f5tled \u00fcksk\u00f5ik millise olulisema spordi\u00fcrituse ja sellele panustamise v\u00f5imaluste peale, v\u00f5id kindel olla, et kasiino spordiennustus on selle tulemuse ennustamise sulle v\u00f5imalikuks teinud. Niisiis leia endale sobivaim spordiennustus ja asu panustama!<img loading=\"lazy\" class=\"alignleft wp-image-988 size-medium\" src=\"https:\/\/gamblers-united.com\/ee\/wp-content\/uploads\/sites\/2\/2018\/08\/unibet-spordiennustus-300x169.jpg\" alt=\"unibet spordiennustus\" width=\"300\" height=\"169\" srcset=\"https:\/\/gamblers-united.com\/ee\/wp-content\/uploads\/sites\/2\/2018\/08\/unibet-spordiennustus-300x169.jpg 300w, https:\/\/gamblers-united.com\/ee\/wp-content\/uploads\/sites\/2\/2018\/08\/unibet-spordiennustus-767x431.jpg 767w, https:\/\/gamblers-united.com\/ee\/wp-content\/uploads\/sites\/2\/2018\/08\/unibet-spordiennustus-1024x575.jpg 1024w, https:\/\/gamblers-united.com\/ee\/wp-content\/uploads\/sites\/2\/2018\/08\/unibet-spordiennustus-788x442.jpg 788w, https:\/\/gamblers-united.com\/ee\/wp-content\/uploads\/sites\/2\/2018\/08\/unibet-spordiennustus-600x337.jpg 600w, https:\/\/gamblers-united.com\/ee\/wp-content\/uploads\/sites\/2\/2018\/08\/unibet-spordiennustus.jpg 1621w\" sizes=\"(max-width: 300px) 100vw, 300px\" \/><\/p>\n<h3><span style=\"color: #263813;\">Unibet bingo<\/span><\/h3>\n<p>Erinevalt paljudest teistest online-kasiino pakkujatest, on neil olemas ka t\u00e4iesti eraldi Bingo ja selle m\u00e4ngutoad. Valikus on erinevate tingimuste ja pileti suurustega \u00f5nnem\u00e4ngud ning hulgaliselt turniire.<\/p>\n<p>Unibet bingo on tuntud oma atraktiivse lojaalsusprogrammi kaudu. Mida rohkem bingot m\u00e4ngid, seda enam kasvavad sinu v\u00f5iduv\u00f5imalused.<\/p>\n<h2>Unibet kontakt ja klienditugi<\/h2>\n<p>Hoolimata sellest, et Unibet.ee ei ole Eesti juurtega ettev\u00f5te, astutakse j\u00f5ulisi samme selles suunas, et eestikeelne klienditeenindus oleks sulle alati k\u00e4ttesaadav.<\/p>\n<p>Erinevalt enamus teistest Eesti kasiinodest, pakub klienditugi sulle live-chat v\u00f5imalust 7 p\u00e4eva n\u00e4dalas ja \u00f6\u00f6p\u00e4evaringselt. Kuid kui hetkel eestikeelne teenindaja ei ole saadaval, ole valmis, et sulle vastatakse inglise keeles.<img loading=\"lazy\" class=\"alignright wp-image-989 size-medium\" src=\"https:\/\/gamblers-united.com\/ee\/wp-content\/uploads\/sites\/2\/2018\/08\/unibet-kontakt-ja-klienditugi-300x164.jpg\" alt=\"unibet kontakt ja klienditugi\" width=\"300\" height=\"164\" srcset=\"https:\/\/gamblers-united.com\/ee\/wp-content\/uploads\/sites\/2\/2018\/08\/unibet-kontakt-ja-klienditugi-300x164.jpg 300w, https:\/\/gamblers-united.com\/ee\/wp-content\/uploads\/sites\/2\/2018\/08\/unibet-kontakt-ja-klienditugi-767x419.jpg 767w, https:\/\/gamblers-united.com\/ee\/wp-content\/uploads\/sites\/2\/2018\/08\/unibet-kontakt-ja-klienditugi-1024x559.jpg 1024w, https:\/\/gamblers-united.com\/ee\/wp-content\/uploads\/sites\/2\/2018\/08\/unibet-kontakt-ja-klienditugi-788x430.jpg 788w, https:\/\/gamblers-united.com\/ee\/wp-content\/uploads\/sites\/2\/2018\/08\/unibet-kontakt-ja-klienditugi-599x327.jpg 599w, https:\/\/gamblers-united.com\/ee\/wp-content\/uploads\/sites\/2\/2018\/08\/unibet-kontakt-ja-klienditugi.jpg 1609w\" sizes=\"(max-width: 300px) 100vw, 300px\" \/><\/p>\n<p>Unibet Eesti lehelt leiad sa ka abikeskuse, kus on suur hulk vastuseid enamlevinud k\u00fcsimustele. Seega tasub sul kindlasti sinna vaadata, \u00e4kki on vastus su k\u00fcsimusele juba seal olemas.<\/p>\n<h3><span style=\"color: #263813;\">Kontakt<\/span><\/h3>\n<ul>\n<li>Live-chat \u2013 leiad selle nende veebilehelt<\/li>\n<li>E-mail \u2013 kirjuta info@unibetsupport.ee<\/li>\n<\/ul>\n<h2>Mis on Unibet VIP-programm ja kuidas sellega liituda?<\/h2>\n<p>Sarnaselt teistele online-kasiino teenusepakkujatele, on ka Unibet VIP-programm \u00fcles ehitatud m\u00e4ngimise aktiivsusele. Mida rohkem m\u00e4ngid, seda suurem v\u00f5imalus on sul VIP-programmi h\u00fcvesid nautida.<img loading=\"lazy\" class=\"size-thumbnail wp-image-990 alignleft\" src=\"https:\/\/gamblers-united.com\/ee\/wp-content\/uploads\/sites\/2\/2018\/08\/unibet-vip-150x150.png\" alt=\"unibet vip\" width=\"150\" height=\"150\" srcset=\"https:\/\/gamblers-united.com\/ee\/wp-content\/uploads\/sites\/2\/2018\/08\/unibet-vip-150x150.png 150w, https:\/\/gamblers-united.com\/ee\/wp-content\/uploads\/sites\/2\/2018\/08\/unibet-vip-300x300.png 300w, https:\/\/gamblers-united.com\/ee\/wp-content\/uploads\/sites\/2\/2018\/08\/unibet-vip-768x768.png 768w, https:\/\/gamblers-united.com\/ee\/wp-content\/uploads\/sites\/2\/2018\/08\/unibet-vip-1024x1024.png 1024w, https:\/\/gamblers-united.com\/ee\/wp-content\/uploads\/sites\/2\/2018\/08\/unibet-vip-788x788.png 788w, https:\/\/gamblers-united.com\/ee\/wp-content\/uploads\/sites\/2\/2018\/08\/unibet-vip-600x600.png 600w, https:\/\/gamblers-united.com\/ee\/wp-content\/uploads\/sites\/2\/2018\/08\/unibet-vip-100x100.png 100w, https:\/\/gamblers-united.com\/ee\/wp-content\/uploads\/sites\/2\/2018\/08\/unibet-vip.png 256w\" sizes=\"(max-width: 150px) 100vw, 150px\" \/><\/p>\n<h3><span style=\"color: #263813;\">Bingo lojaalsusprogramm<\/span><\/h3>\n<p>Soovid v\u00e4\u00e4rtuslikku elektroonikat, luksuslikke reise v\u00f5i lausa sularaha? Osale Unibet Bingo lojaalsusprogrammis. Mida rohkem bingot m\u00e4ngid, seda k\u00f5rgemale tasemele t\u00f5used ja ahvatlevamaid auhindu saad.<\/p>\n<h4><span style=\"color: #263813;\">Mis on Bingo vaut\u0161er?<\/span><\/h4>\n<p>Unibet Bingo Vaut\u0161er on boonus, mida saad kasutada Bingo ja mini-m\u00e4ngude m\u00e4ngimiseks. Neid saad koguda erinevate pakkumiste raames ning chati m\u00e4ngude auhindadena. L\u00e4bim\u00e4ngimise kohustus s\u00f5ltub pakkumisest, seega tutvu kindlasti eelnevalt reeglitega.<\/p>\n<h2>Korduma kippuvad k\u00fcsimused<\/h2>\n<p>[\/vc_column_text][\/vc_column][\/vc_row][vc_row][vc_column][vc_toggle title=&#8221;Kuidas toimub v\u00e4ljamakse?&#8221; open=&#8221;true&#8221;]\u201eMinu konto\u201c lehelt avaneb sul v\u00f5imalus sooritada v\u00e4ljamakse. Sealt leiad ka erinevad v\u00f5imalused selle tegemiseks ning v\u00e4ljamaksev\u00f5imaluse miinimum- ja maksimumlimiidid.<\/p>\n<p>Unibet v\u00e4ljamakse toimub sinu pangakontole. See-eest sissemakse tegemiseks saad kasutada ka VISA-kaarti v\u00f5i e-rahakoti kontosid nagu Skrill ja NETELLER.<\/p>\n<p>V\u00e4ljamakse teenusele t\u00e4iendavaid tasusid ei lisa. K\u00fcll aga v\u00f5ib seda teha sinu pank. Seega j\u00e4lgi tingimusi.<\/p>\n<p>V\u00e4ljamakse toimub tavaliselt NETELLERi ja Skrilli vahendusel 12 tunni jooksul. Kuid panga\u00fclekanne v\u00f5ib v\u00f5tta aega 1-3 t\u00f6\u00f6p\u00e4eva ning krediit\/deebetkaardi puhul ka lausa 3-5 t\u00f6\u00f6p\u00e4eva.[\/vc_toggle][vc_toggle title=&#8221;Millised boonused on saadaval?&#8221; open=&#8221;true&#8221;]K\u00f5ige sagedamini on boonused pakkumisel uue konto loomisel. Samas sageli saavad erisoodustusi ka juba pikaaegsed lojaalsed m\u00e4ngijad. Tutvu hetkel aktiivsete soodustustega Boonuspakkumiste lehel.[\/vc_toggle][vc_toggle title=&#8221;Kas ma saan m\u00e4ngida kasiino m\u00e4nge mobiilis?&#8221; open=&#8221;true&#8221;]Unibet pakub suurt osa oma teenustest tasuta nii\u00a0 iOS, Android ja Windows Phone kasutajatele ning tahvelarvutitel. Kuid s\u00f5ltuvalt kasutatavast operatsioonis\u00fcsteemist, on m\u00e4ngud, mida m\u00e4ngida saad, erinevad.[\/vc_toggle]<div class=\"rehub_bordered_block rh_listitem \"><div class=\"rh-flex-center-align rh-flex-justify-center mobileblockdisplay\"><div class=\"rh_listcolumn rh_listcolumn_image text-center\"><a href=\"https:\/\/gamblers-united.com\/ee\/go\/unibet\/\" target=\"_blank\" rel=\"nofollow\"><img src=\"https:\/\/gamblers-united.com\/ee\/wp-content\/uploads\/sites\/2\/2018\/08\/Unibet-boonus.png\" alt=\"Unibet \u2013 v\u00f5ta 100\u20ac boonusraha + 5 tasuta spinni\" \/><\/a><\/div><div class=\"rh_listcolumn rh-flex-grow1 rh_listcolumn_text\"><div class=\"font120 fontbold rehub-main-font lineheight20\">Unibet \u2013 v\u00f5ta 100\u20ac boonusraha + 5 tasuta spinni<\/div><div class=\"mt10 greycolor font90 lineheight20\">Registreeru Unibetis,tee v\u00e4hemalt 10-eurone sissemakse ja sinu kasiinokontole lisatakse juurde boonusraha 100% kuni 100 euroni!<\/div><\/div><div class=\"rh_listcolumn rh_listcolumn_price text-center\"><\/div><div class=\"text-right-align rh_listcolumn_btn\"><div class=\"priced_block clearfix\"><div><a href=\"https:\/\/gamblers-united.com\/ee\/go\/unibet\/\" class=\"re_track_btn btn_offer_block\" target=\"_blank\" rel=\"nofollow\">M\u00e4ngi Kohe<\/a><\/div><\/div><\/div><\/div><\/div><div class=\"clearfix\"><\/div>[\/vc_column][\/vc_row]<\/p>\n","protected":false},"excerpt":{"rendered":"<h1>Unibet Eesti eksklusiivsed m\u00e4ngud sinu arvutis ja telefonis<\/h1>\n<p>Unibet Eesti on online-hasartm\u00e4ngudega tegelev ettev\u00f5te, kelle populaarsemad tooted on:<\/p>\n<ul>\n<li><a href=\"https:\/\/gamblers-united.com\/ee\/\">Kasiino<\/a>,<\/li>\n<li>Pokker,<\/li>\n<li>Bingo,<\/li>\n<li>Spordiennustus ja kraapekaardid<\/li>\n<\/ul>\n<p>Unibet kuulub Kindred Grupp kontserni, mis on \u00fcks maailma suurimaid veebihasartm\u00e4nguteenuseid pakkuv ettev\u00f5te. 1997. aastal alustanud ettev\u00f5te tegutseb enam kui 100 riigis ning tal on ligi 16 miljonit klienti ja \u00fcle 100 t\u00f6\u00f6taja.<\/p>\n<p>Niisiis on Unibeti puhul tegemist Maltal peakorterit omava firmaga, kellel on Eestis hasartm\u00e4ngu tegevus \u2013 ja korraldusluba. Seega ei pea sa muretsema firma eksootilise p\u00e4ritolu p\u00e4rast. K\u00f5ik pakutavad teenused on Eesti seadusandlusega koosk\u00f5las. Ja nagu teistel Eestis arvel olevatel online-kasiinodel(<a href=\"https:\/\/gamblers-united.com\/ee\/paf\/\">paf<\/a> , <a href=\"https:\/\/gamblers-united.com\/ee\/optibet\/\">optibet<\/a>, <a href=\"https:\/\/gamblers-united.com\/ee\/olybet\/\">olybet<\/a>), on ka Unibet Eesti v\u00f5idud maksuvabad.<\/p>\n","protected":false},"featured_media":1663,"comment_status":"open","ping_status":"closed","template":"","meta":[],"yoast_head":"<!-- This site is optimized with the Yoast SEO plugin v15.1.1 - https:\/\/yoast.com\/wordpress\/plugins\/seo\/ -->\n<title>Unibet Eesti Kasiino \u00bb 100\u20ac Boonusraha \u00bb 10\u20ac Tasuta Siit!<\/title>\n<meta name=\"description\" content=\"Unibet pokker, bingo ja meeletu valik spordiennustusi on sinust vaid m\u00f5ne kliki kaugusel. Tasuta m\u00e4nguraha igale m\u00e4ngijale! V\u00f5ta 100\u20ac boonusraha!\" \/>\n<meta name=\"robots\" content=\"index, follow, max-snippet:-1, max-image-preview:large, max-video-preview:-1\" \/>\n<link rel=\"canonical\" href=\"https:\/\/gamblers-united.com\/ee\/unibet\/\" \/>\n<meta property=\"og:locale\" content=\"et_EE\" \/>\n<meta property=\"og:type\" content=\"article\" \/>\n<meta property=\"og:title\" content=\"Unibet Eesti Kasiino \u00bb 100\u20ac Boonusraha \u00bb 10\u20ac Tasuta Siit!\" \/>\n<meta property=\"og:description\" content=\"Unibet pokker, bingo ja meeletu valik spordiennustusi on sinust vaid m\u00f5ne kliki kaugusel. Tasuta m\u00e4nguraha igale m\u00e4ngijale! V\u00f5ta 100\u20ac boonusraha!\" \/>\n<meta property=\"og:url\" content=\"https:\/\/gamblers-united.com\/ee\/unibet\/\" \/>\n<meta property=\"og:site_name\" content=\"Estonia\" \/>\n<meta property=\"article:modified_time\" content=\"2019-01-28T13:24:36+00:00\" \/>\n<meta property=\"og:image\" content=\"https:\/\/gamblers-united.com\/ee\/wp-content\/uploads\/sites\/2\/2018\/08\/unibet-1.jpg\" \/>\n\t<meta property=\"og:image:width\" content=\"1600\" \/>\n\t<meta property=\"og:image:height\" content=\"900\" \/>\n<meta name=\"twitter:card\" content=\"summary_large_image\" \/>\n<script type=\"application\/ld+json\" class=\"yoast-schema-graph\">{\"@context\":\"https:\/\/schema.org\",\"@graph\":[{\"@type\":\"WebSite\",\"@id\":\"https:\/\/gamblers-united.com\/ee\/#website\",\"url\":\"https:\/\/gamblers-united.com\/ee\/\",\"name\":\"Estonia\",\"description\":\"Just another Markets site\",\"potentialAction\":[{\"@type\":\"SearchAction\",\"target\":\"https:\/\/gamblers-united.com\/ee\/?s={search_term_string}\",\"query-input\":\"required name=search_term_string\"}],\"inLanguage\":\"et\"},{\"@type\":\"ImageObject\",\"@id\":\"https:\/\/gamblers-united.com\/ee\/unibet\/#primaryimage\",\"inLanguage\":\"et\",\"url\":\"https:\/\/gamblers-united.com\/ee\/wp-content\/uploads\/sites\/2\/2018\/08\/unibet-1.jpg\",\"width\":1600,\"height\":900,\"caption\":\"unibet\"},{\"@type\":\"WebPage\",\"@id\":\"https:\/\/gamblers-united.com\/ee\/unibet\/#webpage\",\"url\":\"https:\/\/gamblers-united.com\/ee\/unibet\/\",\"name\":\"Unibet Eesti Kasiino \\u00bb 100\\u20ac Boonusraha \\u00bb 10\\u20ac Tasuta Siit!\",\"isPartOf\":{\"@id\":\"https:\/\/gamblers-united.com\/ee\/#website\"},\"primaryImageOfPage\":{\"@id\":\"https:\/\/gamblers-united.com\/ee\/unibet\/#primaryimage\"},\"datePublished\":\"2018-08-17T16:05:17+00:00\",\"dateModified\":\"2019-01-28T13:24:36+00:00\",\"description\":\"Unibet pokker, bingo ja meeletu valik spordiennustusi on sinust vaid m\\u00f5ne kliki kaugusel. Tasuta m\\u00e4nguraha igale m\\u00e4ngijale! V\\u00f5ta 100\\u20ac boonusraha!\",\"breadcrumb\":{\"@id\":\"https:\/\/gamblers-united.com\/ee\/unibet\/#breadcrumb\"},\"inLanguage\":\"et\",\"potentialAction\":[{\"@type\":\"ReadAction\",\"target\":[\"https:\/\/gamblers-united.com\/ee\/unibet\/\"]}]},{\"@type\":\"BreadcrumbList\",\"@id\":\"https:\/\/gamblers-united.com\/ee\/unibet\/#breadcrumb\",\"itemListElement\":[{\"@type\":\"ListItem\",\"position\":1,\"item\":{\"@type\":\"WebPage\",\"@id\":\"https:\/\/gamblers-united.com\/ee\/\",\"url\":\"https:\/\/gamblers-united.com\/ee\/\",\"name\":\"Kasiinod\"}},{\"@type\":\"ListItem\",\"position\":2,\"item\":{\"@type\":\"WebPage\",\"@id\":\"https:\/\/gamblers-united.com\/ee\/shop\/\",\"url\":\"https:\/\/gamblers-united.com\/ee\/shop\/\",\"name\":\"Tooted\"}},{\"@type\":\"ListItem\",\"position\":3,\"item\":{\"@type\":\"WebPage\",\"@id\":\"https:\/\/gamblers-united.com\/ee\/unibet\/\",\"url\":\"https:\/\/gamblers-united.com\/ee\/unibet\/\",\"name\":\"Unibet\"}}]}]}<\/script>\n<!-- \/ Yoast SEO plugin. -->","_links":{"self":[{"href":"https:\/\/gamblers-united.com\/ee\/wp-json\/wp\/v2\/product\/954"}],"collection":[{"href":"https:\/\/gamblers-united.com\/ee\/wp-json\/wp\/v2\/product"}],"about":[{"href":"https:\/\/gamblers-united.com\/ee\/wp-json\/wp\/v2\/types\/product"}],"replies":[{"embeddable":true,"href":"https:\/\/gamblers-united.com\/ee\/wp-json\/wp\/v2\/comments?post=954"}],"wp:featuredmedia":[{"embeddable":true,"href":"https:\/\/gamblers-united.com\/ee\/wp-json\/wp\/v2\/media\/1663"}],"wp:attachment":[{"href":"https:\/\/gamblers-united.com\/ee\/wp-json\/wp\/v2\/media?parent=954"}],"curies":[{"name":"wp","href":"https:\/\/api.w.org\/{rel}","templated":true}]}}